{"id":11136,"date":"2026-04-13T23:57:11","date_gmt":"2026-04-13T22:57:11","guid":{"rendered":"https:\/\/vitashop.info\/hu\/produkt\/slim-formula-90-tabletta-karcsusitast-tamogato-formula\/"},"modified":"2026-04-13T23:59:07","modified_gmt":"2026-04-13T22:59:07","slug":"slim-formula-90-tabletta-karcsusitast-tamogato-formula","status":"publish","type":"product","link":"https:\/\/vitashop.info\/hu\/termek\/slim-formula-90-tabletta-karcsusitast-tamogato-formula\/","title":{"rendered":"Slim Formula 90 tabletta &#8211; Karcs\u00fas\u00edt\u00e1st t\u00e1mogat\u00f3 formula"},"content":{"rendered":"<p>Adagol\u00e1s: 3\u00d71 tabletta naponta \u00e9tkez\u00e9s el\u0151tt f\u00e9l \u00f3r\u00e1val, b\u0151 folyad\u00e9kkal<\/p>\n<p>&nbsp;<\/p>\n<p>Le\u00edr\u00e1s:<\/p>\n<p class=\"Norml1\"><span style=\"font-size: 12pt\">A <strong>Slim Formula<\/strong> komplex, fogy&aacute;st t&aacute;mogat&oacute; k&eacute;sz&iacute;tm&eacute;ny, mely seg&iacute;t fokozni az anyagcser&eacute;t &eacute;s kontroll&aacute;lni az energiabevitelt. Az antioxid&aacute;nstartalm&uacute; z&ouml;ld tea &eacute;s gy&ouml;mb&eacute;r k&iacute;m&eacute;letesen &eacute;l&eacute;nk&iacute;ti az anyagcser&eacute;t &eacute;s a gondolkod&aacute;st, cs&ouml;kkenti a f&aacute;radts&aacute;got, ami sokszor jellemz\u0151je a di&eacute;t&aacute;nak. Az L-karnitin seg&iacute;thet mozg&aacute;s k&ouml;zben a zs&iacute;r&eacute;get&eacute;s fokoz&aacute;s&aacute;ban, a kr&oacute;m cs&ouml;kkenti az &eacute;dess&eacute;g ut&aacute;ni s&oacute;v&aacute;rg&aacute;st, m&iacute;g a nopal kaktusz rostjai tel&iacute;tetts&eacute;g&eacute;rzetet keltenek.<\/span><\/p>\n<p>&nbsp;<\/p>\n<p>Kinek aj\u00e1nljuk:<\/p>\n<ul>&#013;<\/p>\n<li><span style=\"font-size: 12pt\">Fogy&oacute;k&uacute;r&aacute;z&oacute;knak a&nbsp;karcs&uacute;s&iacute;t&oacute;&nbsp;&eacute;trend kieg&eacute;sz&iacute;t&eacute;s&eacute;hez.<\/span><\/li>\n<p>&#013;<\/p>\n<li><span style=\"font-size: 12pt\">&Eacute;letm&oacute;dv&aacute;lt&oacute;knak a v&aacute;ltoz&aacute;s megk&ouml;nny&iacute;t&eacute;s&eacute;re.<\/span><\/li>\n<p>&#013;\n<\/ul>\n<p>&nbsp;<\/p>\n<p>Hozz\u00e1val\u00f3k:<\/p>\n<p>Garcinia Cambogia 100 mg<\/p>\n<p>Nopal kaktusz 100 mg<\/p>\n<p>Gy\u00f6mb\u00e9r 50 mg<\/p>\n<p>Z\u00f6ld tea 50 mg<\/p>\n<p>\u00c9desk\u00f6m\u00e9ny 40 mg<\/p>\n<p>L-karnitin 40 mg<\/p>\n<p>Kurkuma 25 mg<\/p>\n<p>Lecitin* 25 mg<\/p>\n<p>Kr\u00f3m* 50 mcg<\/p>\n<p>&nbsp;<\/p>\n<p>Mi\u00e9rt \u00e9rdemes a calivita term\u00e9keit v\u00e1lasztanod?<\/p>\n<ul>\n<li>A Calivita 30 \u00e9ve k\u00edn\u00e1l a\u00a0legmagasabb min\u0151s\u00e9gi el\u0151\u00edr\u00e1soknak\u00a0is megfelel\u0151 term\u00e9keket.<\/li>\n<li>Mindig t\u00f6reksz\u00fcnk a\u00a0legjobb forr\u00e1sb\u00f3l sz\u00e1rmaz\u00f3 term\u00e9szetes alapanyagok\u00a0\u00e9s a\u00a0jobb felsz\u00edv\u00f3d\u00e1s\u00fa, pl. szerves form\u00e1k felhaszn\u00e1l\u00e1s\u00e1ra.<\/li>\n<li>\u00c9trend-kieg\u00e9sz\u00edt\u0151ink t\u00falnyom\u00f3 t\u00f6bbs\u00e9ge az USA-ban,\u00a0gy\u00f3gyszergy\u00e1ri k\u00f6r\u00fclm\u00e9nyek k\u00f6z\u00f6tt\u00a0k\u00e9sz\u00fcl.<\/li>\n<li>A gy\u00e1rt\u00e1s a cGMP szigor\u00fa min\u0151s\u00e9gellen\u0151rz\u00e9si elveinek megfelel\u0151en,\u00a0az FDA folyamatos ellen\u0151rz\u00e9se mellett t\u00f6rt\u00e9nik, mindemellett term\u00e9keink t\u00f6bbsz\u00f6r\u00f6s bevizsg\u00e1l\u00e1si folyamaton\u00a0esnek \u00e1t.<\/li>\n<li>Valamennyi\u00a0Magyarorsz\u00e1gon forgalmazott\u00a0\u00e9trend-kieg\u00e9sz\u00edt\u0151nk \u00e9rv\u00e9nyes OGY\u00c9I\u00a0notifik\u00e1ci\u00f3val rendelkezik.<\/li>\n<\/ul>\n","protected":false},"excerpt":{"rendered":"<p>Quantity in stock: 100 <\/p>\n","protected":false},"featured_media":12168,"comment_status":"closed","ping_status":"open","template":"","meta":[],"product_brand":[],"product_cat":[425],"product_tag":[],"class_list":{"0":"post-11136","1":"product","2":"type-product","3":"status-publish","4":"has-post-thumbnail","6":"product_cat-termeszetes-kiegeszitok","8":"first","9":"instock","10":"product-type-external"},"_links":{"self":[{"href":"https:\/\/vitashop.info\/hu\/wp-json\/wp\/v2\/product\/11136","targetHints":{"allow":["GET"]}}],"collection":[{"href":"https:\/\/vitashop.info\/hu\/wp-json\/wp\/v2\/product"}],"about":[{"href":"https:\/\/vitashop.info\/hu\/wp-json\/wp\/v2\/types\/product"}],"replies":[{"embeddable":true,"href":"https:\/\/vitashop.info\/hu\/wp-json\/wp\/v2\/comments?post=11136"}],"wp:featuredmedia":[{"embeddable":true,"href":"https:\/\/vitashop.info\/hu\/wp-json\/wp\/v2\/media\/12168"}],"wp:attachment":[{"href":"https:\/\/vitashop.info\/hu\/wp-json\/wp\/v2\/media?parent=11136"}],"wp:term":[{"taxonomy":"product_brand","embeddable":true,"href":"https:\/\/vitashop.info\/hu\/wp-json\/wp\/v2\/product_brand?post=11136"},{"taxonomy":"product_cat","embeddable":true,"href":"https:\/\/vitashop.info\/hu\/wp-json\/wp\/v2\/product_cat?post=11136"},{"taxonomy":"product_tag","embeddable":true,"href":"https:\/\/vitashop.info\/hu\/wp-json\/wp\/v2\/product_tag?post=11136"}],"curies":[{"name":"wp","href":"https:\/\/api.w.org\/{rel}","templated":true}]}}