{"id":11134,"date":"2026-04-13T23:57:11","date_gmt":"2026-04-13T22:57:11","guid":{"rendered":"https:\/\/vitashop.info\/hu\/produkt\/silk-shine-250-ml-sampon-aloe-veraval\/"},"modified":"2026-04-13T23:59:10","modified_gmt":"2026-04-13T22:59:10","slug":"silk-shine-250-ml-sampon-aloe-veraval","status":"publish","type":"product","link":"https:\/\/vitashop.info\/hu\/termek\/silk-shine-250-ml-sampon-aloe-veraval\/","title":{"rendered":"silk &amp; shine 250 ml &#8211; Sampon Aloe ver\u00e1val"},"content":{"rendered":"\n<p>&nbsp;<\/p>\n<p>Le\u00edr\u00e1s:<\/p>\n<p style=\"text-align: center\">A&nbsp;<strong>Silk &amp; Shine Shampoo<\/strong>&nbsp;mindennapos haszn&aacute;latra kifejlesztett gyeng&eacute;d sampon. Alaposan tiszt&iacute;t, er\u0151s&iacute;ti a haj szerkezet&eacute;t, v&eacute;delmet ny&uacute;jt a hajsz&aacute;r&iacute;t&aacute;s k&aacute;ros hat&aacute;sai ellen. K&iacute;m&eacute;letes &ouml;sszet&eacute;tel&eacute;n&eacute;l fogva nem cs&iacute;p, nem irrit&aacute;lja a szemet. V&eacute;di a haj &eacute;s a fejb\u0151r eg&eacute;szs&eacute;g&eacute;t. Az Aloe vera helyre&aacute;ll&iacute;tja a haj term&eacute;szetes nedvess&eacute;gtartalm&aacute;t &eacute;s f&eacute;nyess&eacute;, d&uacute;ss&aacute; teszi a hajat. A B<sub>5<\/sub>-provitamin rugalmass&aacute;got, f&eacute;nyt &eacute;s hosszan tart&oacute; nedvess&eacute;gmegtart&oacute; hat&aacute;st k&ouml;lcs&ouml;n&ouml;z a hajnak. Cs&ouml;kkenti a hajv&eacute;gek t&ouml;redez&eacute;s&eacute;t &eacute;s helyre&aacute;ll&iacute;tja a haj s&eacute;r&uuml;l&eacute;seit, valamint megv&eacute;di a hajat a kisz&aacute;rad&aacute;st&oacute;l.<\/p>\n<p>&#013;<\/p>\n<p><strong>&nbsp;<\/strong><\/p>\n<p>&nbsp;<\/p>\n<p>Kinek aj\u00e1nljuk:<\/p>\n<ul>&#013;<\/p>\n<li>Mindenkinek, minden hajt&iacute;pusra, ak&aacute;r mindennapi haszn&aacute;latra is.<\/li>\n<p>&#013;<\/p>\n<li>Gyerekeknek is, mivel nem cs&iacute;pi a szemet.<\/li>\n<p>&#013;<\/p>\n<li>Gyullad&aacute;scs&ouml;kkent\u0151 hat&oacute;anyagainak k&ouml;sz&ouml;nhet\u0151en kifejezetten hasznos sz&aacute;raz fejb\u0151rre.<\/li>\n<p>&#013;\n<\/ul>\n<p>&nbsp;<\/p>\n<p>Hozz\u00e1val\u00f3k:<\/p>\n<p>B5 provitamin  <\/p>\n<p>Aloe vera  <\/p>\n","protected":false},"excerpt":{"rendered":"<p>Quantity in stock: 36 <\/p>\n","protected":false},"featured_media":12211,"comment_status":"closed","ping_status":"open","template":"","meta":[],"product_brand":[],"product_cat":[428],"product_tag":[],"class_list":{"0":"post-11134","1":"product","2":"type-product","3":"status-publish","4":"has-post-thumbnail","6":"product_cat-kozmetikumok","8":"first","9":"instock","10":"product-type-external"},"_links":{"self":[{"href":"https:\/\/vitashop.info\/hu\/wp-json\/wp\/v2\/product\/11134","targetHints":{"allow":["GET"]}}],"collection":[{"href":"https:\/\/vitashop.info\/hu\/wp-json\/wp\/v2\/product"}],"about":[{"href":"https:\/\/vitashop.info\/hu\/wp-json\/wp\/v2\/types\/product"}],"replies":[{"embeddable":true,"href":"https:\/\/vitashop.info\/hu\/wp-json\/wp\/v2\/comments?post=11134"}],"wp:featuredmedia":[{"embeddable":true,"href":"https:\/\/vitashop.info\/hu\/wp-json\/wp\/v2\/media\/12211"}],"wp:attachment":[{"href":"https:\/\/vitashop.info\/hu\/wp-json\/wp\/v2\/media?parent=11134"}],"wp:term":[{"taxonomy":"product_brand","embeddable":true,"href":"https:\/\/vitashop.info\/hu\/wp-json\/wp\/v2\/product_brand?post=11134"},{"taxonomy":"product_cat","embeddable":true,"href":"https:\/\/vitashop.info\/hu\/wp-json\/wp\/v2\/product_cat?post=11134"},{"taxonomy":"product_tag","embeddable":true,"href":"https:\/\/vitashop.info\/hu\/wp-json\/wp\/v2\/product_tag?post=11134"}],"curies":[{"name":"wp","href":"https:\/\/api.w.org\/{rel}","templated":true}]}}