{"id":11130,"date":"2026-04-13T23:57:11","date_gmt":"2026-04-13T22:57:11","guid":{"rendered":"https:\/\/vitashop.info\/hu\/produkt\/shake-one-pure-500-gramm-idealis-testsulyt-tamogato-vegan-feherje-italpor\/"},"modified":"2026-04-13T23:59:10","modified_gmt":"2026-04-13T22:59:10","slug":"shake-one-pure-500-gramm-idealis-testsulyt-tamogato-vegan-feherje-italpor","status":"publish","type":"product","link":"https:\/\/vitashop.info\/hu\/termek\/shake-one-pure-500-gramm-idealis-testsulyt-tamogato-vegan-feherje-italpor\/","title":{"rendered":"shake one pure 500 gramm &#8211; ide\u00e1lis tests\u00falyt t\u00e1mogat\u00f3 veg\u00e1n feh\u00e9rje italpor"},"content":{"rendered":"<p>Adagol\u00e1s: egy adag 1 m\u00e9r\u0151kan\u00e1l (30 g)<\/p>\n<p>&nbsp;<\/p>\n<p>Le\u00edr\u00e1s:<\/p>\n<p>M&aacute;ln&aacute;s feh&eacute;rcsoki &iacute;zben kaphat&oacute; feh&eacute;rjepor, amely n&ouml;v&eacute;nyi tejhelyettes&iacute;t\u0151 itallal \/v&iacute;zzel egyszer\u0171en elk&eacute;sz&iacute;tve j&oacute;l illeszthet\u0151 a di&eacute;t&aacute;s &eacute;trendbe<strong>. <\/strong>Az &iacute;zletes feh&eacute;rjepor nem tartalmaz tejsav&oacute;t, teljesm&eacute;rt&eacute;kben n&ouml;v&eacute;nyi alap&uacute;. A term&eacute;k Palatinose&trade; sz&eacute;nhidr&aacute;ttal k&eacute;sz&uuml;lt, mely nem okoz hirtelen v&eacute;rcukoremelked&eacute;st. A feh&eacute;rjepor vitamin-, &aacute;sv&aacute;nyi anyag, rost-, &eacute;s em&eacute;szt\u0151enzim tartalma mind az eg&eacute;szs&eacute;ges testzs&iacute;r cs&ouml;kkent&eacute;st t&aacute;mogatja.<\/p>\n<p>&#013;<\/p>\n<p>A shake one pure veg&aacute;n term&eacute;k, nem tartalmaz &aacute;llati eredet\u0171 &ouml;sszetev\u0151ket, mesters&eacute;ges sz&iacute;nez&eacute;ket, tart&oacute;s&iacute;t&oacute;szert, sz&oacute;j&aacute;t, lakt&oacute;zt, glut&eacute;nt, tejfeh&eacute;rj&eacute;t. &Eacute;des&iacute;t\u0151szerrel k&eacute;sz&uuml;lt.<\/p>\n<p>&nbsp;<\/p>\n<p>Kinek aj\u00e1nljuk:<\/p>\n<ul>&#013;<\/p>\n<li>Testzs&iacute;r cs&ouml;kkent\u0151 &eacute;trendet tart&oacute;knak az &eacute;tkez&eacute;s helyettes&iacute;t&eacute;s&eacute;re.<\/li>\n<p>&#013;<\/p>\n<li>Edz&eacute;s ut&aacute;n az izmok regener&aacute;l&oacute;d&aacute;s&aacute;ra.<\/li>\n<p>&#013;<\/p>\n<li>Akik eg&eacute;szs&eacute;ges m&oacute;don szeretn&eacute;k &eacute;dess&eacute;g ir&aacute;nti v&aacute;gyukat kiel&eacute;g&iacute;teni.<\/li>\n<p>&#013;<\/p>\n<li>Akik tartanak a tejsav&oacute; hat&aacute;sait&oacute;l, &eacute;rz&eacute;kenyek r&aacute;.<\/li>\n<p>&#013;<\/p>\n<li>Di&eacute;t&aacute;k sor&aacute;n az izomt&ouml;meg meg\u0151rz&eacute;s&eacute;re, az izomveszt&eacute;s cs&ouml;kkent&eacute;s&eacute;re.<\/li>\n<p>&#013;<\/p>\n<li>Veget&aacute;ri&aacute;nusok sz&aacute;m&aacute;ra az alapvet\u0151 feh&eacute;rjesz&uuml;ks&eacute;glet kieg&eacute;sz&iacute;t&eacute;s&eacute;re.<\/li>\n<p>&#013;<\/p>\n<li>Id\u0151hi&aacute;ny eset&eacute;n b&aacute;rkinek egy-egy &eacute;tkez&eacute;s p&oacute;tl&aacute;s&aacute;ra, az &eacute;hs&eacute;g&eacute;rzet cs&ouml;kkent&eacute;s&eacute;re.<\/li>\n<p>&#013;\n<\/ul>\n<p>&nbsp;<\/p>\n<p>Hozz\u00e1val\u00f3k:<\/p>\n<p>Bors\u00f3feh\u00e9rje-izol\u00e1tum 10.5 g<\/p>\n<p>Rizsfeh\u00e9rje-izol\u00e1tum 10.5 g<\/p>\n<p>Kalcium 200 mg<\/p>\n<p>Inulin 200 mg<\/p>\n<p>Acai bogy\u00f3 kivonat 100 mg<\/p>\n<p>C-vitamin 30 mg<\/p>\n<p>E-vitamin 10 mg<\/p>\n<p>B3-vitamin 10 mg<\/p>\n<p>B6-vitamin 1 mg<\/p>\n<p>B2-vitamin 0.8 mg<\/p>\n<p>B1-vitamin 0.6 mg<\/p>\n<p>Biotin 150 mcg<\/p>\n<p>Folsav 150 mcg<\/p>\n<p>D3-vitamin 200 IU<\/p>\n<p>B12-vitamin 2 mcg<\/p>\n<p>Cink 10 mg<\/p>\n<p>Kr\u00f3m 200 mcg<\/p>\n<p>Szel\u00e9n 40 mcg<\/p>\n<p>Palatinose (Izomaltul\u00f3z) 4.2 g<\/p>\n<p>Maltodextrin 2.3 g<\/p>\n<p>Bromelain 60 mcg<\/p>\n<p>Papain 60 mcg<\/p>\n<p>&nbsp;<\/p>\n<p>Mi\u00e9rt \u00e9rdemes a calivita term\u00e9keit v\u00e1lasztanod?<\/p>\n<ul>\n<li>A Calivita 30 \u00e9ve k\u00edn\u00e1l a\u00a0legmagasabb min\u0151s\u00e9gi el\u0151\u00edr\u00e1soknak\u00a0is megfelel\u0151 term\u00e9keket.<\/li>\n<li>Mindig t\u00f6reksz\u00fcnk a\u00a0legjobb forr\u00e1sb\u00f3l sz\u00e1rmaz\u00f3 term\u00e9szetes alapanyagok\u00a0\u00e9s a\u00a0jobb felsz\u00edv\u00f3d\u00e1s\u00fa, pl. szerves form\u00e1k felhaszn\u00e1l\u00e1s\u00e1ra.<\/li>\n<li>\u00c9trend-kieg\u00e9sz\u00edt\u0151ink t\u00falnyom\u00f3 t\u00f6bbs\u00e9ge az USA-ban,\u00a0gy\u00f3gyszergy\u00e1ri k\u00f6r\u00fclm\u00e9nyek k\u00f6z\u00f6tt\u00a0k\u00e9sz\u00fcl.<\/li>\n<li>A gy\u00e1rt\u00e1s a cGMP szigor\u00fa min\u0151s\u00e9gellen\u0151rz\u00e9si elveinek megfelel\u0151en,\u00a0az FDA folyamatos ellen\u0151rz\u00e9se mellett t\u00f6rt\u00e9nik, mindemellett term\u00e9keink t\u00f6bbsz\u00f6r\u00f6s bevizsg\u00e1l\u00e1si folyamaton\u00a0esnek \u00e1t.<\/li>\n<li>Valamennyi\u00a0Magyarorsz\u00e1gon forgalmazott\u00a0\u00e9trend-kieg\u00e9sz\u00edt\u0151nk \u00e9rv\u00e9nyes OGY\u00c9I\u00a0notifik\u00e1ci\u00f3val rendelkezik.<\/li>\n<\/ul>\n","protected":false},"excerpt":{"rendered":"<p>Quantity in stock: 21 <\/p>\n","protected":false},"featured_media":12831,"comment_status":"closed","ping_status":"open","template":"","meta":[],"product_brand":[],"product_cat":[425],"product_tag":[],"class_list":{"0":"post-11130","1":"product","2":"type-product","3":"status-publish","4":"has-post-thumbnail","6":"product_cat-termeszetes-kiegeszitok","8":"first","9":"instock","10":"product-type-external"},"_links":{"self":[{"href":"https:\/\/vitashop.info\/hu\/wp-json\/wp\/v2\/product\/11130","targetHints":{"allow":["GET"]}}],"collection":[{"href":"https:\/\/vitashop.info\/hu\/wp-json\/wp\/v2\/product"}],"about":[{"href":"https:\/\/vitashop.info\/hu\/wp-json\/wp\/v2\/types\/product"}],"replies":[{"embeddable":true,"href":"https:\/\/vitashop.info\/hu\/wp-json\/wp\/v2\/comments?post=11130"}],"wp:featuredmedia":[{"embeddable":true,"href":"https:\/\/vitashop.info\/hu\/wp-json\/wp\/v2\/media\/12831"}],"wp:attachment":[{"href":"https:\/\/vitashop.info\/hu\/wp-json\/wp\/v2\/media?parent=11130"}],"wp:term":[{"taxonomy":"product_brand","embeddable":true,"href":"https:\/\/vitashop.info\/hu\/wp-json\/wp\/v2\/product_brand?post=11130"},{"taxonomy":"product_cat","embeddable":true,"href":"https:\/\/vitashop.info\/hu\/wp-json\/wp\/v2\/product_cat?post=11130"},{"taxonomy":"product_tag","embeddable":true,"href":"https:\/\/vitashop.info\/hu\/wp-json\/wp\/v2\/product_tag?post=11130"}],"curies":[{"name":"wp","href":"https:\/\/api.w.org\/{rel}","templated":true}]}}