{"id":11095,"date":"2026-04-13T23:57:09","date_gmt":"2026-04-13T22:57:09","guid":{"rendered":"https:\/\/vitashop.info\/hu\/produkt\/organicare-shampoo-200-ml-bio-sampon\/"},"modified":"2026-04-13T23:59:09","modified_gmt":"2026-04-13T22:59:09","slug":"organicare-shampoo-200-ml-bio-sampon","status":"publish","type":"product","link":"https:\/\/vitashop.info\/hu\/termek\/organicare-shampoo-200-ml-bio-sampon\/","title":{"rendered":"OrganiCare Shampoo 200 ml &#8211; Bio sampon"},"content":{"rendered":"\n<p>&nbsp;<\/p>\n<p>Le\u00edr\u00e1s:<\/p>\n<p style=\"text-align: left\"><strong>Az <\/strong><strong>OrganiCare Shampoo <\/strong>sampon gyeng&eacute;den tiszt&iacute;tja &eacute;s v&eacute;di a fejb\u0151rt &eacute;s a hajat mindazokt&oacute;l a szennyez\u0151d&eacute;sekt\u0151l, melyeket a napi stressz &eacute;s a minket &eacute;r\u0151 k&uuml;ls\u0151 k&aacute;ros hat&aacute;sok okoznak. Minden t&iacute;pus&uacute; hajra alkalmazhat&oacute;, ak&aacute;r mindennapos haszn&aacute;latra is.<\/p>\n<p>&nbsp;<\/p>\n<p>Kinek aj\u00e1nljuk:<br \/>\n<strong>OrganiCare kozmetikumaink<\/strong> bio farmokon termesztett gy&oacute;gyn&ouml;v&eacute;nyek &eacute;rt&eacute;kes hat&oacute;anyagaib&oacute;l k&eacute;sz&uuml;lnek. A k&eacute;zi sz&uuml;retel&eacute;st k&ouml;vet\u0151, gondos odafigyel&eacute;ssel &eacute;s ellen\u0151rz&eacute;ssel j&aacute;r&oacute; tradicion&aacute;lis gy&aacute;rt&aacute;si m&oacute;dszer&uuml;nk sor&aacute;n nem haszn&aacute;lunk semmilyen k&eacute;miai seg&eacute;danyagot, ez&eacute;rt az &eacute;rt&eacute;kes &ouml;sszetev\u0151k hat&aacute;s&aacute;t teljes m&eacute;rt&eacute;kben meg tudjuk \u0151rizni, &iacute;gy kapunk rendk&iacute;v&uuml;l magas min\u0151s&eacute;g\u0171, tisztas&aacute;g&uacute; &eacute;s hat&eacute;konys&aacute;g&uacute; term&eacute;keket. A <strong>term&eacute;szetes, allerg&eacute;nekt\u0151l mentes &ouml;sszetev\u0151k<\/strong> gyeng&eacute;d &aacute;pol&aacute;s&aacute;nak k&ouml;sz&ouml;nhet\u0151en k&eacute;sz&iacute;tm&eacute;nyeinket az eg&eacute;sz csal&aacute;d haszn&aacute;lhatja, &iacute;gy gyermekek, &eacute;rz&eacute;keny b\u0151r\u0171ek sz&aacute;m&aacute;ra is ide&aacute;lis v&aacute;laszt&aacute;s valamennyi term&eacute;k.<\/p>\n<p>&nbsp;<\/p>\n<p>Hozz\u00e1val\u00f3k:<\/p>\n<p>Aloe vera kivonat  <\/p>\n<p>Extra sz\u0171z ol\u00edvaolaj  <\/p>\n<p>B\u00fazacs\u00edra olaj  <\/p>\n<p>Moringa kivonat  <\/p>\n<p>Rozmaring kivonat  <\/p>\n","protected":false},"excerpt":{"rendered":"<p>Quantity in stock: 54 <\/p>\n","protected":false},"featured_media":11585,"comment_status":"closed","ping_status":"open","template":"","meta":[],"product_brand":[],"product_cat":[428],"product_tag":[],"class_list":{"0":"post-11095","1":"product","2":"type-product","3":"status-publish","4":"has-post-thumbnail","6":"product_cat-kozmetikumok","8":"first","9":"instock","10":"product-type-external"},"_links":{"self":[{"href":"https:\/\/vitashop.info\/hu\/wp-json\/wp\/v2\/product\/11095","targetHints":{"allow":["GET"]}}],"collection":[{"href":"https:\/\/vitashop.info\/hu\/wp-json\/wp\/v2\/product"}],"about":[{"href":"https:\/\/vitashop.info\/hu\/wp-json\/wp\/v2\/types\/product"}],"replies":[{"embeddable":true,"href":"https:\/\/vitashop.info\/hu\/wp-json\/wp\/v2\/comments?post=11095"}],"wp:featuredmedia":[{"embeddable":true,"href":"https:\/\/vitashop.info\/hu\/wp-json\/wp\/v2\/media\/11585"}],"wp:attachment":[{"href":"https:\/\/vitashop.info\/hu\/wp-json\/wp\/v2\/media?parent=11095"}],"wp:term":[{"taxonomy":"product_brand","embeddable":true,"href":"https:\/\/vitashop.info\/hu\/wp-json\/wp\/v2\/product_brand?post=11095"},{"taxonomy":"product_cat","embeddable":true,"href":"https:\/\/vitashop.info\/hu\/wp-json\/wp\/v2\/product_cat?post=11095"},{"taxonomy":"product_tag","embeddable":true,"href":"https:\/\/vitashop.info\/hu\/wp-json\/wp\/v2\/product_tag?post=11095"}],"curies":[{"name":"wp","href":"https:\/\/api.w.org\/{rel}","templated":true}]}}