{"id":11093,"date":"2026-04-13T23:57:09","date_gmt":"2026-04-13T22:57:09","guid":{"rendered":"https:\/\/vitashop.info\/hu\/produkt\/organicare-rescue-gel-60-ml-bio-elsosegely-balzsam\/"},"modified":"2026-04-13T23:59:09","modified_gmt":"2026-04-13T22:59:09","slug":"organicare-rescue-gel-60-ml-bio-elsosegely-balzsam","status":"publish","type":"product","link":"https:\/\/vitashop.info\/hu\/termek\/organicare-rescue-gel-60-ml-bio-elsosegely-balzsam\/","title":{"rendered":"OrganiCare Rescue Gel 60 ml &#8211; Bio els\u0151seg\u00e9ly balzsam"},"content":{"rendered":"\n<p>&nbsp;<\/p>\n<p>Le\u00edr\u00e1s:<\/p>\n<p><strong>OrganiCare kozmetikumaink<\/strong> bio farmokon termesztett gy&oacute;gyn&ouml;v&eacute;nyek &eacute;rt&eacute;kes hat&oacute;anyagaib&oacute;l k&eacute;sz&uuml;lnek. A k&eacute;zi sz&uuml;retel&eacute;st k&ouml;vet\u0151, gondos odafigyel&eacute;ssel &eacute;s ellen\u0151rz&eacute;ssel j&aacute;r&oacute; tradicion&aacute;lis gy&aacute;rt&aacute;si m&oacute;dszer&uuml;nk sor&aacute;n nem haszn&aacute;lunk semmilyen k&eacute;miai seg&eacute;danyagot, ez&eacute;rt az &eacute;rt&eacute;kes &ouml;sszetev\u0151k hat&aacute;s&aacute;t teljes m&eacute;rt&eacute;kben meg tudjuk \u0151rizni, &iacute;gy kapunk rendk&iacute;v&uuml;l magas min\u0151s&eacute;g\u0171, tisztas&aacute;g&uacute; &eacute;s hat&eacute;konys&aacute;g&uacute; term&eacute;keket. A <strong>term&eacute;szetes, allerg&eacute;nekt\u0151l mentes &ouml;sszetev\u0151k<\/strong> gyeng&eacute;d &aacute;pol&aacute;s&aacute;nak k&ouml;sz&ouml;nhet\u0151en k&eacute;sz&iacute;tm&eacute;nyeinket az eg&eacute;sz csal&aacute;d haszn&aacute;lhatja, &iacute;gy gyermekek, &eacute;rz&eacute;keny b\u0151r\u0171ek sz&aacute;m&aacute;ra is ide&aacute;lis v&aacute;laszt&aacute;s valamennyi term&eacute;k.<\/p>\n<p>&#013;<\/p>\n<p><strong>RESCUE GEL <\/strong>(60 ml)<br \/>Els\u0151seg&eacute;lybalzsamunkat &#8211; amely szint&eacute;n biomin\u0151s&iacute;t&eacute;s\u0171 &#8211; f&aacute;jdalom azonnali enyh&iacute;t&eacute;s&eacute;re, h\u0171s&iacute;t&eacute;sre &eacute;s nyugtat&aacute;sra fejlesztett&uuml;k ki. Kiv&aacute;l&oacute; gy&oacute;gyn&ouml;v&eacute;nyeit, mint p&eacute;ld&aacute;ul az aloe vera, a mentol, a k&aacute;mfor, a kamilla, a zs&aacute;lya vagy a rozmaring, praktikus, goly&oacute;s kiszerel&eacute;s\u0171 flakonba z&aacute;rtuk, hogy gyors seg&iacute;ts&eacute;get ny&uacute;jtson reum&aacute;s f&aacute;jdalmak, izomg&ouml;rcs&ouml;k &eacute;s -h&uacute;z&oacute;d&aacute;sok, nap&eacute;g&eacute;s, rovarok okozta cs&iacute;p&eacute;s vagy bedugult l&eacute;gutak eset&eacute;n. Haszn&aacute;lata sportol&aacute;s ut&aacute;n, kir&aacute;ndul&aacute;skor, nyaral&aacute;skor egyar&aacute;nt ide&aacute;lis.<\/p>\n<p>&nbsp;<\/p>\n<p>&nbsp;<\/p>\n","protected":false},"excerpt":{"rendered":"<p>Quantity in stock: 218 <\/p>\n","protected":false},"featured_media":12202,"comment_status":"closed","ping_status":"open","template":"","meta":[],"product_brand":[],"product_cat":[428],"product_tag":[],"class_list":{"0":"post-11093","1":"product","2":"type-product","3":"status-publish","4":"has-post-thumbnail","6":"product_cat-kozmetikumok","8":"first","9":"instock","10":"product-type-external"},"_links":{"self":[{"href":"https:\/\/vitashop.info\/hu\/wp-json\/wp\/v2\/product\/11093","targetHints":{"allow":["GET"]}}],"collection":[{"href":"https:\/\/vitashop.info\/hu\/wp-json\/wp\/v2\/product"}],"about":[{"href":"https:\/\/vitashop.info\/hu\/wp-json\/wp\/v2\/types\/product"}],"replies":[{"embeddable":true,"href":"https:\/\/vitashop.info\/hu\/wp-json\/wp\/v2\/comments?post=11093"}],"wp:featuredmedia":[{"embeddable":true,"href":"https:\/\/vitashop.info\/hu\/wp-json\/wp\/v2\/media\/12202"}],"wp:attachment":[{"href":"https:\/\/vitashop.info\/hu\/wp-json\/wp\/v2\/media?parent=11093"}],"wp:term":[{"taxonomy":"product_brand","embeddable":true,"href":"https:\/\/vitashop.info\/hu\/wp-json\/wp\/v2\/product_brand?post=11093"},{"taxonomy":"product_cat","embeddable":true,"href":"https:\/\/vitashop.info\/hu\/wp-json\/wp\/v2\/product_cat?post=11093"},{"taxonomy":"product_tag","embeddable":true,"href":"https:\/\/vitashop.info\/hu\/wp-json\/wp\/v2\/product_tag?post=11093"}],"curies":[{"name":"wp","href":"https:\/\/api.w.org\/{rel}","templated":true}]}}