{"id":11091,"date":"2026-04-13T23:57:09","date_gmt":"2026-04-13T22:57:09","guid":{"rendered":"https:\/\/vitashop.info\/hu\/produkt\/organicare-hair-conditioner-200-ml-bio-hajkondicionalo\/"},"modified":"2026-04-13T23:59:09","modified_gmt":"2026-04-13T22:59:09","slug":"organicare-hair-conditioner-200-ml-bio-hajkondicionalo","status":"publish","type":"product","link":"https:\/\/vitashop.info\/hu\/termek\/organicare-hair-conditioner-200-ml-bio-hajkondicionalo\/","title":{"rendered":"OrganiCare Hair Conditioner 200 ml &#8211; Bio hajkond\u00edcion\u00e1l\u00f3"},"content":{"rendered":"\n<p>&nbsp;<\/p>\n<p>Le\u00edr\u00e1s:<\/p>\n<p style=\"text-align: left\"><strong>Az <\/strong><strong>OrganiCare Hair Conditioner <\/strong>hajkond&iacute;cion&aacute;l&oacute; t&ouml;k&eacute;letes kieg&eacute;sz&iacute;t\u0151je samponunknak. Gyeng&eacute;den &aacute;polja, er\u0151s&iacute;ti &eacute;s v&eacute;di a hajat hajmos&aacute;s ut&aacute;n. &Eacute;rt&eacute;kes t&aacute;panyagai puh&aacute;v&aacute;, ragyog&oacute;v&aacute; &eacute;s k&ouml;nnyen kif&eacute;s&uuml;lhet\u0151v&eacute; var&aacute;zsolj&aacute;k azt.<\/p>\n<p>&nbsp;<\/p>\n<p>Kinek aj\u00e1nljuk:<br \/>\n<strong>OrganiCare kozmetikumaink<\/strong> bio farmokon termesztett gy&oacute;gyn&ouml;v&eacute;nyek &eacute;rt&eacute;kes hat&oacute;anyagaib&oacute;l k&eacute;sz&uuml;lnek. A k&eacute;zi sz&uuml;retel&eacute;st k&ouml;vet\u0151, gondos odafigyel&eacute;ssel &eacute;s ellen\u0151rz&eacute;ssel j&aacute;r&oacute; tradicion&aacute;lis gy&aacute;rt&aacute;si m&oacute;dszer&uuml;nk sor&aacute;n nem haszn&aacute;lunk semmilyen k&eacute;miai seg&eacute;danyagot, ez&eacute;rt az &eacute;rt&eacute;kes &ouml;sszetev\u0151k hat&aacute;s&aacute;t teljes m&eacute;rt&eacute;kben meg tudjuk \u0151rizni, &iacute;gy kapunk rendk&iacute;v&uuml;l magas min\u0151s&eacute;g\u0171, tisztas&aacute;g&uacute; &eacute;s hat&eacute;konys&aacute;g&uacute; term&eacute;keket. A <strong>term&eacute;szetes, allerg&eacute;nekt\u0151l mentes &ouml;sszetev\u0151k<\/strong> gyeng&eacute;d &aacute;pol&aacute;s&aacute;nak k&ouml;sz&ouml;nhet\u0151en k&eacute;sz&iacute;tm&eacute;nyeinket az eg&eacute;sz csal&aacute;d haszn&aacute;lhatja, &iacute;gy gyermekek, &eacute;rz&eacute;keny b\u0151r\u0171ek sz&aacute;m&aacute;ra is ide&aacute;lis v&aacute;laszt&aacute;s valamennyi term&eacute;k.<\/p>\n<p>&nbsp;<\/p>\n<p>Hozz\u00e1val\u00f3k:<\/p>\n<p>Extra sz\u0171z ol\u00edvaolaj  <\/p>\n<p>Shea vaj  <\/p>\n<p>Aloe vera-kivonat  <\/p>\n<p>B\u00fazacs\u00edraolaj  <\/p>\n<p>Levendulakivonat  <\/p>\n<p>Moringakivonat  <\/p>\n<p>Rozmaringkivonat  <\/p>\n","protected":false},"excerpt":{"rendered":"<p>Quantity in stock: 20 <\/p>\n","protected":false},"featured_media":11579,"comment_status":"closed","ping_status":"open","template":"","meta":[],"product_brand":[],"product_cat":[428],"product_tag":[],"class_list":{"0":"post-11091","1":"product","2":"type-product","3":"status-publish","4":"has-post-thumbnail","6":"product_cat-kozmetikumok","8":"first","9":"instock","10":"product-type-external"},"_links":{"self":[{"href":"https:\/\/vitashop.info\/hu\/wp-json\/wp\/v2\/product\/11091","targetHints":{"allow":["GET"]}}],"collection":[{"href":"https:\/\/vitashop.info\/hu\/wp-json\/wp\/v2\/product"}],"about":[{"href":"https:\/\/vitashop.info\/hu\/wp-json\/wp\/v2\/types\/product"}],"replies":[{"embeddable":true,"href":"https:\/\/vitashop.info\/hu\/wp-json\/wp\/v2\/comments?post=11091"}],"wp:featuredmedia":[{"embeddable":true,"href":"https:\/\/vitashop.info\/hu\/wp-json\/wp\/v2\/media\/11579"}],"wp:attachment":[{"href":"https:\/\/vitashop.info\/hu\/wp-json\/wp\/v2\/media?parent=11091"}],"wp:term":[{"taxonomy":"product_brand","embeddable":true,"href":"https:\/\/vitashop.info\/hu\/wp-json\/wp\/v2\/product_brand?post=11091"},{"taxonomy":"product_cat","embeddable":true,"href":"https:\/\/vitashop.info\/hu\/wp-json\/wp\/v2\/product_cat?post=11091"},{"taxonomy":"product_tag","embeddable":true,"href":"https:\/\/vitashop.info\/hu\/wp-json\/wp\/v2\/product_tag?post=11091"}],"curies":[{"name":"wp","href":"https:\/\/api.w.org\/{rel}","templated":true}]}}