{"id":11089,"date":"2026-04-13T23:57:09","date_gmt":"2026-04-13T22:57:09","guid":{"rendered":"https:\/\/vitashop.info\/hu\/produkt\/organicare-fresh-lemon-herbal-toothpaste-75-ml-bio-fogkrem\/"},"modified":"2026-04-13T23:59:10","modified_gmt":"2026-04-13T22:59:10","slug":"organicare-fresh-lemon-herbal-toothpaste-75-ml-bio-fogkrem","status":"publish","type":"product","link":"https:\/\/vitashop.info\/hu\/termek\/organicare-fresh-lemon-herbal-toothpaste-75-ml-bio-fogkrem\/","title":{"rendered":"OrganiCare Fresh Lemon Herbal Toothpaste 75 ml &#8211; Bio fogkr\u00e9m"},"content":{"rendered":"\n<p>&nbsp;<\/p>\n<p>Le\u00edr\u00e1s:<\/p>\n<p>Az ORGANICARE FRESH LEMON HERBAL TOOTHPASTE (75 ML) kakukkf&uuml;vet, zs&aacute;ly&aacute;t, rozmaringot, pitypangot &eacute;s izlandi zuzm&oacute;t tartalmaz. A gy&oacute;gyn&ouml;v&eacute;nyek alaposan, m&eacute;gis k&iacute;m&eacute;letesen t&aacute;vol&iacute;tj&aacute;k el a fogakr&oacute;l leped&eacute;ket, mik&ouml;zben &oacute;vj&aacute;k a fogzom&aacute;ncot. Gyullad&aacute;scs&ouml;kkent\u0151 &eacute;s f&aacute;jdalomcsillap&iacute;t&oacute; hat&aacute;s&uacute;ak, ez&aacute;ltal megnyugtatj&aacute;k az irrit&aacute;lt sz&aacute;jny&aacute;lkah&aacute;rty&aacute;t &eacute;s fog&iacute;nyt. A bio fogkr&eacute;m fluor-, nikkel-, mentol-, SLS-, parab&eacute;n-&eacute;s sz&iacute;nez&eacute;k mentes, tiszt&iacute;t&oacute; hat&aacute;s&aacute;t a bio gy&oacute;gyn&ouml;v&eacute;nyek erej&eacute;nek k&ouml;sz&ouml;nheti. Friss, term&eacute;szetes citromos &iacute;zben k&iacute;n&aacute;ljuk, mely a csal&aacute;d &ouml;sszes tagja sz&aacute;m&aacute;ra alkalmas a napi sz&aacute;j&aacute;pol&aacute;sra.<\/p>\n<p>&nbsp;<\/p>\n<p>Kinek aj\u00e1nljuk:<\/p>\n<ul style=\"list-style-type: disc\">&#013;<\/p>\n<li>A csal&aacute;d minden tagj&aacute;nak, bele&eacute;rtve a gyermekeket is.<\/li>\n<p>&#013;<\/p>\n<li>&Eacute;rz&eacute;keny sz&aacute;jny&aacute;lkah&aacute;rty&aacute;val, &iacute;nnyel &eacute;s gyenge zom&aacute;nccal rendelkez\u0151knek.<\/li>\n<p>&#013;<\/p>\n<li>Aki allergi&aacute;s a f&eacute;mekre.<\/li>\n<p>&#013;<\/p>\n<li>Homeop&aacute;ti&aacute;s kezel&eacute;sben r&eacute;szes&uuml;l\u0151knek.<\/li>\n<p>&#013;<\/p>\n<li>Aki biokozmetikumokat haszn&aacute;l, bioterm&eacute;keket fogyaszt.<\/li>\n<p>&#013;\n<\/ul>\n<p>&nbsp;<\/p>\n<p>Hozz\u00e1val\u00f3k:<\/p>\n<p>Izlandi zuzm\u00f3kivonat  <\/p>\n<p>Cink-citr\u00e1t  <\/p>\n<p>Orvosi zs\u00e1lya lev\u00e9l-kivonat  <\/p>\n<p>Rozmaringlev\u00e9l-kivonat  <\/p>\n<p>Gyermekl\u00e1ncf\u0171gy\u00f6k\u00e9r-kivonat  <\/p>\n<p>Kerti kakukkf\u0171 vir\u00e1g- \/ lev\u00e9l-kivonat  <\/p>\n","protected":false},"excerpt":{"rendered":"<p>Quantity in stock: 29 <\/p>\n","protected":false},"featured_media":12219,"comment_status":"closed","ping_status":"open","template":"","meta":[],"product_brand":[],"product_cat":[428],"product_tag":[],"class_list":{"0":"post-11089","1":"product","2":"type-product","3":"status-publish","4":"has-post-thumbnail","6":"product_cat-kozmetikumok","8":"first","9":"instock","10":"product-type-external"},"_links":{"self":[{"href":"https:\/\/vitashop.info\/hu\/wp-json\/wp\/v2\/product\/11089","targetHints":{"allow":["GET"]}}],"collection":[{"href":"https:\/\/vitashop.info\/hu\/wp-json\/wp\/v2\/product"}],"about":[{"href":"https:\/\/vitashop.info\/hu\/wp-json\/wp\/v2\/types\/product"}],"replies":[{"embeddable":true,"href":"https:\/\/vitashop.info\/hu\/wp-json\/wp\/v2\/comments?post=11089"}],"wp:featuredmedia":[{"embeddable":true,"href":"https:\/\/vitashop.info\/hu\/wp-json\/wp\/v2\/media\/12219"}],"wp:attachment":[{"href":"https:\/\/vitashop.info\/hu\/wp-json\/wp\/v2\/media?parent=11089"}],"wp:term":[{"taxonomy":"product_brand","embeddable":true,"href":"https:\/\/vitashop.info\/hu\/wp-json\/wp\/v2\/product_brand?post=11089"},{"taxonomy":"product_cat","embeddable":true,"href":"https:\/\/vitashop.info\/hu\/wp-json\/wp\/v2\/product_cat?post=11089"},{"taxonomy":"product_tag","embeddable":true,"href":"https:\/\/vitashop.info\/hu\/wp-json\/wp\/v2\/product_tag?post=11089"}],"curies":[{"name":"wp","href":"https:\/\/api.w.org\/{rel}","templated":true}]}}