{"id":11043,"date":"2026-04-13T23:57:08","date_gmt":"2026-04-13T22:57:08","guid":{"rendered":"https:\/\/vitashop.info\/hu\/produkt\/liver-aid-100-kapszula-majvedo-keszitmeny\/"},"modified":"2026-04-13T23:59:05","modified_gmt":"2026-04-13T22:59:05","slug":"liver-aid-100-kapszula-majvedo-keszitmeny","status":"publish","type":"product","link":"https:\/\/vitashop.info\/hu\/termek\/liver-aid-100-kapszula-majvedo-keszitmeny\/","title":{"rendered":"Liver Aid 100 kapszula &#8211; M\u00e1jv\u00e9d\u0151 k\u00e9sz\u00edtm\u00e9ny"},"content":{"rendered":"<p>Adagol\u00e1s: 1-2 kapszula naponta<\/p>\n<p>&nbsp;<\/p>\n<p>Le\u00edr\u00e1s:<\/p>\n<p class=\"Norml1\"><span style=\"font-size: 12pt\">Test&uuml;nk egyik legakt&iacute;vabb szerve a m&aacute;j: lebontja a szervezetben l&eacute;v\u0151 k&aacute;ros anyagokat &eacute;s m&eacute;regtelen&iacute;t, &iacute;gy v&eacute;delme kiemelten fontos. A m&aacute;riat&ouml;vis a legn&eacute;pszer\u0171bb m&aacute;jt&aacute;mogat&oacute; gy&oacute;gyn&ouml;v&eacute;ny, melynek kivonata hat&eacute;konyan seg&iacute;theti a m&aacute;j saj&aacute;t m&eacute;regtelen&iacute;t&eacute;s&eacute;t, &iacute;gy regener&aacute;ci&oacute;j&aacute;t is. A k&eacute;ntartalm&uacute; aminosavak, mint p&eacute;ld&aacute;ul a metionin &eacute;s cisztein, fokozz&aacute;k a m&aacute;j &ouml;ngy&oacute;gy&iacute;t&oacute; k&eacute;pess&eacute;g&eacute;t. A kr&oacute;m a sz&eacute;nhidr&aacute;t-anyagcsere t&aacute;mogat&aacute;s&aacute;val tehermentes&iacute;ti a m&aacute;jat.<\/span><\/p>\n<p>&nbsp;<\/p>\n<p>Kinek aj\u00e1nljuk:<\/p>\n<ul>&#013;<\/p>\n<li><span style=\"font-size: 12pt\">Azoknak, akik m&aacute;jk&aacute;ros&iacute;t&oacute; hat&aacute;s&uacute; gy&oacute;gyszereket szednek.<\/span><\/li>\n<p>&#013;<\/p>\n<li><span style=\"font-size: 12pt\">Alkohol okozta m&aacute;jk&aacute;rosod&aacute;s kieg&eacute;sz&iacute;t\u0151 kezel&eacute;s&eacute;re.<\/span><\/li>\n<p>&#013;<\/p>\n<li><span style=\"font-size: 12pt\">V&iacute;rusos eredet\u0171 m&aacute;jk&aacute;rosod&aacute;s kieg&eacute;sz&iacute;t\u0151 kezel&eacute;s&eacute;re.<\/span><\/li>\n<p>&#013;<\/p>\n<li><span style=\"font-size: 12pt\">Azoknak, akik munk&aacute;juk sor&aacute;n olyan vegyi anyagokkal tal&aacute;lkoznak, amelyek a m&aacute;j m&eacute;regtelen&iacute;t\u0151 m\u0171k&ouml;d&eacute;s&eacute;t extr&eacute;m m&oacute;don terhelik.<\/span><\/li>\n<p>&#013;\n<\/ul>\n<p>&nbsp;<\/p>\n<p>Hozz\u00e1val\u00f3k:<\/p>\n<p>L-arginin 100 mg<\/p>\n<p>L-cisztein 100 mg<\/p>\n<p>L-ornitin 100 mg<\/p>\n<p>Metionin 100 mg<\/p>\n<p>Alfa-keto-glut\u00e1rsav 100 mg<\/p>\n<p>L-karnitin 50 mg<\/p>\n<p>Kolin 25 mg<\/p>\n<p>M\u00e1riat\u00f6vis kivonat 60 mg<\/p>\n<p>Alfa-liponsav 12.5 mg<\/p>\n<p>Kr\u00f3m 25 mcg<\/p>\n<p>Szel\u00e9n 10 mcg<\/p>\n<p>&nbsp;<\/p>\n<p>Mi\u00e9rt \u00e9rdemes a calivita term\u00e9keit v\u00e1lasztanod?<\/p>\n<ul>\n<li>A Calivita 30 \u00e9ve k\u00edn\u00e1l a\u00a0legmagasabb min\u0151s\u00e9gi el\u0151\u00edr\u00e1soknak\u00a0is megfelel\u0151 term\u00e9keket.<\/li>\n<li>Mindig t\u00f6reksz\u00fcnk a\u00a0legjobb forr\u00e1sb\u00f3l sz\u00e1rmaz\u00f3 term\u00e9szetes alapanyagok\u00a0\u00e9s a\u00a0jobb felsz\u00edv\u00f3d\u00e1s\u00fa, pl. szerves form\u00e1k felhaszn\u00e1l\u00e1s\u00e1ra.<\/li>\n<li>\u00c9trend-kieg\u00e9sz\u00edt\u0151ink t\u00falnyom\u00f3 t\u00f6bbs\u00e9ge az USA-ban,\u00a0gy\u00f3gyszergy\u00e1ri k\u00f6r\u00fclm\u00e9nyek k\u00f6z\u00f6tt\u00a0k\u00e9sz\u00fcl.<\/li>\n<li>A gy\u00e1rt\u00e1s a cGMP szigor\u00fa min\u0151s\u00e9gellen\u0151rz\u00e9si elveinek megfelel\u0151en,\u00a0az FDA folyamatos ellen\u0151rz\u00e9se mellett t\u00f6rt\u00e9nik, mindemellett term\u00e9keink t\u00f6bbsz\u00f6r\u00f6s bevizsg\u00e1l\u00e1si folyamaton\u00a0esnek \u00e1t.<\/li>\n<li>Valamennyi\u00a0Magyarorsz\u00e1gon forgalmazott\u00a0\u00e9trend-kieg\u00e9sz\u00edt\u0151nk \u00e9rv\u00e9nyes OGY\u00c9I\u00a0notifik\u00e1ci\u00f3val rendelkezik.<\/li>\n<\/ul>\n","protected":false},"excerpt":{"rendered":"<p>Quantity in stock: 320 <\/p>\n","protected":false},"featured_media":12140,"comment_status":"closed","ping_status":"open","template":"","meta":[],"product_brand":[],"product_cat":[425],"product_tag":[],"class_list":{"0":"post-11043","1":"product","2":"type-product","3":"status-publish","4":"has-post-thumbnail","6":"product_cat-termeszetes-kiegeszitok","8":"first","9":"instock","10":"product-type-external"},"_links":{"self":[{"href":"https:\/\/vitashop.info\/hu\/wp-json\/wp\/v2\/product\/11043","targetHints":{"allow":["GET"]}}],"collection":[{"href":"https:\/\/vitashop.info\/hu\/wp-json\/wp\/v2\/product"}],"about":[{"href":"https:\/\/vitashop.info\/hu\/wp-json\/wp\/v2\/types\/product"}],"replies":[{"embeddable":true,"href":"https:\/\/vitashop.info\/hu\/wp-json\/wp\/v2\/comments?post=11043"}],"wp:featuredmedia":[{"embeddable":true,"href":"https:\/\/vitashop.info\/hu\/wp-json\/wp\/v2\/media\/12140"}],"wp:attachment":[{"href":"https:\/\/vitashop.info\/hu\/wp-json\/wp\/v2\/media?parent=11043"}],"wp:term":[{"taxonomy":"product_brand","embeddable":true,"href":"https:\/\/vitashop.info\/hu\/wp-json\/wp\/v2\/product_brand?post=11043"},{"taxonomy":"product_cat","embeddable":true,"href":"https:\/\/vitashop.info\/hu\/wp-json\/wp\/v2\/product_cat?post=11043"},{"taxonomy":"product_tag","embeddable":true,"href":"https:\/\/vitashop.info\/hu\/wp-json\/wp\/v2\/product_tag?post=11043"}],"curies":[{"name":"wp","href":"https:\/\/api.w.org\/{rel}","templated":true}]}}