{"id":11031,"date":"2026-04-13T23:57:07","date_gmt":"2026-04-13T22:57:07","guid":{"rendered":"https:\/\/vitashop.info\/hu\/produkt\/lavender-organic-essential-oil-10-ml\/"},"modified":"2026-04-13T23:59:11","modified_gmt":"2026-04-13T22:59:11","slug":"lavender-organic-essential-oil-10-ml","status":"publish","type":"product","link":"https:\/\/vitashop.info\/hu\/termek\/lavender-organic-essential-oil-10-ml\/","title":{"rendered":"Lavender organic essential oil 10 ml &#8211;"},"content":{"rendered":"\n<p>&nbsp;<\/p>\n<p>Le\u00edr\u00e1s:<\/p>\n<p>A levendula az egyik legsokoldal&uacute;bban haszn&aacute;lt, finom illat&uacute; gy&oacute;gy-, f\u0171szer- &eacute;s d&iacute;szn&ouml;v&eacute;ny, melynek sz&aacute;mtalan felhaszn&aacute;l&aacute;si m&oacute;dja l&eacute;tezik. A friss n&ouml;v&eacute;nyb\u0151l kinyert, magas hat&oacute;anyag-tartalm&uacute; ill&oacute;olaj a test &eacute;s a l&eacute;lek sz&aacute;m&aacute;ra egyar&aacute;nt nyugtat&oacute; hat&aacute;ssal b&iacute;r. B\u0151rre kenve sebgy&oacute;gy&iacute;t&oacute;, fert\u0151tlen&iacute;t\u0151, gyullad&aacute;scs&ouml;kkent\u0151 tulajdons&aacute;ggal rendelkezik, emiatt a h&aacute;zipatika fontos r&eacute;sze lehet minden otthonban.<\/p>\n<p>&nbsp;<\/p>\n<p>Kinek aj\u00e1nljuk:<\/p>\n<p>Akik stresszes &eacute;letet &eacute;lnek, emiatt fesz&uuml;ltek, nehezen alszanak el.<\/p>\n<p>&#013;<\/p>\n<p>Azoknak, akik fejf&aacute;j&aacute;st&oacute;l, migr&eacute;nt\u0151l szenvednek.<\/p>\n<p>&#013;<\/p>\n<p>T&eacute;li, n&aacute;th&aacute;s id\u0151szakban a k&ouml;h&ouml;g&eacute;s csillap&iacute;t&aacute;s&aacute;ra, a l&eacute;g&uacute;ti megbeteged&eacute;sek megel\u0151z&eacute;s&eacute;re.<\/p>\n<p>&#013;<\/p>\n<p>Horzsol&aacute;sok, &eacute;g&eacute;si s&eacute;r&uuml;l&eacute;sek, b\u0151rs&eacute;r&uuml;l&eacute;sek, b\u0151rgomba, fek&eacute;ly eset&eacute;n.<\/p>\n<p>&#013;<\/p>\n<p>G&ouml;rcsold&oacute;, puffad&aacute;sg&aacute;tl&oacute; hat&aacute;s&aacute;nak k&ouml;sz&ouml;nhet\u0151en seg&iacute;ts&eacute;g lehet hasf&aacute;j&aacute;s vagy k&oacute;lika eset&eacute;n gyermekeknek &eacute;s feln\u0151tteknek egyar&aacute;nt.<\/p>\n<p>&nbsp;<\/p>\n","protected":false},"excerpt":{"rendered":"<p>Quantity in stock: 20 <\/p>\n","protected":false},"featured_media":12228,"comment_status":"closed","ping_status":"open","template":"","meta":[],"product_brand":[],"product_cat":[428],"product_tag":[],"class_list":{"0":"post-11031","1":"product","2":"type-product","3":"status-publish","4":"has-post-thumbnail","6":"product_cat-kozmetikumok","8":"first","9":"instock","10":"product-type-external"},"_links":{"self":[{"href":"https:\/\/vitashop.info\/hu\/wp-json\/wp\/v2\/product\/11031","targetHints":{"allow":["GET"]}}],"collection":[{"href":"https:\/\/vitashop.info\/hu\/wp-json\/wp\/v2\/product"}],"about":[{"href":"https:\/\/vitashop.info\/hu\/wp-json\/wp\/v2\/types\/product"}],"replies":[{"embeddable":true,"href":"https:\/\/vitashop.info\/hu\/wp-json\/wp\/v2\/comments?post=11031"}],"wp:featuredmedia":[{"embeddable":true,"href":"https:\/\/vitashop.info\/hu\/wp-json\/wp\/v2\/media\/12228"}],"wp:attachment":[{"href":"https:\/\/vitashop.info\/hu\/wp-json\/wp\/v2\/media?parent=11031"}],"wp:term":[{"taxonomy":"product_brand","embeddable":true,"href":"https:\/\/vitashop.info\/hu\/wp-json\/wp\/v2\/product_brand?post=11031"},{"taxonomy":"product_cat","embeddable":true,"href":"https:\/\/vitashop.info\/hu\/wp-json\/wp\/v2\/product_cat?post=11031"},{"taxonomy":"product_tag","embeddable":true,"href":"https:\/\/vitashop.info\/hu\/wp-json\/wp\/v2\/product_tag?post=11031"}],"curies":[{"name":"wp","href":"https:\/\/api.w.org\/{rel}","templated":true}]}}