{"id":11022,"date":"2026-04-13T23:57:07","date_gmt":"2026-04-13T22:57:07","guid":{"rendered":"https:\/\/vitashop.info\/hu\/produkt\/herbaid-300-ml\/"},"modified":"2026-04-13T23:59:12","modified_gmt":"2026-04-13T22:59:12","slug":"herbaid-300-ml","status":"publish","type":"product","link":"https:\/\/vitashop.info\/hu\/termek\/herbaid-300-ml\/","title":{"rendered":"HerbAid+ 300 ml &#8211;"},"content":{"rendered":"\n<p>&nbsp;<\/p>\n<p>Le\u00edr\u00e1s:<\/p>\n<p>A HerbAid+ term&eacute;szetes, nagy tisztas&aacute;g&uacute;, sv&aacute;jci gy&oacute;gyn&ouml;v&eacute;ny elix&iacute;r. 53 kiv&aacute;l&oacute; min\u0151s&eacute;g\u0171 gy&oacute;gyn&ouml;v&eacute;nyt tartalmaz, &eacute;s egy k&ouml;zel 1000 &eacute;ves recept t&ouml;rt&eacute;nete alapj&aacute;n a mai, modern technol&oacute;gi&aacute;kkal, az \u0151si gy&aacute;rt&aacute;si elj&aacute;r&aacute;s meg\u0151rz&eacute;se mellett, nagy gondoss&aacute;ggal k&eacute;sz&uuml;l.<\/p>\n<p>&#013;<\/p>\n<p>Az eredm&eacute;ny egy azonnal felsz&iacute;v&oacute;d&oacute;, kiv&eacute;telesen hat&eacute;kony gy&oacute;gyn&ouml;v&eacute;ny-esszencia, mely &eacute;rt&eacute;kes hat&oacute;anyagainak k&ouml;sz&ouml;nhet\u0151en szinte minden &eacute;lethelyzetben, a csal&aacute;d b&aacute;rmely tagj&aacute;nak k&eacute;pes seg&iacute;teni, legyen az horzsol&aacute;s, &eacute;g&eacute;s, gyullad&aacute;s, sports&eacute;r&uuml;l&eacute;s vagy b\u0151rirrit&aacute;ci&oacute;.<\/p>\n<p>&#013;<\/p>\n<p>Az &eacute;rintett ter&uuml;letet naponta 1-2-szer f&uacute;jja be.<\/p>\n<p>&nbsp;<\/p>\n<p>Kinek aj\u00e1nljuk:<\/p>\n<ul>&#013;<\/p>\n<li>A h&aacute;zipatika r&eacute;szek&eacute;nt az otthon el\u0151fordul&oacute; sebek, v&aacute;g&aacute;sok, konyhai balesetek, forr&aacute;z&aacute;sok kezel&eacute;s&eacute;re.<\/li>\n<p>&#013;<\/p>\n<li>Kir&aacute;ndul&aacute;s sor&aacute;n szerzett ficam, rovarcs&iacute;p&eacute;s, t&uuml;skesz&uacute;r&aacute;s eset&eacute;n.<\/li>\n<p>&#013;<\/p>\n<li>N\u0151knek sz&eacute;p&eacute;szeti b\u0151r&aacute;pol&aacute;sra, a r&aacute;ncok enyh&iacute;t&eacute;s&eacute;re, pattan&aacute;sok ellen.<\/li>\n<p>&#013;<\/p>\n<li>F&eacute;rfiaknak borotv&aacute;lkoz&aacute;s ut&aacute;n a b\u0151r nyugtat&aacute;s&aacute;ra, a test dezodor&aacute;l&aacute;s&aacute;ra, hajhull&aacute;s cs&ouml;kkent&eacute;s&eacute;re.<\/li>\n<p>&#013;<\/p>\n<li>Id\u0151seknek izomf&aacute;jdalmakra, l&aacute;bdagad&aacute;sra, vissz&eacute;rre.<\/li>\n<p>&#013;<\/p>\n<li>Az eg&eacute;sz csal&aacute;dnak makacs b\u0151rgyullad&aacute;sok, b\u0151rprobl&eacute;m&aacute;k (ekc&eacute;ma, rosacea), fek&eacute;lyek eset&eacute;n.<\/li>\n<p>&#013;\n<\/ul>\n<p>&nbsp;<\/p>\n<p>Hozz\u00e1val\u00f3k:<\/p>\n<p>Alkohol 38%  <\/p>\n<p>Fekete nad\u00e1lyt\u0151 gy\u00f6k\u00e9r  <\/p>\n<p>Fekete nad\u00e1lyt\u0151 lev\u00e9l  <\/p>\n<p>Orvosi zs\u00e1lya lev\u00e9l  <\/p>\n<p>Fekete \u00fcr\u00f6mf\u0171  <\/p>\n<p>Bodorr\u00f3zsa  <\/p>\n<p>Kerti kakukkf\u0171  <\/p>\n<p>F\u00fcstikef\u0171  <\/p>\n<p>Kasvir\u00e1g gy\u00f6k\u00e9r  <\/p>\n<p>Ezerj\u00f3f\u0171  <\/p>\n<p>Kasvir\u00e1g lev\u00e9l  <\/p>\n<p>Apr\u00f3bojtorj\u00e1nf\u0171  <\/p>\n<p>Vasf\u0171  <\/p>\n<p>\u00c1rnika vir\u00e1g  <\/p>\n<p>Feh\u00e9r \u00fcr\u00f6m f\u0171  <\/p>\n<p>\u00datif\u0171  <\/p>\n<p>Sz\u00e1zszorsz\u00e9p  <\/p>\n<p>Betonika f\u0171  <\/p>\n<p>\u00c9desk\u00f6m\u00e9nymag  <\/p>\n<p>K\u00f6r\u00f6mvir\u00e1g  <\/p>\n<p>Csal\u00e1n lev\u00e9l  <\/p>\n<p>Mezei zs\u00farl\u00f3  <\/p>\n<p>Szemvid\u00edt\u00f3 f\u0171  <\/p>\n<p>Fekete k\u00f6m\u00e9ny  <\/p>\n<p>Kamilla vir\u00e1g  <\/p>\n<p>Pal\u00e1stf\u0171  <\/p>\n<p>Orb\u00e1ncf\u0171  <\/p>\n<p>Orvosi veronika lev\u00e9l  <\/p>\n<p>Izs\u00f3pf\u0171  <\/p>\n<p>Levendula vir\u00e1g  <\/p>\n<p>Cickafark f\u0171  <\/p>\n<p>Borsmenta lev\u00e9l  <\/p>\n<p>Tejolt\u00f3 galaj  <\/p>\n<p>Legyez\u0151f\u0171  <\/p>\n<p>Gyermekl\u00e1ncf\u0171 gy\u00f6k\u00e9r  <\/p>\n<p>V\u00f6r\u00f6s ty\u00fakh\u00far  <\/p>\n<p>Vad\u00e1rv\u00e1cska  <\/p>\n<p>Csarabf\u0171  <\/p>\n<p>M\u00f3rm\u00e1lyva  <\/p>\n<p>Neem lev\u00e9l  <\/p>\n<p>Benedekf\u0171  <\/p>\n<p>F\u0171zfak\u00e9reg  <\/p>\n<p>Feh\u00e9rm\u00e1lyva gy\u00f6k\u00e9r  <\/p>\n<p>Libapimp\u00f3  <\/p>\n<p>Martilapu f\u0171  <\/p>\n<p>Csipkebogy\u00f3 h\u00fas  <\/p>\n<p>Citromf\u0171 lev\u00e9l  <\/p>\n<p>Somk\u00f3r\u00f3f\u0171  <\/p>\n<p>V\u00e9rehull\u00f3 fecskef\u0171  <\/p>\n<p>Hibiszkusz vir\u00e1g  <\/p>\n<p>S\u00e9dkenderf\u0171  <\/p>\n<p>Bor\u00f3ka bogy\u00f3  <\/p>\n<p>Bojtorj\u00e1n gy\u00f6k\u00e9r  <\/p>\n<p>R\u00f3zsa szirom  <\/p>\n","protected":false},"excerpt":{"rendered":"<p>Quantity in stock: 90 <\/p>\n","protected":false},"featured_media":11737,"comment_status":"closed","ping_status":"open","template":"","meta":[],"product_brand":[],"product_cat":[428],"product_tag":[],"class_list":{"0":"post-11022","1":"product","2":"type-product","3":"status-publish","4":"has-post-thumbnail","6":"product_cat-kozmetikumok","8":"first","9":"instock","10":"product-type-external"},"_links":{"self":[{"href":"https:\/\/vitashop.info\/hu\/wp-json\/wp\/v2\/product\/11022","targetHints":{"allow":["GET"]}}],"collection":[{"href":"https:\/\/vitashop.info\/hu\/wp-json\/wp\/v2\/product"}],"about":[{"href":"https:\/\/vitashop.info\/hu\/wp-json\/wp\/v2\/types\/product"}],"replies":[{"embeddable":true,"href":"https:\/\/vitashop.info\/hu\/wp-json\/wp\/v2\/comments?post=11022"}],"wp:featuredmedia":[{"embeddable":true,"href":"https:\/\/vitashop.info\/hu\/wp-json\/wp\/v2\/media\/11737"}],"wp:attachment":[{"href":"https:\/\/vitashop.info\/hu\/wp-json\/wp\/v2\/media?parent=11022"}],"wp:term":[{"taxonomy":"product_brand","embeddable":true,"href":"https:\/\/vitashop.info\/hu\/wp-json\/wp\/v2\/product_brand?post=11022"},{"taxonomy":"product_cat","embeddable":true,"href":"https:\/\/vitashop.info\/hu\/wp-json\/wp\/v2\/product_cat?post=11022"},{"taxonomy":"product_tag","embeddable":true,"href":"https:\/\/vitashop.info\/hu\/wp-json\/wp\/v2\/product_tag?post=11022"}],"curies":[{"name":"wp","href":"https:\/\/api.w.org\/{rel}","templated":true}]}}