{"id":11017,"date":"2026-04-13T23:57:06","date_gmt":"2026-04-13T22:57:06","guid":{"rendered":"https:\/\/vitashop.info\/hu\/produkt\/gummy-kids-100-gumi-multivitamin-gumi-multivitamin-gyerekeknek\/"},"modified":"2026-04-13T23:59:11","modified_gmt":"2026-04-13T22:59:11","slug":"gummy-kids-100-gumi-multivitamin-gumi-multivitamin-gyerekeknek","status":"publish","type":"product","link":"https:\/\/vitashop.info\/hu\/termek\/gummy-kids-100-gumi-multivitamin-gumi-multivitamin-gyerekeknek\/","title":{"rendered":"Gummy Kids 100 gumi multivitamin &#8211; gumi multivitamin gyerekeknek"},"content":{"rendered":"<p>Adagol\u00e1s: naponta 1 gumi multivitamin. 4 \u00e9ves kort\u00f3l, illetve feln\u0151tteknek naponta 2 gumi multivitamin.<\/p>\n<p>&nbsp;<\/p>\n<p>Le\u00edr\u00e1s:<\/p>\n<p>A Gummy Kids gyermekek sz&aacute;m&aacute;ra kifejlesztett kellemes &iacute;z\u0171, k&ouml;nnyen r&aacute;ghat&oacute; gumi multivitamin. A sz&iacute;nes gumimacik alma &eacute;s eper &iacute;zben biztos&iacute;tj&aacute;k a gyermekek kiegyens&uacute;lyozott fejl\u0151d&eacute;s&eacute;hez sz&uuml;ks&eacute;ges vitaminokat &eacute;s &aacute;sv&aacute;nyi anyagokat. A term&eacute;k &eacute;des&iacute;t\u0151szermentes, term&eacute;szetes sz&iacute;nez&eacute;kek &eacute;s term&eacute;szetes &iacute;zes&iacute;t\u0151k felhaszn&aacute;l&aacute;s&aacute;val k&eacute;sz&uuml;lt. Ezt a term&eacute;ket eperallergi&aacute;sok is fogyaszthatj&aacute;k, mivel az arom&aacute;t nem eperb\u0151l vonj&aacute;k ki, hanem m&aacute;s term&eacute;szetes n&ouml;v&eacute;nyi &ouml;sszetev\u0151kb\u0151l.<\/p>\n<p>&nbsp;<\/p>\n<p>Kinek aj\u00e1nljuk:<\/p>\n<ul style=\"list-style-type: disc\">&#013;<\/p>\n<li>Gyermekeknek mindennapi fogyaszt&aacute;sra a kiegyens&uacute;lyozott fejl\u0151d&eacute;shez &eacute;s a megfelel\u0151 ellen&aacute;ll&oacute;k&eacute;pess&eacute;g kialakul&aacute;s&aacute;hoz.<\/li>\n<p>&#013;<\/p>\n<li>Mindazoknak, akik j&aacute;t&eacute;kosan &eacute;s k&ouml;nnyen szeretn&eacute;k gyermek&uuml;ket eg&eacute;szs&eacute;gre nevelni.<\/li>\n<p>&#013;<\/p>\n<li>Mindazoknak, akik el\u0151nyben r&eacute;szes&iacute;tik a k&ouml;nnyen sz&eacute;tr&aacute;ghat&oacute;, kellemes &iacute;z\u0171 multivitaminokat.<\/li>\n<p>&#013;<\/p>\n<li>Mindazoknak, akik &eacute;des&iacute;t\u0151szermentes term&eacute;ket keresnek &eacute;s el\u0151nyben r&eacute;szes&iacute;tik a term&eacute;szetes adal&eacute;kanyagokat.<\/li>\n<p>&#013;\n<\/ul>\n<p>&nbsp;<\/p>\n<p>Hozz\u00e1val\u00f3k:<\/p>\n<p>A-vitamin 400 mcg<\/p>\n<p>Niacin 16 mg<\/p>\n<p>B6-vitamin 1.4 mg<\/p>\n<p>Folsav 200 mcg<\/p>\n<p>B12-vitamin 2.5 mcg<\/p>\n<p>Biotin 50 mcg<\/p>\n<p>C-vitamin 80 mg<\/p>\n<p>D3-vitamin 5 mcg<\/p>\n<p>E-vitamin 12 mg<\/p>\n<p>K-vitamin 75 mcg<\/p>\n<p>J\u00f3d 45 mcg<\/p>\n<p>Cink 3 mg<\/p>\n<p>&nbsp;<\/p>\n<p>Mi\u00e9rt \u00e9rdemes a calivita term\u00e9keit v\u00e1lasztanod?<\/p>\n<ul>\n<li>A Calivita 30 \u00e9ve k\u00edn\u00e1l a\u00a0legmagasabb min\u0151s\u00e9gi el\u0151\u00edr\u00e1soknak\u00a0is megfelel\u0151 term\u00e9keket.<\/li>\n<li>Mindig t\u00f6reksz\u00fcnk a\u00a0legjobb forr\u00e1sb\u00f3l sz\u00e1rmaz\u00f3 term\u00e9szetes alapanyagok\u00a0\u00e9s a\u00a0jobb felsz\u00edv\u00f3d\u00e1s\u00fa, pl. szerves form\u00e1k felhaszn\u00e1l\u00e1s\u00e1ra.<\/li>\n<li>\u00c9trend-kieg\u00e9sz\u00edt\u0151ink t\u00falnyom\u00f3 t\u00f6bbs\u00e9ge az USA-ban,\u00a0gy\u00f3gyszergy\u00e1ri k\u00f6r\u00fclm\u00e9nyek k\u00f6z\u00f6tt\u00a0k\u00e9sz\u00fcl.<\/li>\n<li>A gy\u00e1rt\u00e1s a cGMP szigor\u00fa min\u0151s\u00e9gellen\u0151rz\u00e9si elveinek megfelel\u0151en,\u00a0az FDA folyamatos ellen\u0151rz\u00e9se mellett t\u00f6rt\u00e9nik, mindemellett term\u00e9keink t\u00f6bbsz\u00f6r\u00f6s bevizsg\u00e1l\u00e1si folyamaton\u00a0esnek \u00e1t.<\/li>\n<li>Valamennyi\u00a0Magyarorsz\u00e1gon forgalmazott\u00a0\u00e9trend-kieg\u00e9sz\u00edt\u0151nk \u00e9rv\u00e9nyes OGY\u00c9I\u00a0notifik\u00e1ci\u00f3val rendelkezik.<\/li>\n<\/ul>\n","protected":false},"excerpt":{"rendered":"<p>Quantity in stock: 356 <\/p>\n","protected":false},"featured_media":11687,"comment_status":"closed","ping_status":"open","template":"","meta":[],"product_brand":[],"product_cat":[425],"product_tag":[],"class_list":{"0":"post-11017","1":"product","2":"type-product","3":"status-publish","4":"has-post-thumbnail","6":"product_cat-termeszetes-kiegeszitok","8":"first","9":"instock","10":"product-type-external"},"_links":{"self":[{"href":"https:\/\/vitashop.info\/hu\/wp-json\/wp\/v2\/product\/11017","targetHints":{"allow":["GET"]}}],"collection":[{"href":"https:\/\/vitashop.info\/hu\/wp-json\/wp\/v2\/product"}],"about":[{"href":"https:\/\/vitashop.info\/hu\/wp-json\/wp\/v2\/types\/product"}],"replies":[{"embeddable":true,"href":"https:\/\/vitashop.info\/hu\/wp-json\/wp\/v2\/comments?post=11017"}],"wp:featuredmedia":[{"embeddable":true,"href":"https:\/\/vitashop.info\/hu\/wp-json\/wp\/v2\/media\/11687"}],"wp:attachment":[{"href":"https:\/\/vitashop.info\/hu\/wp-json\/wp\/v2\/media?parent=11017"}],"wp:term":[{"taxonomy":"product_brand","embeddable":true,"href":"https:\/\/vitashop.info\/hu\/wp-json\/wp\/v2\/product_brand?post=11017"},{"taxonomy":"product_cat","embeddable":true,"href":"https:\/\/vitashop.info\/hu\/wp-json\/wp\/v2\/product_cat?post=11017"},{"taxonomy":"product_tag","embeddable":true,"href":"https:\/\/vitashop.info\/hu\/wp-json\/wp\/v2\/product_tag?post=11017"}],"curies":[{"name":"wp","href":"https:\/\/api.w.org\/{rel}","templated":true}]}}