{"id":11015,"date":"2026-04-13T23:57:06","date_gmt":"2026-04-13T22:57:06","guid":{"rendered":"https:\/\/vitashop.info\/hu\/produkt\/green-care-240-tabletta-lugosito-keszitmeny\/"},"modified":"2026-04-13T23:59:05","modified_gmt":"2026-04-13T22:59:05","slug":"green-care-240-tabletta-lugosito-keszitmeny","status":"publish","type":"product","link":"https:\/\/vitashop.info\/hu\/termek\/green-care-240-tabletta-lugosito-keszitmeny\/","title":{"rendered":"Green Care 240 tabletta &#8211; L\u00fagos\u00edt\u00f3 k\u00e9sz\u00edtm\u00e9ny"},"content":{"rendered":"<p>Adagol\u00e1s: 2&#215;2 tabletta naponta<\/p>\n<p>&nbsp;<\/p>\n<p>Le\u00edr\u00e1s:<\/p>\n<div>&#013;<\/p>\n<p class=\"Norml1\"><span style=\"font-size: 12pt\">A <strong>Green Care<\/strong> alapanyag&aacute;t ad&oacute; lucerna magas klorofilltartalma miatt kiv&aacute;l&oacute; m&eacute;regtelen&iacute;t\u0151 &eacute;s l&uacute;gos&iacute;t&oacute;. Igazi t&aacute;panyagbomba: megtal&aacute;lhat&oacute; benne t&ouml;bb vitamin (C-, D-, E-, K-, B-), b&eacute;ta-karotin, &aacute;sv&aacute;nyi anyagok (kalcium, vas, k&aacute;lium, foszfor), valamint esszenci&aacute;lis aminosavak, melyek mind-mind szervezet&uuml;nk eg&eacute;szs&eacute;ges m\u0171k&ouml;d&eacute;s&eacute;t t&aacute;mogatj&aacute;k.<\/span><\/p>\n<p>&#013;\n<\/p><\/div>\n<p>&nbsp;<\/p>\n<p>Kinek aj\u00e1nljuk:<\/p>\n<ul>&#013;<\/p>\n<li><span style=\"font-size: 12pt\">Akiknek magas a koleszterinszintj&uuml;k.&nbsp;<\/span><\/li>\n<p>&#013;<\/p>\n<li><span style=\"font-size: 12pt\">Akik szeretn&eacute;k immunrendszer&uuml;ket er\u0151s&iacute;teni.<\/span><\/li>\n<p>&#013;<\/p>\n<li><span style=\"font-size: 12pt\">M&eacute;regtelen&iacute;t&eacute;shez, l&uacute;gos&iacute;t&aacute;shoz.<\/span><\/li>\n<p>&#013;<\/p>\n<li><span style=\"font-size: 12pt\">Akik &iacute;z&uuml;leti &eacute;s reum&aacute;s f&aacute;jdalmaik elleni kezel&eacute;s&uuml;ket szeretn&eacute;k kieg&eacute;sz&iacute;teni.<\/span><\/li>\n<p>&#013;<\/p>\n<li><span style=\"font-size: 12pt\">Id\u0151seknek a fizikai teljes&iacute;tm&eacute;ny &eacute;s az &eacute;leter\u0151 n&ouml;vel&eacute;s&eacute;re, tov&aacute;bb&aacute; a jobb alv&aacute;s el\u0151seg&iacute;t&eacute;s&eacute;re.<\/span><\/li>\n<p>&#013;<\/p>\n<li><span style=\"font-size: 12pt\">Akik rendszeresen sz&eacute;kreked&eacute;ssel k&uuml;zdenek.<\/span><\/li>\n<p>&#013;\n<\/ul>\n<p>&nbsp;<\/p>\n<p>Hozz\u00e1val\u00f3k:<\/p>\n<p>Lucernalev\u00e9l 500 mg<\/p>\n<p>Magn\u00e9zium 25 mg<\/p>\n<p>&nbsp;<\/p>\n<p>Mi\u00e9rt \u00e9rdemes a calivita term\u00e9keit v\u00e1lasztanod?<\/p>\n<ul>\n<li>A Calivita 30 \u00e9ve k\u00edn\u00e1l a\u00a0legmagasabb min\u0151s\u00e9gi el\u0151\u00edr\u00e1soknak\u00a0is megfelel\u0151 term\u00e9keket.<\/li>\n<li>Mindig t\u00f6reksz\u00fcnk a\u00a0legjobb forr\u00e1sb\u00f3l sz\u00e1rmaz\u00f3 term\u00e9szetes alapanyagok\u00a0\u00e9s a\u00a0jobb felsz\u00edv\u00f3d\u00e1s\u00fa, pl. szerves form\u00e1k felhaszn\u00e1l\u00e1s\u00e1ra.<\/li>\n<li>\u00c9trend-kieg\u00e9sz\u00edt\u0151ink t\u00falnyom\u00f3 t\u00f6bbs\u00e9ge az USA-ban,\u00a0gy\u00f3gyszergy\u00e1ri k\u00f6r\u00fclm\u00e9nyek k\u00f6z\u00f6tt\u00a0k\u00e9sz\u00fcl.<\/li>\n<li>A gy\u00e1rt\u00e1s a cGMP szigor\u00fa min\u0151s\u00e9gellen\u0151rz\u00e9si elveinek megfelel\u0151en,\u00a0az FDA folyamatos ellen\u0151rz\u00e9se mellett t\u00f6rt\u00e9nik, mindemellett term\u00e9keink t\u00f6bbsz\u00f6r\u00f6s bevizsg\u00e1l\u00e1si folyamaton\u00a0esnek \u00e1t.<\/li>\n<li>Valamennyi\u00a0Magyarorsz\u00e1gon forgalmazott\u00a0\u00e9trend-kieg\u00e9sz\u00edt\u0151nk \u00e9rv\u00e9nyes OGY\u00c9I\u00a0notifik\u00e1ci\u00f3val rendelkezik.<\/li>\n<\/ul>\n","protected":false},"excerpt":{"rendered":"<p>Quantity in stock: 299 <\/p>\n","protected":false},"featured_media":12133,"comment_status":"closed","ping_status":"open","template":"","meta":[],"product_brand":[],"product_cat":[425],"product_tag":[],"class_list":{"0":"post-11015","1":"product","2":"type-product","3":"status-publish","4":"has-post-thumbnail","6":"product_cat-termeszetes-kiegeszitok","8":"first","9":"instock","10":"product-type-external"},"_links":{"self":[{"href":"https:\/\/vitashop.info\/hu\/wp-json\/wp\/v2\/product\/11015","targetHints":{"allow":["GET"]}}],"collection":[{"href":"https:\/\/vitashop.info\/hu\/wp-json\/wp\/v2\/product"}],"about":[{"href":"https:\/\/vitashop.info\/hu\/wp-json\/wp\/v2\/types\/product"}],"replies":[{"embeddable":true,"href":"https:\/\/vitashop.info\/hu\/wp-json\/wp\/v2\/comments?post=11015"}],"wp:featuredmedia":[{"embeddable":true,"href":"https:\/\/vitashop.info\/hu\/wp-json\/wp\/v2\/media\/12133"}],"wp:attachment":[{"href":"https:\/\/vitashop.info\/hu\/wp-json\/wp\/v2\/media?parent=11015"}],"wp:term":[{"taxonomy":"product_brand","embeddable":true,"href":"https:\/\/vitashop.info\/hu\/wp-json\/wp\/v2\/product_brand?post=11015"},{"taxonomy":"product_cat","embeddable":true,"href":"https:\/\/vitashop.info\/hu\/wp-json\/wp\/v2\/product_cat?post=11015"},{"taxonomy":"product_tag","embeddable":true,"href":"https:\/\/vitashop.info\/hu\/wp-json\/wp\/v2\/product_tag?post=11015"}],"curies":[{"name":"wp","href":"https:\/\/api.w.org\/{rel}","templated":true}]}}