{"id":11009,"date":"2026-04-13T23:57:06","date_gmt":"2026-04-13T22:57:06","guid":{"rendered":"https:\/\/vitashop.info\/hu\/produkt\/garlic-max-100-lagyzselatin-kapszula-fokhagyma-keszitmeny\/"},"modified":"2026-04-13T23:59:05","modified_gmt":"2026-04-13T22:59:05","slug":"garlic-max-100-lagyzselatin-kapszula-fokhagyma-keszitmeny","status":"publish","type":"product","link":"https:\/\/vitashop.info\/hu\/termek\/garlic-max-100-lagyzselatin-kapszula-fokhagyma-keszitmeny\/","title":{"rendered":"Garlic Max 100 l\u00e1gyzselatin-kapszula &#8211; fokhagyma k\u00e9sz\u00edtm\u00e9ny"},"content":{"rendered":"<p>Adagol\u00e1s: 1-2 kapszula naponta<\/p>\n<p>&nbsp;<\/p>\n<p>Le\u00edr\u00e1s:<\/p>\n<p>A fokhagyma jellegzetes szag&aacute;t ad&oacute; &eacute;rt&eacute;kes k&eacute;ntartalm&uacute; vegy&uuml;leteinek k&ouml;sz&ouml;nheti bakt&eacute;rium- &eacute;s gomba&ouml;l\u0151 tulajdons&aacute;g&aacute;t, valamint a sz&iacute;v- &eacute;s &eacute;rrendszerre kifejtett v&eacute;d\u0151 hat&aacute;s&aacute;t. E n&ouml;v&eacute;ny t&ouml;bb mint 200 f&eacute;le biol&oacute;giailag akt&iacute;v anyagot &ndash; vitamint, &aacute;sv&aacute;nyi anyagot, aminosavat &eacute;s enzimet- tartalmaz. A k&eacute;sz&iacute;tm&eacute;nyben a fokhagym&aacute;t a v&iacute;zhajt&oacute; hat&aacute;s&aacute;r&oacute;l ismert petrezselyem eg&eacute;sz&iacute;ti ki.<\/p>\n<p>&nbsp;<\/p>\n<p>Kinek aj\u00e1nljuk:<\/p>\n<ul>&#013;<\/p>\n<li>Az &eacute;relmeszesed&eacute;s kock&aacute;zat&aacute;nak cs&ouml;kkent&eacute;s&eacute;re &eacute;s a v&eacute;rnyom&aacute;s normaliz&aacute;s&aacute;l&aacute;nak el\u0151seg&iacute;t&eacute;s&eacute;re,<\/li>\n<p>&#013;<\/p>\n<li>koleszterincs&ouml;kkent\u0151 ter&aacute;pia t&aacute;mogat&aacute;s&aacute;ra,<\/li>\n<p>&#013;<\/p>\n<li>azoknak, akik term&eacute;szetes m&oacute;don szeretn&eacute;k v&eacute;rzs&iacute;rszintj&uuml;ket szab&aacute;lyozni,<\/li>\n<p>&#013;<\/p>\n<li>fokozza az immunsejtek m\u0171k&ouml;d&eacute;s&eacute;t, &iacute;gy sikeresen alkalmazhat&oacute; a fert\u0151z&eacute;sre fog&eacute;konyaknak az immunrendszer er\u0151s&iacute;t&eacute;s&eacute;re. &nbsp;<\/li>\n<p>&#013;\n<\/ul>\n<p>&nbsp;<\/p>\n<p>Hozz\u00e1val\u00f3k:<\/p>\n<p>Fokhagyma (500:1; 1000 mg friss fokhagym\u00e1val egyen\u00e9rt\u00e9k\u0171) 1000 mg<\/p>\n<p>Petrezselyem lev\u00e9l (10:1; 175 mg friss petrezselyem lev\u00e9llel egyen\u00e9rt\u00e9k\u0171) 175 mg<\/p>\n<p>&nbsp;<\/p>\n<p>Mi\u00e9rt \u00e9rdemes a calivita term\u00e9keit v\u00e1lasztanod?<\/p>\n<ul>\n<li>A Calivita 30 \u00e9ve k\u00edn\u00e1l a\u00a0legmagasabb min\u0151s\u00e9gi el\u0151\u00edr\u00e1soknak\u00a0is megfelel\u0151 term\u00e9keket.<\/li>\n<li>Mindig t\u00f6reksz\u00fcnk a\u00a0legjobb forr\u00e1sb\u00f3l sz\u00e1rmaz\u00f3 term\u00e9szetes alapanyagok\u00a0\u00e9s a\u00a0jobb felsz\u00edv\u00f3d\u00e1s\u00fa, pl. szerves form\u00e1k felhaszn\u00e1l\u00e1s\u00e1ra.<\/li>\n<li>\u00c9trend-kieg\u00e9sz\u00edt\u0151ink t\u00falnyom\u00f3 t\u00f6bbs\u00e9ge az USA-ban,\u00a0gy\u00f3gyszergy\u00e1ri k\u00f6r\u00fclm\u00e9nyek k\u00f6z\u00f6tt\u00a0k\u00e9sz\u00fcl.<\/li>\n<li>A gy\u00e1rt\u00e1s a cGMP szigor\u00fa min\u0151s\u00e9gellen\u0151rz\u00e9si elveinek megfelel\u0151en,\u00a0az FDA folyamatos ellen\u0151rz\u00e9se mellett t\u00f6rt\u00e9nik, mindemellett term\u00e9keink t\u00f6bbsz\u00f6r\u00f6s bevizsg\u00e1l\u00e1si folyamaton\u00a0esnek \u00e1t.<\/li>\n<li>Valamennyi\u00a0Magyarorsz\u00e1gon forgalmazott\u00a0\u00e9trend-kieg\u00e9sz\u00edt\u0151nk \u00e9rv\u00e9nyes OGY\u00c9I\u00a0notifik\u00e1ci\u00f3val rendelkezik.<\/li>\n<\/ul>\n","protected":false},"excerpt":{"rendered":"<p>Quantity in stock: 322 <\/p>\n","protected":false},"featured_media":12130,"comment_status":"closed","ping_status":"open","template":"","meta":[],"product_brand":[],"product_cat":[425],"product_tag":[],"class_list":{"0":"post-11009","1":"product","2":"type-product","3":"status-publish","4":"has-post-thumbnail","6":"product_cat-termeszetes-kiegeszitok","8":"first","9":"instock","10":"product-type-external"},"_links":{"self":[{"href":"https:\/\/vitashop.info\/hu\/wp-json\/wp\/v2\/product\/11009","targetHints":{"allow":["GET"]}}],"collection":[{"href":"https:\/\/vitashop.info\/hu\/wp-json\/wp\/v2\/product"}],"about":[{"href":"https:\/\/vitashop.info\/hu\/wp-json\/wp\/v2\/types\/product"}],"replies":[{"embeddable":true,"href":"https:\/\/vitashop.info\/hu\/wp-json\/wp\/v2\/comments?post=11009"}],"wp:featuredmedia":[{"embeddable":true,"href":"https:\/\/vitashop.info\/hu\/wp-json\/wp\/v2\/media\/12130"}],"wp:attachment":[{"href":"https:\/\/vitashop.info\/hu\/wp-json\/wp\/v2\/media?parent=11009"}],"wp:term":[{"taxonomy":"product_brand","embeddable":true,"href":"https:\/\/vitashop.info\/hu\/wp-json\/wp\/v2\/product_brand?post=11009"},{"taxonomy":"product_cat","embeddable":true,"href":"https:\/\/vitashop.info\/hu\/wp-json\/wp\/v2\/product_cat?post=11009"},{"taxonomy":"product_tag","embeddable":true,"href":"https:\/\/vitashop.info\/hu\/wp-json\/wp\/v2\/product_tag?post=11009"}],"curies":[{"name":"wp","href":"https:\/\/api.w.org\/{rel}","templated":true}]}}