{"id":11007,"date":"2026-04-13T23:57:06","date_gmt":"2026-04-13T22:57:06","guid":{"rendered":"https:\/\/vitashop.info\/hu\/produkt\/full-spectrum-90-tabletta-vitamin-es-asvanyianyag-komplex\/"},"modified":"2026-04-13T23:59:04","modified_gmt":"2026-04-13T22:59:04","slug":"full-spectrum-90-tabletta-vitamin-es-asvanyianyag-komplex","status":"publish","type":"product","link":"https:\/\/vitashop.info\/hu\/termek\/full-spectrum-90-tabletta-vitamin-es-asvanyianyag-komplex\/","title":{"rendered":"Full Spectrum 90 tabletta &#8211; Vitamin- \u00e9s \u00e1sv\u00e1nyianyag-komplex"},"content":{"rendered":"<p>Adagol\u00e1s: 3 x 1 tabletta naponta<\/p>\n<p>&nbsp;<\/p>\n<p>Le\u00edr\u00e1s:<\/p>\n<p>A&nbsp;<strong>Full Spectrum<\/strong>&nbsp;k&ouml;zel 30-f&eacute;le, a szervezet m\u0171k&ouml;d&eacute;s&eacute;hez n&eacute;lk&uuml;l&ouml;zhetetlen vitamint, antioxid&aacute;nst &eacute;s &aacute;sv&aacute;nyi anyagot tartalmaz egyetlen tablett&aacute;ban, extra bioflavonoidokkal. Kiemelked\u0151 hat&eacute;konys&aacute;g&aacute;t a benne l&eacute;v\u0151 szerves k&ouml;t&eacute;s\u0171 hat&oacute;anyagok mennyis&eacute;ge, valamint az elny&uacute;jtott felsz&iacute;v&oacute;d&aacute;s (delayed release technol&oacute;gia) biztos&iacute;tja.<\/p>\n<p>&nbsp;<\/p>\n<p>Kinek aj\u00e1nljuk:<\/p>\n<ul>&#013;<\/p>\n<li>Az eg&eacute;szs&eacute;ges &eacute;letfolyamatok mindennapi fenntart&aacute;s&aacute;hoz, a vitalit&aacute;s meg\u0151rz&eacute;s&eacute;hez.<\/li>\n<p>&#013;<\/p>\n<li>Az immunrendszer t&aacute;mogat&aacute;s&aacute;ra.<\/li>\n<p>&#013;<\/p>\n<li>Influenz&aacute;s, n&aacute;th&aacute;s id\u0151szakban az ellen&aacute;ll&oacute; k&eacute;pess&eacute;g n&ouml;vel&eacute;s&eacute;re.<\/li>\n<p>&#013;<\/p>\n<li>Kiegyens&uacute;lyozatlan t&aacute;pl&aacute;lkoz&aacute;s (kev&eacute;s z&ouml;lds&eacute;g vagy gy&uuml;m&ouml;lcs fogyaszt&aacute;sa, di&eacute;ta, vegetarianizmus) eset&eacute;n a szervezet vitamin- &eacute;s &aacute;sv&aacute;nyianyag-sz&uuml;ks&eacute;glet&eacute;nek kieg&eacute;sz&iacute;t&eacute;s&eacute;re.<\/li>\n<p>&#013;<\/p>\n<li>Betegs&eacute;g ut&aacute;ni l&aacute;badoz&aacute;s el\u0151seg&iacute;t&eacute;s&eacute;re.<\/li>\n<p>&#013;\n<\/ul>\n<p>&nbsp;<\/p>\n<p>Hozz\u00e1val\u00f3k:<\/p>\n<p>Kalcium 187 mg<\/p>\n<p>C-vitamin 60 mg<\/p>\n<p>Magn\u00e9zium 57 mg<\/p>\n<p>Inozitol 20 mg<\/p>\n<p>Kolin 20 mg<\/p>\n<p>Cink 10 mg<\/p>\n<p>Niacin 10 mg<\/p>\n<p>Para-amino-benzoesav 5 mg<\/p>\n<p>Pantot\u00e9nsav 5 mg<\/p>\n<p>B1-vitamin 1 mg<\/p>\n<p>Folsav 200 mcg<\/p>\n<p>J\u00f3d 80 mcg<\/p>\n<p>Biotin 40 mcg<\/p>\n<p>Kr\u00f3m 25 mcg<\/p>\n<p>Szel\u00e9n 20 mcg<\/p>\n<p>Molibd\u00e9n 10 mcg<\/p>\n<p>B12-vitamin 1 mcg<\/p>\n<p>E-vitamin 4.7 mg<\/p>\n<p>Bioflavonoid-komplex 4 mg<\/p>\n<p>Rutin 4 mg<\/p>\n<p>Vas 4 mg<\/p>\n<p>Mang\u00e1n 3 mg<\/p>\n<p>Heszperidin komplex 2 mg<\/p>\n<p>R\u00e9z 1.5 mg<\/p>\n<p>B6-vitamin 1.2 mg<\/p>\n<p>B2-vitamin 1.1 mg<\/p>\n<p>B\u00e9ta-karotin 0.9 mg<\/p>\n<p>&nbsp;<\/p>\n<p>Mi\u00e9rt \u00e9rdemes a calivita term\u00e9keit v\u00e1lasztanod?<\/p>\n<ul>\n<li>A Calivita 30 \u00e9ve k\u00edn\u00e1l a\u00a0legmagasabb min\u0151s\u00e9gi el\u0151\u00edr\u00e1soknak\u00a0is megfelel\u0151 term\u00e9keket.<\/li>\n<li>Mindig t\u00f6reksz\u00fcnk a\u00a0legjobb forr\u00e1sb\u00f3l sz\u00e1rmaz\u00f3 term\u00e9szetes alapanyagok\u00a0\u00e9s a\u00a0jobb felsz\u00edv\u00f3d\u00e1s\u00fa, pl. szerves form\u00e1k felhaszn\u00e1l\u00e1s\u00e1ra.<\/li>\n<li>\u00c9trend-kieg\u00e9sz\u00edt\u0151ink t\u00falnyom\u00f3 t\u00f6bbs\u00e9ge az USA-ban,\u00a0gy\u00f3gyszergy\u00e1ri k\u00f6r\u00fclm\u00e9nyek k\u00f6z\u00f6tt\u00a0k\u00e9sz\u00fcl.<\/li>\n<li>A gy\u00e1rt\u00e1s a cGMP szigor\u00fa min\u0151s\u00e9gellen\u0151rz\u00e9si elveinek megfelel\u0151en,\u00a0az FDA folyamatos ellen\u0151rz\u00e9se mellett t\u00f6rt\u00e9nik, mindemellett term\u00e9keink t\u00f6bbsz\u00f6r\u00f6s bevizsg\u00e1l\u00e1si folyamaton\u00a0esnek \u00e1t.<\/li>\n<li>Valamennyi\u00a0Magyarorsz\u00e1gon forgalmazott\u00a0\u00e9trend-kieg\u00e9sz\u00edt\u0151nk \u00e9rv\u00e9nyes OGY\u00c9I\u00a0notifik\u00e1ci\u00f3val rendelkezik.<\/li>\n<\/ul>\n","protected":false},"excerpt":{"rendered":"<p>Quantity in stock: 216 <\/p>\n","protected":false},"featured_media":12129,"comment_status":"closed","ping_status":"open","template":"","meta":[],"product_brand":[],"product_cat":[425],"product_tag":[],"class_list":{"0":"post-11007","1":"product","2":"type-product","3":"status-publish","4":"has-post-thumbnail","6":"product_cat-termeszetes-kiegeszitok","8":"first","9":"instock","10":"product-type-external"},"_links":{"self":[{"href":"https:\/\/vitashop.info\/hu\/wp-json\/wp\/v2\/product\/11007","targetHints":{"allow":["GET"]}}],"collection":[{"href":"https:\/\/vitashop.info\/hu\/wp-json\/wp\/v2\/product"}],"about":[{"href":"https:\/\/vitashop.info\/hu\/wp-json\/wp\/v2\/types\/product"}],"replies":[{"embeddable":true,"href":"https:\/\/vitashop.info\/hu\/wp-json\/wp\/v2\/comments?post=11007"}],"wp:featuredmedia":[{"embeddable":true,"href":"https:\/\/vitashop.info\/hu\/wp-json\/wp\/v2\/media\/12129"}],"wp:attachment":[{"href":"https:\/\/vitashop.info\/hu\/wp-json\/wp\/v2\/media?parent=11007"}],"wp:term":[{"taxonomy":"product_brand","embeddable":true,"href":"https:\/\/vitashop.info\/hu\/wp-json\/wp\/v2\/product_brand?post=11007"},{"taxonomy":"product_cat","embeddable":true,"href":"https:\/\/vitashop.info\/hu\/wp-json\/wp\/v2\/product_cat?post=11007"},{"taxonomy":"product_tag","embeddable":true,"href":"https:\/\/vitashop.info\/hu\/wp-json\/wp\/v2\/product_tag?post=11007"}],"curies":[{"name":"wp","href":"https:\/\/api.w.org\/{rel}","templated":true}]}}