{"id":11005,"date":"2026-04-13T23:57:06","date_gmt":"2026-04-13T22:57:06","guid":{"rendered":"https:\/\/vitashop.info\/hu\/produkt\/frankincense-organic-essential-oil-5-ml\/"},"modified":"2026-04-13T23:59:11","modified_gmt":"2026-04-13T22:59:11","slug":"frankincense-organic-essential-oil-5-ml","status":"publish","type":"product","link":"https:\/\/vitashop.info\/hu\/termek\/frankincense-organic-essential-oil-5-ml\/","title":{"rendered":"Frankincense organic essential oil 5 ml &#8211;"},"content":{"rendered":"\n<p>&nbsp;<\/p>\n<p>Le\u00edr\u00e1s:<\/p>\n<p>Az ill&oacute;olajok kir&aacute;ly&aacute;nak is nevezett t&ouml;mj&eacute;n az egyik leg&eacute;rt&eacute;kesebb esszenci&aacute;lis olaj. M&aacute;r az &oacute;korban is haszn&aacute;lt&aacute;k nemcsak sz&eacute;p&eacute;szeti &eacute;s gy&oacute;gy&iacute;t&oacute;, de spiritu&aacute;lis c&eacute;lokra is, mivel seg&iacute;ti az elm&eacute;ly&uuml;lt gondolkod&aacute;st &eacute;s a medit&aacute;ci&oacute;t, valamint cs&ouml;kkenti a lelki &eacute;s a szellemi kimer&uuml;lts&eacute;get. A pr&eacute;mium min\u0151s&eacute;g\u0171, bio min\u0151s&iacute;t&eacute;s\u0171 t&ouml;mj&eacute;n ill&oacute;olaj mindezeken t&uacute;l a szervezet sz&aacute;mos probl&eacute;m&aacute;j&aacute;ra megold&aacute;st ny&uacute;jthat.<\/p>\n<p>&nbsp;<\/p>\n<p>Kinek aj\u00e1nljuk:<\/p>\n<p>Azoknak, akik a mindennapi p&ouml;rg&eacute;sb\u0151l kil&eacute;pve nyugalomra &eacute;s lelki felt&ouml;lt\u0151d&eacute;sre v&aacute;gynak.<\/p>\n<p>&#013;<\/p>\n<p>&Aacute;lmatlans&aacute;gt&oacute;l szenved\u0151knek, mert el\u0151seg&iacute;ti a nyugodt alv&aacute;st.<\/p>\n<p>&#013;<\/p>\n<p>K&ouml;h&ouml;g&eacute;scsillap&iacute;t&oacute; &eacute;s antimikrob&aacute;lis hat&aacute;s&aacute;nak k&ouml;sz&ouml;nhet\u0151en fels\u0151 l&eacute;g&uacute;ti megbeteged&eacute;st\u0151l szenved\u0151knek a t&uuml;neteik enyh&iacute;t&eacute;s&eacute;nek c&eacute;lj&aacute;b&oacute;l.<\/p>\n<p>&#013;<\/p>\n<p>H&aacute;nyingert &eacute;s &eacute;melyg&eacute;st csillap&iacute;t&oacute; tulajdons&aacute;ga miatt rossz k&ouml;z&eacute;rzet eset&eacute;n.<\/p>\n<p>&nbsp;<\/p>\n","protected":false},"excerpt":{"rendered":"<p>Quantity in stock: 52 <\/p>\n","protected":false},"featured_media":12227,"comment_status":"closed","ping_status":"open","template":"","meta":[],"product_brand":[],"product_cat":[428],"product_tag":[],"class_list":{"0":"post-11005","1":"product","2":"type-product","3":"status-publish","4":"has-post-thumbnail","6":"product_cat-kozmetikumok","8":"first","9":"instock","10":"product-type-external"},"_links":{"self":[{"href":"https:\/\/vitashop.info\/hu\/wp-json\/wp\/v2\/product\/11005","targetHints":{"allow":["GET"]}}],"collection":[{"href":"https:\/\/vitashop.info\/hu\/wp-json\/wp\/v2\/product"}],"about":[{"href":"https:\/\/vitashop.info\/hu\/wp-json\/wp\/v2\/types\/product"}],"replies":[{"embeddable":true,"href":"https:\/\/vitashop.info\/hu\/wp-json\/wp\/v2\/comments?post=11005"}],"wp:featuredmedia":[{"embeddable":true,"href":"https:\/\/vitashop.info\/hu\/wp-json\/wp\/v2\/media\/12227"}],"wp:attachment":[{"href":"https:\/\/vitashop.info\/hu\/wp-json\/wp\/v2\/media?parent=11005"}],"wp:term":[{"taxonomy":"product_brand","embeddable":true,"href":"https:\/\/vitashop.info\/hu\/wp-json\/wp\/v2\/product_brand?post=11005"},{"taxonomy":"product_cat","embeddable":true,"href":"https:\/\/vitashop.info\/hu\/wp-json\/wp\/v2\/product_cat?post=11005"},{"taxonomy":"product_tag","embeddable":true,"href":"https:\/\/vitashop.info\/hu\/wp-json\/wp\/v2\/product_tag?post=11005"}],"curies":[{"name":"wp","href":"https:\/\/api.w.org\/{rel}","templated":true}]}}