{"id":11003,"date":"2026-04-13T23:57:06","date_gmt":"2026-04-13T22:57:06","guid":{"rendered":"https:\/\/vitashop.info\/hu\/produkt\/every-moment-135-gramm-regeneralo-krem\/"},"modified":"2026-04-13T23:59:09","modified_gmt":"2026-04-13T22:59:09","slug":"every-moment-135-gramm-regeneralo-krem","status":"publish","type":"product","link":"https:\/\/vitashop.info\/hu\/termek\/every-moment-135-gramm-regeneralo-krem\/","title":{"rendered":"every moment 135 gramm &#8211; Regener\u00e1l\u00f3 kr\u00e9m"},"content":{"rendered":"\n<p>&nbsp;<\/p>\n<p>Le\u00edr\u00e1s:<\/p>\n<p>Az <strong>EveryMoment <\/strong>hormonmentes, gy&oacute;gyn&ouml;v&eacute;nyalap&uacute; kozmetikum, amely az eg&eacute;sz csal&aacute;d h&aacute;mregener&aacute;l&oacute; k&eacute;sz&iacute;tm&eacute;nye az eg&eacute;szen apr&oacute; s&eacute;r&uuml;l&eacute;sekt\u0151l a komolyabb, intim probl&eacute;m&aacute;kat &eacute;rint\u0151 ter&uuml;letekig.<\/p>\n<p>&#013;<\/p>\n<p>&nbsp;<\/p>\n<p>&nbsp;<\/p>\n<p>Kinek aj\u00e1nljuk:<\/p>\n<ul>&#013;<\/p>\n<li>Az eg&eacute;sz csal&aacute;d sz&aacute;m&aacute;ra az <strong>apr&oacute;bb h&aacute;ms&eacute;r&uuml;l&eacute;sek, cs&iacute;p&eacute;sek, &eacute;g&eacute;sek<\/strong> eset&eacute;n a b\u0151r regener&aacute;l&aacute;s&aacute;ra, hidrat&aacute;l&aacute;s&aacute;ra, fert\u0151tlen&iacute;t&eacute;s&eacute;re &eacute;s a gyullad&aacute;s cs&ouml;kkent&eacute;s&eacute;re.<\/li>\n<p>&#013;<\/p>\n<li>Azok sz&aacute;m&aacute;ra, akik sportol&aacute;s ut&aacute;ni <strong>izomlaz&iacute;t&oacute;t<\/strong> keresnek.<\/li>\n<p>&#013;<\/p>\n<li>Minden n\u0151nek, a <strong>h&uuml;vely eg&eacute;szs&eacute;g&eacute;nek<\/strong> fenntart&aacute;s&aacute;&eacute;rt.<\/li>\n<p>&#013;<\/p>\n<li>Sz&uuml;l&eacute;s ut&aacute;n lev\u0151 n\u0151knek seg&iacute;tve a <strong>h&uuml;vely rugalmass&aacute;g&aacute;nak <\/strong>vissza&aacute;ll&iacute;t&aacute;s&aacute;t.<\/li>\n<p>&#013;<\/p>\n<li>Menopauza ut&aacute;n lev\u0151 n\u0151knek a <strong>h&uuml;velysz&aacute;razs&aacute;g<\/strong> okozta kellemetlens&eacute;gek enyh&iacute;t&eacute;s&eacute;re.<\/li>\n<p>&#013;<\/p>\n<li>Mindazok sz&aacute;m&aacute;ra, akik <strong>massz&aacute;zs<\/strong> form&aacute;j&aacute;ban szeretn&eacute;k k&eacute;nyeztetni b\u0151r&uuml;ket.<\/li>\n<p>&#013;\n<\/ul>\n<p>&#013;<\/p>\n<p>&nbsp;<\/p>\n<p>Hozz\u00e1val\u00f3k:<\/p>\n<p>Hidroliz\u00e1lt kollag\u00e9n  <\/p>\n<p>Arginin  <\/p>\n<p>Kamillakivonat  <\/p>\n<p>Aloe vera-kivonat  <\/p>\n<p>Rozmaringkivonat  <\/p>\n<p>Eukaliptuszolaj  <\/p>\n","protected":false},"excerpt":{"rendered":"<p>Quantity in stock: 24 <\/p>\n","protected":false},"featured_media":12185,"comment_status":"closed","ping_status":"open","template":"","meta":[],"product_brand":[],"product_cat":[428],"product_tag":[],"class_list":{"0":"post-11003","1":"product","2":"type-product","3":"status-publish","4":"has-post-thumbnail","6":"product_cat-kozmetikumok","8":"first","9":"instock","10":"product-type-external"},"_links":{"self":[{"href":"https:\/\/vitashop.info\/hu\/wp-json\/wp\/v2\/product\/11003","targetHints":{"allow":["GET"]}}],"collection":[{"href":"https:\/\/vitashop.info\/hu\/wp-json\/wp\/v2\/product"}],"about":[{"href":"https:\/\/vitashop.info\/hu\/wp-json\/wp\/v2\/types\/product"}],"replies":[{"embeddable":true,"href":"https:\/\/vitashop.info\/hu\/wp-json\/wp\/v2\/comments?post=11003"}],"wp:featuredmedia":[{"embeddable":true,"href":"https:\/\/vitashop.info\/hu\/wp-json\/wp\/v2\/media\/12185"}],"wp:attachment":[{"href":"https:\/\/vitashop.info\/hu\/wp-json\/wp\/v2\/media?parent=11003"}],"wp:term":[{"taxonomy":"product_brand","embeddable":true,"href":"https:\/\/vitashop.info\/hu\/wp-json\/wp\/v2\/product_brand?post=11003"},{"taxonomy":"product_cat","embeddable":true,"href":"https:\/\/vitashop.info\/hu\/wp-json\/wp\/v2\/product_cat?post=11003"},{"taxonomy":"product_tag","embeddable":true,"href":"https:\/\/vitashop.info\/hu\/wp-json\/wp\/v2\/product_tag?post=11003"}],"curies":[{"name":"wp","href":"https:\/\/api.w.org\/{rel}","templated":true}]}}