{"id":11001,"date":"2026-04-13T23:57:06","date_gmt":"2026-04-13T22:57:06","guid":{"rendered":"https:\/\/vitashop.info\/hu\/produkt\/evening-primrose-oil-100-lagyzselatin-kapszula-ligetszepeolaj\/"},"modified":"2026-04-13T23:59:04","modified_gmt":"2026-04-13T22:59:04","slug":"evening-primrose-oil-100-lagyzselatin-kapszula-ligetszepeolaj","status":"publish","type":"product","link":"https:\/\/vitashop.info\/hu\/termek\/evening-primrose-oil-100-lagyzselatin-kapszula-ligetszepeolaj\/","title":{"rendered":"Evening Primrose Oil 100 l\u00e1gyzselatin-kapszula &#8211; Ligetsz\u00e9peolaj"},"content":{"rendered":"<p>Adagol\u00e1s: 1 l\u00e1gyzselatin-kapszula naponta, \u00e9tkez\u00e9s k\u00f6zben<\/p>\n<p>&nbsp;<\/p>\n<p>Le\u00edr\u00e1s:<\/p>\n<p class=\"Norml1\">A <strong>ligetsz&eacute;peolaj<\/strong> tel&iacute;tetlen zs&iacute;rsav &ouml;sszetev\u0151i sz&aacute;mos pozit&iacute;v hat&aacute;sukr&oacute;l ismertek. Hozz&aacute;j&aacute;rulnak a h&aacute;m- &eacute;s k&ouml;t\u0151sz&ouml;vetek eg&eacute;szs&eacute;g&eacute;nek meg\u0151rz&eacute;s&eacute;hez, ez&aacute;ltal t&aacute;mogatj&aacute;k a b\u0151r sz&eacute;ps&eacute;g&eacute;t &eacute;s feszess&eacute;g&eacute;t. Kedvez\u0151en befoly&aacute;solj&aacute;k a v&eacute;r &ouml;ssz-, illetve LDL-koleszterinszintj&eacute;t, a trigliceridszintet, &iacute;gy t&aacute;mogatj&aacute;k az eg&eacute;szs&eacute;ges kering&eacute;st.<\/p>\n<p>&nbsp;<\/p>\n<p>Kinek aj\u00e1nljuk:<\/p>\n<ul>&#013;<\/p>\n<li>Azoknak, akik szeretn&eacute;k meg\u0151rizni b\u0151r&uuml;k &eacute;s hajuk fiatals&aacute;g&aacute;t.<\/li>\n<p>&#013;<\/p>\n<li>Koleszterincs&ouml;kkent\u0151 ter&aacute;pia kieg&eacute;sz&iacute;t&eacute;sek&eacute;nt.<\/li>\n<p>&#013;<\/p>\n<li>A menstru&aacute;ci&oacute; el\u0151tti kellemetlen t&uuml;netek enyh&iacute;t&eacute;s&eacute;re.<\/li>\n<p>&#013;<\/p>\n<li>Tests&uacute;lycs&ouml;kkent\u0151 &eacute;trend kieg&eacute;sz&iacute;t&eacute;s&eacute;hez.<\/li>\n<p>&#013;\n<\/ul>\n<p>&nbsp;<\/p>\n<p>Hozz\u00e1val\u00f3k:<\/p>\n<p>Ligetsz\u00e9peolaj 500 mg<\/p>\n<p>Cisz-linolsav 306 mg<\/p>\n<p>Gamma-linol\u00e9nsav 42 mg<\/p>\n<p>&nbsp;<\/p>\n<p>Mi\u00e9rt \u00e9rdemes a calivita term\u00e9keit v\u00e1lasztanod?<\/p>\n<ul>\n<li>A Calivita 30 \u00e9ve k\u00edn\u00e1l a\u00a0legmagasabb min\u0151s\u00e9gi el\u0151\u00edr\u00e1soknak\u00a0is megfelel\u0151 term\u00e9keket.<\/li>\n<li>Mindig t\u00f6reksz\u00fcnk a\u00a0legjobb forr\u00e1sb\u00f3l sz\u00e1rmaz\u00f3 term\u00e9szetes alapanyagok\u00a0\u00e9s a\u00a0jobb felsz\u00edv\u00f3d\u00e1s\u00fa, pl. szerves form\u00e1k felhaszn\u00e1l\u00e1s\u00e1ra.<\/li>\n<li>\u00c9trend-kieg\u00e9sz\u00edt\u0151ink t\u00falnyom\u00f3 t\u00f6bbs\u00e9ge az USA-ban,\u00a0gy\u00f3gyszergy\u00e1ri k\u00f6r\u00fclm\u00e9nyek k\u00f6z\u00f6tt\u00a0k\u00e9sz\u00fcl.<\/li>\n<li>A gy\u00e1rt\u00e1s a cGMP szigor\u00fa min\u0151s\u00e9gellen\u0151rz\u00e9si elveinek megfelel\u0151en,\u00a0az FDA folyamatos ellen\u0151rz\u00e9se mellett t\u00f6rt\u00e9nik, mindemellett term\u00e9keink t\u00f6bbsz\u00f6r\u00f6s bevizsg\u00e1l\u00e1si folyamaton\u00a0esnek \u00e1t.<\/li>\n<li>Valamennyi\u00a0Magyarorsz\u00e1gon forgalmazott\u00a0\u00e9trend-kieg\u00e9sz\u00edt\u0151nk \u00e9rv\u00e9nyes OGY\u00c9I\u00a0notifik\u00e1ci\u00f3val rendelkezik.<\/li>\n<\/ul>\n","protected":false},"excerpt":{"rendered":"<p>Quantity in stock: 44 <\/p>\n","protected":false},"featured_media":12807,"comment_status":"closed","ping_status":"open","template":"","meta":[],"product_brand":[],"product_cat":[425],"product_tag":[],"class_list":{"0":"post-11001","1":"product","2":"type-product","3":"status-publish","4":"has-post-thumbnail","6":"product_cat-termeszetes-kiegeszitok","8":"first","9":"instock","10":"product-type-external"},"_links":{"self":[{"href":"https:\/\/vitashop.info\/hu\/wp-json\/wp\/v2\/product\/11001","targetHints":{"allow":["GET"]}}],"collection":[{"href":"https:\/\/vitashop.info\/hu\/wp-json\/wp\/v2\/product"}],"about":[{"href":"https:\/\/vitashop.info\/hu\/wp-json\/wp\/v2\/types\/product"}],"replies":[{"embeddable":true,"href":"https:\/\/vitashop.info\/hu\/wp-json\/wp\/v2\/comments?post=11001"}],"wp:featuredmedia":[{"embeddable":true,"href":"https:\/\/vitashop.info\/hu\/wp-json\/wp\/v2\/media\/12807"}],"wp:attachment":[{"href":"https:\/\/vitashop.info\/hu\/wp-json\/wp\/v2\/media?parent=11001"}],"wp:term":[{"taxonomy":"product_brand","embeddable":true,"href":"https:\/\/vitashop.info\/hu\/wp-json\/wp\/v2\/product_brand?post=11001"},{"taxonomy":"product_cat","embeddable":true,"href":"https:\/\/vitashop.info\/hu\/wp-json\/wp\/v2\/product_cat?post=11001"},{"taxonomy":"product_tag","embeddable":true,"href":"https:\/\/vitashop.info\/hu\/wp-json\/wp\/v2\/product_tag?post=11001"}],"curies":[{"name":"wp","href":"https:\/\/api.w.org\/{rel}","templated":true}]}}