{"id":10999,"date":"2026-04-13T23:57:06","date_gmt":"2026-04-13T22:57:06","guid":{"rendered":"https:\/\/vitashop.info\/hu\/produkt\/energy-memory-90-tabletta-energetizalo\/"},"modified":"2026-04-13T23:59:04","modified_gmt":"2026-04-13T22:59:04","slug":"energy-memory-90-tabletta-energetizalo","status":"publish","type":"product","link":"https:\/\/vitashop.info\/hu\/termek\/energy-memory-90-tabletta-energetizalo\/","title":{"rendered":"Energy &amp; Memory 90 tabletta &#8211; Energetiz\u00e1l\u00f3"},"content":{"rendered":"<p>Adagol\u00e1s: 1 tabletta naponta<\/p>\n<p>&nbsp;<\/p>\n<p>Le\u00edr\u00e1s:<\/p>\n<p>Az&nbsp;<strong>Energy &amp; Memory&nbsp;<\/strong>a guarana term&eacute;szetes koffeintartalm&aacute;val, lecitinnel, a szellemi &eacute;s testi aktivit&aacute;st t&aacute;mogat&oacute; vitaminokkal, &aacute;sv&aacute;nyi anyagokkal &eacute;s antioxid&aacute;nsokkal k&eacute;sz&uuml;lt&nbsp;<strong>&eacute;l&eacute;nk&iacute;t\u0151 hat&aacute;s&uacute;, komplex &eacute;trend-kieg&eacute;sz&iacute;t\u0151.<\/strong>&nbsp;A term&eacute;ket azok sz&aacute;m&aacute;ra fejlesztett&uuml;k ki, akik ment&aacute;lis &eacute;s fizikai megterhel&eacute;s mellett is a term&eacute;szetes m&oacute;dot v&aacute;lasztj&aacute;k teljes&iacute;tm&eacute;ny&uuml;k &eacute;s koncentr&aacute;l&oacute;k&eacute;pess&eacute;g&uuml;k meg\u0151rz&eacute;s&eacute;re.<\/p>\n<p>&nbsp;<\/p>\n<p>Kinek aj\u00e1nljuk:<\/p>\n<ul>&#013;<\/p>\n<li>Mindazoknak, akiknek fokozott szellemi megterhel&eacute;st kell elviselni&uuml;k, &iacute;gy p&eacute;ld&aacute;ul vizsgaid\u0151szakban vagy munkahelyi stressz eset&eacute;n a koncentr&aacute;ci&oacute;s k&eacute;pess&eacute;g&uuml;k meg\u0151rz&eacute;s&eacute;re, a f&aacute;radts&aacute;g lek&uuml;zd&eacute;s&eacute;re.<\/li>\n<p>&#013;<\/p>\n<li>Sportol&oacute;knak vagy fizikai megterhel&eacute;s sor&aacute;n a teljes&iacute;tm&eacute;ny n&ouml;vel&eacute;s&eacute;re.<\/li>\n<p>&#013;<\/p>\n<li>Fogy&oacute;k&uacute;r&aacute;z&oacute;knak.<\/li>\n<p>&#013;<\/p>\n<li>G&eacute;pj&aacute;rm\u0171vezet\u0151knek az &eacute;brenl&eacute;t fenntart&aacute;s&aacute;ra, a reflexek jav&iacute;t&aacute;s&aacute;ra.<\/li>\n<p>&#013;<\/p>\n<li>Mindenkinek, aki le akarja k&uuml;zdeni a f&aacute;radts&aacute;got &eacute;s szeretne jav&iacute;tani k&ouml;z&eacute;rzet&eacute;n.<\/li>\n<p>&#013;\n<\/ul>\n<p>&nbsp;<\/p>\n<p>Hozz\u00e1val\u00f3k:<\/p>\n<p>Kolin 200 mg<\/p>\n<p>Guarana-kivonat 100 mg<\/p>\n<p>Lecitin** 100 mg<\/p>\n<p>C-vitamin 60 mg<\/p>\n<p>Magn\u00e9zium 57 mg<\/p>\n<p>E-vitamin 6.7 mg<\/p>\n<p>Cink 5 mg<\/p>\n<p>Szel\u00e9n 20 mcg<\/p>\n<p>&nbsp;<\/p>\n<p>Mi\u00e9rt \u00e9rdemes a calivita term\u00e9keit v\u00e1lasztanod?<\/p>\n<ul>\n<li>A Calivita 30 \u00e9ve k\u00edn\u00e1l a\u00a0legmagasabb min\u0151s\u00e9gi el\u0151\u00edr\u00e1soknak\u00a0is megfelel\u0151 term\u00e9keket.<\/li>\n<li>Mindig t\u00f6reksz\u00fcnk a\u00a0legjobb forr\u00e1sb\u00f3l sz\u00e1rmaz\u00f3 term\u00e9szetes alapanyagok\u00a0\u00e9s a\u00a0jobb felsz\u00edv\u00f3d\u00e1s\u00fa, pl. szerves form\u00e1k felhaszn\u00e1l\u00e1s\u00e1ra.<\/li>\n<li>\u00c9trend-kieg\u00e9sz\u00edt\u0151ink t\u00falnyom\u00f3 t\u00f6bbs\u00e9ge az USA-ban,\u00a0gy\u00f3gyszergy\u00e1ri k\u00f6r\u00fclm\u00e9nyek k\u00f6z\u00f6tt\u00a0k\u00e9sz\u00fcl.<\/li>\n<li>A gy\u00e1rt\u00e1s a cGMP szigor\u00fa min\u0151s\u00e9gellen\u0151rz\u00e9si elveinek megfelel\u0151en,\u00a0az FDA folyamatos ellen\u0151rz\u00e9se mellett t\u00f6rt\u00e9nik, mindemellett term\u00e9keink t\u00f6bbsz\u00f6r\u00f6s bevizsg\u00e1l\u00e1si folyamaton\u00a0esnek \u00e1t.<\/li>\n<li>Valamennyi\u00a0Magyarorsz\u00e1gon forgalmazott\u00a0\u00e9trend-kieg\u00e9sz\u00edt\u0151nk \u00e9rv\u00e9nyes OGY\u00c9I\u00a0notifik\u00e1ci\u00f3val rendelkezik.<\/li>\n<\/ul>\n","protected":false},"excerpt":{"rendered":"<p>Quantity in stock: 104 <\/p>\n","protected":false},"featured_media":12128,"comment_status":"closed","ping_status":"open","template":"","meta":[],"product_brand":[],"product_cat":[425],"product_tag":[],"class_list":{"0":"post-10999","1":"product","2":"type-product","3":"status-publish","4":"has-post-thumbnail","6":"product_cat-termeszetes-kiegeszitok","8":"first","9":"instock","10":"product-type-external"},"_links":{"self":[{"href":"https:\/\/vitashop.info\/hu\/wp-json\/wp\/v2\/product\/10999","targetHints":{"allow":["GET"]}}],"collection":[{"href":"https:\/\/vitashop.info\/hu\/wp-json\/wp\/v2\/product"}],"about":[{"href":"https:\/\/vitashop.info\/hu\/wp-json\/wp\/v2\/types\/product"}],"replies":[{"embeddable":true,"href":"https:\/\/vitashop.info\/hu\/wp-json\/wp\/v2\/comments?post=10999"}],"wp:featuredmedia":[{"embeddable":true,"href":"https:\/\/vitashop.info\/hu\/wp-json\/wp\/v2\/media\/12128"}],"wp:attachment":[{"href":"https:\/\/vitashop.info\/hu\/wp-json\/wp\/v2\/media?parent=10999"}],"wp:term":[{"taxonomy":"product_brand","embeddable":true,"href":"https:\/\/vitashop.info\/hu\/wp-json\/wp\/v2\/product_brand?post=10999"},{"taxonomy":"product_cat","embeddable":true,"href":"https:\/\/vitashop.info\/hu\/wp-json\/wp\/v2\/product_cat?post=10999"},{"taxonomy":"product_tag","embeddable":true,"href":"https:\/\/vitashop.info\/hu\/wp-json\/wp\/v2\/product_tag?post=10999"}],"curies":[{"name":"wp","href":"https:\/\/api.w.org\/{rel}","templated":true}]}}