{"id":10985,"date":"2026-04-13T23:57:06","date_gmt":"2026-04-13T22:57:06","guid":{"rendered":"https:\/\/vitashop.info\/hu\/produkt\/detox-patch-12-tapasz-meregtelenito-tapasz\/"},"modified":"2026-04-20T23:59:09","modified_gmt":"2026-04-20T22:59:09","slug":"detox-patch-12-tapasz-meregtelenito-tapasz","status":"publish","type":"product","link":"https:\/\/vitashop.info\/hu\/termek\/detox-patch-12-tapasz-meregtelenito-tapasz\/","title":{"rendered":"Detox Patch 12 tapasz &#8211; M\u00e9regtelen\u00edt\u0151 tapasz"},"content":{"rendered":"<p>Adagol\u00e1s: <\/p>\n<p>&nbsp;<\/p>\n<p>Le\u00edr\u00e1s:<\/p>\n<p class=\"Norml1\">Szervezet&uuml;nk a mindennapok sor&aacute;n sz&aacute;mtalan m&eacute;reggel tal&aacute;lkozik (k&ouml;rnyezetszennyez&eacute;ssel, vegyszerekkel, gy&oacute;gyszerekkel, bizonyos &eacute;lvezeti cikkekkel), ami a m&eacute;reganyagok felhalmoz&oacute;d&aacute;s&aacute;hoz vezethet. A Detox Patch gondosan kiv&aacute;lasztott hat&oacute;anyagaival, a turmalin &aacute;ltal kibocs&aacute;tott infrav&ouml;r&ouml;s h\u0151 &eacute;s a keleti reflexol&oacute;gia seg&iacute;ts&eacute;g&eacute;vel seg&iacute;t ezeket elt&aacute;vol&iacute;tani pihen&eacute;s k&ouml;zben, term&eacute;szetes m&oacute;dszerekkel.<\/p>\n<p>&nbsp;<\/p>\n<p>Kinek aj\u00e1nljuk:<\/p>\n<ul>&#013;<\/p>\n<li>Mindenkinek a felhalmoz&oacute;dott m&eacute;reganyagok elt&aacute;vol&iacute;t&aacute;s&aacute;hoz.<\/li>\n<p>&#013;<\/p>\n<li>Azoknak, akiknek a k&uacute;raszer\u0171, hagyom&aacute;nyos m&eacute;regtelen&iacute;t&eacute;s t&uacute;l megterhel\u0151 lenne. A Detox Patch k&iacute;m&eacute;letes, finomabb hat&aacute;s&uacute; m&eacute;regtelen&iacute;t&eacute;si m&oacute;dszer.<\/li>\n<p>&#013;<\/p>\n<li>K&uacute;raszer\u0171 m&eacute;regtelen&iacute;t&eacute;s eset&eacute;n &eacute;trend-kieg&eacute;sz&iacute;t\u0151k kieg&eacute;sz&iacute;t&eacute;sek&eacute;nt.<\/li>\n<p>&#013;\n<\/ul>\n<p>&#013;<\/p>\n<p class=\"Norml1\"><strong>Alkalmaz&aacute;sa:<\/strong> A ragaszt&oacute;f&oacute;lia seg&iacute;ts&eacute;g&eacute;vel r&ouml;gz&iacute;tsd a talpadra, &eacute;s legal&aacute;bb nyolc &oacute;r&aacute;n kereszt&uuml;l viseld! Legk&eacute;nyelmesebb &eacute;jszaka alkalmazni.<\/p>\n<p>&nbsp;<\/p>\n<p>Hozz\u00e1val\u00f3k:<\/p>\n<p>Bambuszecet  g<\/p>\n<p>Ciprusecet  g<\/p>\n<p>Turmalin  g<\/p>\n<p>Szerves agaricus gomba  g<\/p>\n<p>Achyranthis gy\u00f6k\u00e9r  g<\/p>\n<p>Paeoniiae rubrae gy\u00f6k\u00e9r  g<\/p>\n<p>Szib\u00e9riai ginszeng  g<\/p>\n<p>Artemisia iwayamogi  g<\/p>\n<p>Caragana sinica  g<\/p>\n<p>Platicodon grandifloum  g<\/p>\n<p>&nbsp;<\/p>\n<p>Mi\u00e9rt \u00e9rdemes a calivita term\u00e9keit v\u00e1lasztanod?<\/p>\n<ul>\n<li>A Calivita 30 \u00e9ve k\u00edn\u00e1l a\u00a0legmagasabb min\u0151s\u00e9gi el\u0151\u00edr\u00e1soknak\u00a0is megfelel\u0151 term\u00e9keket.<\/li>\n<li>Mindig t\u00f6reksz\u00fcnk a\u00a0legjobb forr\u00e1sb\u00f3l sz\u00e1rmaz\u00f3 term\u00e9szetes alapanyagok\u00a0\u00e9s a\u00a0jobb felsz\u00edv\u00f3d\u00e1s\u00fa, pl. szerves form\u00e1k felhaszn\u00e1l\u00e1s\u00e1ra.<\/li>\n<li>\u00c9trend-kieg\u00e9sz\u00edt\u0151ink t\u00falnyom\u00f3 t\u00f6bbs\u00e9ge az USA-ban,\u00a0gy\u00f3gyszergy\u00e1ri k\u00f6r\u00fclm\u00e9nyek k\u00f6z\u00f6tt\u00a0k\u00e9sz\u00fcl.<\/li>\n<li>A gy\u00e1rt\u00e1s a cGMP szigor\u00fa min\u0151s\u00e9gellen\u0151rz\u00e9si elveinek megfelel\u0151en,\u00a0az FDA folyamatos ellen\u0151rz\u00e9se mellett t\u00f6rt\u00e9nik, mindemellett term\u00e9keink t\u00f6bbsz\u00f6r\u00f6s bevizsg\u00e1l\u00e1si folyamaton\u00a0esnek \u00e1t.<\/li>\n<li>Valamennyi\u00a0Magyarorsz\u00e1gon forgalmazott\u00a0\u00e9trend-kieg\u00e9sz\u00edt\u0151nk \u00e9rv\u00e9nyes OGY\u00c9I\u00a0notifik\u00e1ci\u00f3val rendelkezik.<\/li>\n<\/ul>\n","protected":false},"excerpt":{"rendered":"<p>Quantity in stock: 15 <\/p>\n","protected":false},"featured_media":11723,"comment_status":"closed","ping_status":"open","template":"","meta":[],"product_brand":[],"product_cat":[425],"product_tag":[],"class_list":{"0":"post-10985","1":"product","2":"type-product","3":"status-publish","4":"has-post-thumbnail","6":"product_cat-termeszetes-kiegeszitok","8":"first","9":"instock","10":"product-type-external"},"_links":{"self":[{"href":"https:\/\/vitashop.info\/hu\/wp-json\/wp\/v2\/product\/10985","targetHints":{"allow":["GET"]}}],"collection":[{"href":"https:\/\/vitashop.info\/hu\/wp-json\/wp\/v2\/product"}],"about":[{"href":"https:\/\/vitashop.info\/hu\/wp-json\/wp\/v2\/types\/product"}],"replies":[{"embeddable":true,"href":"https:\/\/vitashop.info\/hu\/wp-json\/wp\/v2\/comments?post=10985"}],"wp:featuredmedia":[{"embeddable":true,"href":"https:\/\/vitashop.info\/hu\/wp-json\/wp\/v2\/media\/11723"}],"wp:attachment":[{"href":"https:\/\/vitashop.info\/hu\/wp-json\/wp\/v2\/media?parent=10985"}],"wp:term":[{"taxonomy":"product_brand","embeddable":true,"href":"https:\/\/vitashop.info\/hu\/wp-json\/wp\/v2\/product_brand?post=10985"},{"taxonomy":"product_cat","embeddable":true,"href":"https:\/\/vitashop.info\/hu\/wp-json\/wp\/v2\/product_cat?post=10985"},{"taxonomy":"product_tag","embeddable":true,"href":"https:\/\/vitashop.info\/hu\/wp-json\/wp\/v2\/product_tag?post=10985"}],"curies":[{"name":"wp","href":"https:\/\/api.w.org\/{rel}","templated":true}]}}