{"id":10971,"date":"2024-04-19T18:04:25","date_gmt":"2024-04-19T17:04:25","guid":{"rendered":"https:\/\/vitashop.info\/hu\/produkt\/cardio-7-napi-adag-napi-sziv-errendszeri-tamogato-komplex\/"},"modified":"2024-04-19T18:04:26","modified_gmt":"2024-04-19T17:04:26","slug":"cardio-7-napi-adag-napi-sziv-errendszeri-tamogato-komplex","status":"publish","type":"product","link":"https:\/\/vitashop.info\/hu\/termek\/cardio-7-napi-adag-napi-sziv-errendszeri-tamogato-komplex\/","title":{"rendered":"Cardio 7 napi adag &#8211; Napi sz\u00edv-\u00e9rrendszeri t\u00e1mogat\u00f3 komplex"},"content":{"rendered":"<p>Adagol\u00e1s: 1 sachet \/ nap<\/p>\n<p>&nbsp;<\/p>\n<p>Le\u00edr\u00e1s:<\/p>\n<p>A Formula W504487 Cardio omega3 halolajjal, Q10-zel, fokhagym&aacute;val, MSM-mel, sz\u0151l\u0151magkivonattal &eacute;s m&eacute;g sz&aacute;mos gy&oacute;gyn&ouml;v&eacute;nnyel, vitaminnal &eacute;s &aacute;sv&aacute;nyi anyaggal t&aacute;mogatja a sz&iacute;v-&eacute;s az erek eg&eacute;szs&eacute;g&eacute;t.<\/p>\n<p>&#013;<\/p>\n<p>28 napra &eacute;s 7 napra elegend\u0151 tasakos kiszerel&eacute;sben kaphat&oacute;!<\/p>\n<p>&nbsp;<\/p>\n<p>&nbsp;<\/p>\n<p>&nbsp;<\/p>\n<p>Mi\u00e9rt \u00e9rdemes a calivita term\u00e9keit v\u00e1lasztanod?<\/p>\n<ul>\n<li>A Calivita 30 \u00e9ve k\u00edn\u00e1l a\u00a0legmagasabb min\u0151s\u00e9gi el\u0151\u00edr\u00e1soknak\u00a0is megfelel\u0151 term\u00e9keket.<\/li>\n<li>Mindig t\u00f6reksz\u00fcnk a\u00a0legjobb forr\u00e1sb\u00f3l sz\u00e1rmaz\u00f3 term\u00e9szetes alapanyagok\u00a0\u00e9s a\u00a0jobb felsz\u00edv\u00f3d\u00e1s\u00fa, pl. szerves form\u00e1k felhaszn\u00e1l\u00e1s\u00e1ra.<\/li>\n<li>\u00c9trend-kieg\u00e9sz\u00edt\u0151ink t\u00falnyom\u00f3 t\u00f6bbs\u00e9ge az USA-ban,\u00a0gy\u00f3gyszergy\u00e1ri k\u00f6r\u00fclm\u00e9nyek k\u00f6z\u00f6tt\u00a0k\u00e9sz\u00fcl.<\/li>\n<li>A gy\u00e1rt\u00e1s a cGMP szigor\u00fa min\u0151s\u00e9gellen\u0151rz\u00e9si elveinek megfelel\u0151en,\u00a0az FDA folyamatos ellen\u0151rz\u00e9se mellett t\u00f6rt\u00e9nik, mindemellett term\u00e9keink t\u00f6bbsz\u00f6r\u00f6s bevizsg\u00e1l\u00e1si folyamaton\u00a0esnek \u00e1t.<\/li>\n<li>Valamennyi\u00a0Magyarorsz\u00e1gon forgalmazott\u00a0\u00e9trend-kieg\u00e9sz\u00edt\u0151nk \u00e9rv\u00e9nyes OGY\u00c9I\u00a0notifik\u00e1ci\u00f3val rendelkezik.<\/li>\n<\/ul>\n","protected":false},"excerpt":{"rendered":"<p>Quantity in stock: 4 <\/p>\n","protected":false},"featured_media":10970,"comment_status":"closed","ping_status":"open","template":"","meta":[],"product_brand":[],"product_cat":[425],"product_tag":[],"class_list":{"0":"post-10971","1":"product","2":"type-product","3":"status-publish","4":"has-post-thumbnail","6":"product_cat-termeszetes-kiegeszitok","8":"first","9":"instock","10":"product-type-external"},"_links":{"self":[{"href":"https:\/\/vitashop.info\/hu\/wp-json\/wp\/v2\/product\/10971","targetHints":{"allow":["GET"]}}],"collection":[{"href":"https:\/\/vitashop.info\/hu\/wp-json\/wp\/v2\/product"}],"about":[{"href":"https:\/\/vitashop.info\/hu\/wp-json\/wp\/v2\/types\/product"}],"replies":[{"embeddable":true,"href":"https:\/\/vitashop.info\/hu\/wp-json\/wp\/v2\/comments?post=10971"}],"wp:featuredmedia":[{"embeddable":true,"href":"https:\/\/vitashop.info\/hu\/wp-json\/wp\/v2\/media\/10970"}],"wp:attachment":[{"href":"https:\/\/vitashop.info\/hu\/wp-json\/wp\/v2\/media?parent=10971"}],"wp:term":[{"taxonomy":"product_brand","embeddable":true,"href":"https:\/\/vitashop.info\/hu\/wp-json\/wp\/v2\/product_brand?post=10971"},{"taxonomy":"product_cat","embeddable":true,"href":"https:\/\/vitashop.info\/hu\/wp-json\/wp\/v2\/product_cat?post=10971"},{"taxonomy":"product_tag","embeddable":true,"href":"https:\/\/vitashop.info\/hu\/wp-json\/wp\/v2\/product_tag?post=10971"}],"curies":[{"name":"wp","href":"https:\/\/api.w.org\/{rel}","templated":true}]}}