{"id":10967,"date":"2026-04-13T23:57:05","date_gmt":"2026-04-13T22:57:05","guid":{"rendered":"https:\/\/vitashop.info\/hu\/produkt\/camg-with-dk-30-tabletta-kalcium-magnezium-es-d-k-vitamin-tartalmu-etrend-kiegeszito\/"},"modified":"2026-04-13T23:59:04","modified_gmt":"2026-04-13T22:59:04","slug":"camg-with-dk-30-tabletta-kalcium-magnezium-es-d-k-vitamin-tartalmu-etrend-kiegeszito","status":"publish","type":"product","link":"https:\/\/vitashop.info\/hu\/termek\/camg-with-dk-30-tabletta-kalcium-magnezium-es-d-k-vitamin-tartalmu-etrend-kiegeszito\/","title":{"rendered":"CaMg with D+K 30 tabletta &#8211; Kalcium, magn\u00e9zium \u00e9s D- + K-vitamin-tartalm\u00fa \u00e9trend-kieg\u00e9sz\u00edt\u0151"},"content":{"rendered":"<p>Adagol\u00e1s: Feln\u0151tteknek napi 1 tabletta b\u0151 folyad\u00e9kkal.<\/p>\n<p>&nbsp;<\/p>\n<p>Le\u00edr\u00e1s:<\/p>\n<p><span style=\"font-size: 10pt\">Az eg&eacute;szs&eacute;ges csontok &eacute;s er\u0151s fogak fel&eacute;p&iacute;t&eacute;s&eacute;hez szervezet&uuml;nknek kalciumra, magn&eacute;ziumra, D-vitaminra &eacute;s K-vitaminra van sz&uuml;ks&eacute;ge, melyek fokozz&aacute;k az &uacute;j csont &eacute;p&uuml;l&eacute;s&eacute;t &eacute;s cs&ouml;kkenthetik a csontritkul&aacute;s &eacute;s a csontt&ouml;r&eacute;s vesz&eacute;ly&eacute;t. Term&eacute;k&uuml;nkben mind a n&eacute;gy &ouml;sszetev\u0151 ide&aacute;lis ar&aacute;nyban tal&aacute;lhat&oacute; meg.<\/span><\/p>\n<p>&nbsp;<\/p>\n<p>Kinek aj\u00e1nljuk:<\/p>\n<ul>&#013;<\/p>\n<li><span style=\"font-size: 12pt\">Azoknak, akik nem fogyasztanak tejet, illetve tejterm&eacute;ket.<\/span><\/li>\n<p>&#013;<\/p>\n<li><span style=\"font-size: 12pt\">Doh&aacute;nyosoknak, illetve mindazoknak, akik gyakran fogyasztanak k&aacute;v&eacute;t, vagy foszforsavtartalm&uacute; sz&eacute;nsavas italokat.<\/span><\/li>\n<p>&#013;<\/p>\n<li><span style=\"font-size: 12pt\">Mozg&aacute;sszeg&eacute;ny &eacute;letm&oacute;d eset&eacute;n, hogy megakad&aacute;lyozd a kalcium ki&uuml;r&uuml;l&eacute;s&eacute;t a szervezetb\u0151l.<\/span><\/li>\n<p>&#013;<\/p>\n<li><span style=\"font-size: 12pt\">Fizikai megterhel&eacute;s eset&eacute;n a megn&ouml;vekedett kalciumsz&uuml;ks&eacute;glet kiel&eacute;g&iacute;t&eacute;se c&eacute;lj&aacute;b&oacute;l.<\/span><\/li>\n<p>&#013;<\/p>\n<li><span style=\"font-size: 12pt\">Fiataloknak, akik a&nbsp;maxim&aacute;lis csonts\u0171r\u0171s&eacute;g el&eacute;r&eacute;s&eacute;re t&ouml;rekednek.<\/span><\/li>\n<p>&#013;<\/p>\n<li><span style=\"font-size: 12pt\">K&ouml;z&eacute;pkor&uacute;aknak a csontt&ouml;meg meg\u0151rz&eacute;se &eacute;rdek&eacute;ben.<\/span><\/li>\n<p>&#013;<\/p>\n<li><span style=\"font-size: 12pt\">Id\u0151sebbeknek a csontok le&eacute;p&uuml;l&eacute;s&eacute;nek lass&iacute;t&aacute;s&aacute;ra.<\/span><\/li>\n<p>&#013;\n<\/ul>\n<p>&nbsp;<\/p>\n<p>Hozz\u00e1val\u00f3k:<\/p>\n<p>Kalcium 300 mg<\/p>\n<p>Magn\u00e9zium 150 mg<\/p>\n<p>D3-vitamin 200 NE<\/p>\n<p>K1-vitamin 90 \u00b5g<\/p>\n<p>&nbsp;<\/p>\n<p>Mi\u00e9rt \u00e9rdemes a calivita term\u00e9keit v\u00e1lasztanod?<\/p>\n<ul>\n<li>A Calivita 30 \u00e9ve k\u00edn\u00e1l a\u00a0legmagasabb min\u0151s\u00e9gi el\u0151\u00edr\u00e1soknak\u00a0is megfelel\u0151 term\u00e9keket.<\/li>\n<li>Mindig t\u00f6reksz\u00fcnk a\u00a0legjobb forr\u00e1sb\u00f3l sz\u00e1rmaz\u00f3 term\u00e9szetes alapanyagok\u00a0\u00e9s a\u00a0jobb felsz\u00edv\u00f3d\u00e1s\u00fa, pl. szerves form\u00e1k felhaszn\u00e1l\u00e1s\u00e1ra.<\/li>\n<li>\u00c9trend-kieg\u00e9sz\u00edt\u0151ink t\u00falnyom\u00f3 t\u00f6bbs\u00e9ge az USA-ban,\u00a0gy\u00f3gyszergy\u00e1ri k\u00f6r\u00fclm\u00e9nyek k\u00f6z\u00f6tt\u00a0k\u00e9sz\u00fcl.<\/li>\n<li>A gy\u00e1rt\u00e1s a cGMP szigor\u00fa min\u0151s\u00e9gellen\u0151rz\u00e9si elveinek megfelel\u0151en,\u00a0az FDA folyamatos ellen\u0151rz\u00e9se mellett t\u00f6rt\u00e9nik, mindemellett term\u00e9keink t\u00f6bbsz\u00f6r\u00f6s bevizsg\u00e1l\u00e1si folyamaton\u00a0esnek \u00e1t.<\/li>\n<li>Valamennyi\u00a0Magyarorsz\u00e1gon forgalmazott\u00a0\u00e9trend-kieg\u00e9sz\u00edt\u0151nk \u00e9rv\u00e9nyes OGY\u00c9I\u00a0notifik\u00e1ci\u00f3val rendelkezik.<\/li>\n<\/ul>\n","protected":false},"excerpt":{"rendered":"<p>Quantity in stock: 93 <\/p>\n","protected":false},"featured_media":12119,"comment_status":"closed","ping_status":"open","template":"","meta":[],"product_brand":[],"product_cat":[425],"product_tag":[],"class_list":{"0":"post-10967","1":"product","2":"type-product","3":"status-publish","4":"has-post-thumbnail","6":"product_cat-termeszetes-kiegeszitok","8":"first","9":"instock","10":"product-type-external"},"_links":{"self":[{"href":"https:\/\/vitashop.info\/hu\/wp-json\/wp\/v2\/product\/10967","targetHints":{"allow":["GET"]}}],"collection":[{"href":"https:\/\/vitashop.info\/hu\/wp-json\/wp\/v2\/product"}],"about":[{"href":"https:\/\/vitashop.info\/hu\/wp-json\/wp\/v2\/types\/product"}],"replies":[{"embeddable":true,"href":"https:\/\/vitashop.info\/hu\/wp-json\/wp\/v2\/comments?post=10967"}],"wp:featuredmedia":[{"embeddable":true,"href":"https:\/\/vitashop.info\/hu\/wp-json\/wp\/v2\/media\/12119"}],"wp:attachment":[{"href":"https:\/\/vitashop.info\/hu\/wp-json\/wp\/v2\/media?parent=10967"}],"wp:term":[{"taxonomy":"product_brand","embeddable":true,"href":"https:\/\/vitashop.info\/hu\/wp-json\/wp\/v2\/product_brand?post=10967"},{"taxonomy":"product_cat","embeddable":true,"href":"https:\/\/vitashop.info\/hu\/wp-json\/wp\/v2\/product_cat?post=10967"},{"taxonomy":"product_tag","embeddable":true,"href":"https:\/\/vitashop.info\/hu\/wp-json\/wp\/v2\/product_tag?post=10967"}],"curies":[{"name":"wp","href":"https:\/\/api.w.org\/{rel}","templated":true}]}}