{"id":11010,"date":"2025-08-19T01:22:10","date_gmt":"2025-08-19T00:22:10","guid":{"rendered":"https:\/\/vitashop.info\/hr\/product\/rhodiolin-120-kaps-protiv-stresa-i-iscrpljenosti\/"},"modified":"2025-09-30T01:24:02","modified_gmt":"2025-09-30T00:24:02","slug":"rhodiolin-120-kaps-protiv-stresa-i-iscrpljenosti","status":"publish","type":"product","link":"https:\/\/vitashop.info\/hr\/proizvod\/rhodiolin-120-kaps-protiv-stresa-i-iscrpljenosti\/","title":{"rendered":"Rhodiolin 120 kaps &#8211; Protiv stresa i iscrpljenosti"},"content":{"rendered":"<p>Doziranje: Popiti 1 kapsulu dnevno s vodom na prazan \u017eeludac.<\/p>\n<p>&nbsp;<\/p>\n<p>Opis:<\/p>\n<p>Sastojci Rhodiolina poma\u017eu tijelu kod stresa i pove\u0107anih psihi\u010dkih i fizi\u010dkih napora. <strong>Cink<\/strong> doprinosi normalnoj funkciji imunolo&scaron;kog sustava i normalnoj kognitivnoj funkciji, stoga nam mo\u017ee pomo\u0107i da se u\u010dinkovitije nosimo sa svakodnevnim stresnim na\u010dinom \u017eivota. Cink, pored svojih brojnih blagodati, doprinosi i za&scaron;titi stanica od oksidativnog stresa. Svaka kapsula sadr\u017ei i 100 mg koncentrata korijena <strong>rodiole crvene<\/strong> &scaron;to odgovara 500 mg korijena.<\/p>\n<p>&nbsp;<\/p>\n<p>&nbsp;<\/p>\n<p>Sastojci:<\/p>\n<p>ekstrakt korijena Rodiole crvene (5:1, Rhodiola rosea) 100 mg<\/p>\n<p>cink 5 mg<\/p>\n<p>&nbsp;<\/p>\n<p>Za\u0161to odabrati Calivita proizvode:<\/p>\n<ul>\n<li>S izvanrednim profesionalnim iskustvom, CaliVita ve\u0107 vi\u0161e od 30 godina nudi svoje proizvode koji zadovoljavaju najvi\u0161e propise o kvaliteti.<\/li>\n<li>Uvijek te\u017eimo upotrebi prirodnih osnovnih materijala koji potje\u010du iz najboljih izvora.<\/li>\n<li>Tijekom na\u0161eg razvoja radimo s boljom apsorpcijom, primjerice organskih oblika.<\/li>\n<li>Nudimo 100% jamstvo kvalitete za na\u0161e proizvode.<\/li>\n<li>Na\u0161i proizvodi podlije\u017eu strogoj i vi\u0161estrukoj proceduri ispitivanja kako bismo kontinuirano osigurali izvrsnu kvalitetu.<\/li>\n<li>Velika ve\u0107ina na\u0161ih dodataka prehrani proizvodi se u farmaceutskim uvjetima u SAD-u.<\/li>\n<li>Proizvodi se proizvode prema na\u010delima cGMP-a (trenutne Dobre proizvo\u0111a\u010dke prakse), a tako\u0111er se provodi stalna kontrola i redoviti zakazani audit od strane FDA (Food and Drug Administration). Blisko sura\u0111ujemo s lokalnim tijelima za izdavanje dozvola kako bismo osigurali da na\u0161i potro\u0161a\u010di uvijek dobivaju proizvode najvi\u0161e kvalitete.<\/li>\n<\/ul>\n<p>UPOZORENJE!<br \/>\n\u010cuvati izvan dohvata male djece. Preporu\u010dena dnevna doza ne smije se prekora\u010diti. Dodaci prehrani ne smiju se koristiti kao zamjena za raznoliku prehranu.<\/p>\n","protected":false},"excerpt":{"rendered":"<p>Koli\u010dina na zalihama: 8 <\/p>\n","protected":false},"featured_media":12342,"comment_status":"closed","ping_status":"open","template":"","meta":[],"product_brand":[],"product_cat":[433],"product_tag":[],"class_list":{"0":"post-11010","1":"product","2":"type-product","3":"status-publish","4":"has-post-thumbnail","6":"product_cat-prirodni-suplementi","8":"first","9":"instock","10":"product-type-external"},"_links":{"self":[{"href":"https:\/\/vitashop.info\/hr\/wp-json\/wp\/v2\/product\/11010","targetHints":{"allow":["GET"]}}],"collection":[{"href":"https:\/\/vitashop.info\/hr\/wp-json\/wp\/v2\/product"}],"about":[{"href":"https:\/\/vitashop.info\/hr\/wp-json\/wp\/v2\/types\/product"}],"replies":[{"embeddable":true,"href":"https:\/\/vitashop.info\/hr\/wp-json\/wp\/v2\/comments?post=11010"}],"wp:featuredmedia":[{"embeddable":true,"href":"https:\/\/vitashop.info\/hr\/wp-json\/wp\/v2\/media\/12342"}],"wp:attachment":[{"href":"https:\/\/vitashop.info\/hr\/wp-json\/wp\/v2\/media?parent=11010"}],"wp:term":[{"taxonomy":"product_brand","embeddable":true,"href":"https:\/\/vitashop.info\/hr\/wp-json\/wp\/v2\/product_brand?post=11010"},{"taxonomy":"product_cat","embeddable":true,"href":"https:\/\/vitashop.info\/hr\/wp-json\/wp\/v2\/product_cat?post=11010"},{"taxonomy":"product_tag","embeddable":true,"href":"https:\/\/vitashop.info\/hr\/wp-json\/wp\/v2\/product_tag?post=11010"}],"curies":[{"name":"wp","href":"https:\/\/api.w.org\/{rel}","templated":true}]}}