{"id":10974,"date":"2026-04-14T01:22:08","date_gmt":"2026-04-14T00:22:08","guid":{"rendered":"https:\/\/vitashop.info\/hr\/product\/organicare-elixir-30-ml-gel-krema-protiv-starenja-koze\/"},"modified":"2026-04-14T01:24:15","modified_gmt":"2026-04-14T00:24:15","slug":"organicare-elixir-30-ml-gel-krema-protiv-starenja-koze","status":"publish","type":"product","link":"https:\/\/vitashop.info\/hr\/proizvod\/organicare-elixir-30-ml-gel-krema-protiv-starenja-koze\/","title":{"rendered":"OrganiCare Elixir 30 ml &#8211; gel krema protiv starenja ko\u017ee"},"content":{"rendered":"<p> nanijeti ujutro i nave\u010der na lice, vrat i dekolte, nje\u017eno umasirati dok se ne upije.<\/p>\n<p>&nbsp;<\/p>\n<p>Opis:<\/p>\n<p>OrganiCare Elixir je intenzivna i koncentrirana gel krema protiv starenja. Sa snagom \u010distog gela aloje i prirodne hijaluronske kiseline niske i visoke molekularne mase, dubinski vla\u017ei ko\u017eu i trenuta\u010dno smanjuje pojavu bora. Rezultat je ujedna\u010deniji ton ko\u017ee te ljep&scaron;i, blistaviji i mladena\u010dki ten. Ova izvrsna lagana gel krema brzo se i lako upija u ko\u017eu pa je ujedno i odli\u010dna podloga za &scaron;minku.<\/p>\n<p>&#013;<\/p>\n<p>Krema sadr\u017ei 99,42% prirodnih sastojaka, a 99,01% njenih biljnih sastojaka potje\u010de iz organskog uzgoja.<\/p>\n<p>&nbsp;<\/p>\n<p>Koga preporu\u010dujemo:<\/p>\n<ul>&#013;<\/p>\n<li>za sve tipove ko\u017ee, kao dnevna i\/ili no\u0107na krema<\/li>\n<p>&#013;<\/p>\n<li>za smanjenje vidljivosti bora i u\u010dvr&scaron;\u0107ivanje ko\u017ee<\/li>\n<p>&#013;<\/p>\n<li>za dubinsku hidrataciju ko\u017ee lica<\/li>\n<p>&#013;<\/p>\n<li>za sve koji tra\u017ee intenzivnu i koncentriranu kremu protiv bora<\/li>\n<p>&#013;<\/p>\n<li>za sve koji preferiraju gel kreme koje su laganije i brzo se upijaju<\/li>\n<p>&#013;<\/p>\n<li>za sve koji tra\u017ee hidratantnu kremu kao idealnu podlogu za &scaron;minku<\/li>\n<p>&#013;<\/p>\n<li>za sve koji tra\u017ee anti-ageing kremu na bazi biljnih sastojaka iz organskog uzgoja<\/li>\n<p>&#013;\n<\/ul>\n<p>&nbsp;<\/p>\n<p>&nbsp;<\/p>\n","protected":false},"excerpt":{"rendered":"<p>Koli\u010dina na zalihama: 6 <\/p>\n","protected":false},"featured_media":11588,"comment_status":"closed","ping_status":"open","template":"","meta":[],"product_brand":[],"product_cat":[434],"product_tag":[],"class_list":{"0":"post-10974","1":"product","2":"type-product","3":"status-publish","4":"has-post-thumbnail","6":"product_cat-kozmetika","8":"first","9":"instock","10":"product-type-external"},"_links":{"self":[{"href":"https:\/\/vitashop.info\/hr\/wp-json\/wp\/v2\/product\/10974","targetHints":{"allow":["GET"]}}],"collection":[{"href":"https:\/\/vitashop.info\/hr\/wp-json\/wp\/v2\/product"}],"about":[{"href":"https:\/\/vitashop.info\/hr\/wp-json\/wp\/v2\/types\/product"}],"replies":[{"embeddable":true,"href":"https:\/\/vitashop.info\/hr\/wp-json\/wp\/v2\/comments?post=10974"}],"wp:featuredmedia":[{"embeddable":true,"href":"https:\/\/vitashop.info\/hr\/wp-json\/wp\/v2\/media\/11588"}],"wp:attachment":[{"href":"https:\/\/vitashop.info\/hr\/wp-json\/wp\/v2\/media?parent=10974"}],"wp:term":[{"taxonomy":"product_brand","embeddable":true,"href":"https:\/\/vitashop.info\/hr\/wp-json\/wp\/v2\/product_brand?post=10974"},{"taxonomy":"product_cat","embeddable":true,"href":"https:\/\/vitashop.info\/hr\/wp-json\/wp\/v2\/product_cat?post=10974"},{"taxonomy":"product_tag","embeddable":true,"href":"https:\/\/vitashop.info\/hr\/wp-json\/wp\/v2\/product_tag?post=10974"}],"curies":[{"name":"wp","href":"https:\/\/api.w.org\/{rel}","templated":true}]}}