{"id":10951,"date":"2026-04-14T01:22:08","date_gmt":"2026-04-14T00:22:08","guid":{"rendered":"https:\/\/vitashop.info\/hr\/product\/multi-one-30-tab-klasicni-multivitamin\/"},"modified":"2026-04-14T01:24:06","modified_gmt":"2026-04-14T00:24:06","slug":"multi-one-30-tab-klasicni-multivitamin","status":"publish","type":"product","link":"https:\/\/vitashop.info\/hr\/proizvod\/multi-one-30-tab-klasicni-multivitamin\/","title":{"rendered":"Multi One 30 tab &#8211; Klasi\u010dni multivitamin"},"content":{"rendered":"<p>Doziranje: Popiti 1 tabletu dnevno s vodom uz obrok.<\/p>\n<p>&nbsp;<\/p>\n<p>Opis:<\/p>\n<p>Klasi\u010dna formula sa 29 vitamina, minerala i bioflavonoida za svakodnevnu &scaron;iroku primjenu.<\/p>\n<p>&nbsp;<\/p>\n<p>&nbsp;<\/p>\n<p>Sastojci:<\/p>\n<p>kalcij 187 mg<\/p>\n<p>vitamin C 60 mg<\/p>\n<p>magnezij 57 mg<\/p>\n<p>kolin 20 mg<\/p>\n<p>inozitol 20 mg<\/p>\n<p>cink 10 mg<\/p>\n<p>niacin 10 mg<\/p>\n<p>vitamin E 7 mg -TE<\/p>\n<p>pantotenska kiselina 5 mg<\/p>\n<p>PABA 5 mg<\/p>\n<p>rutin 4 mg<\/p>\n<p>kompleks bioflavonoida iz limuna 4 mg<\/p>\n<p>\u017eeljezo 4 mg<\/p>\n<p>mangan 3 mg<\/p>\n<p>hesperidin kompleks 2 mg<\/p>\n<p>bakar 1.5 mg<\/p>\n<p>vitamin B6 1.2 mg<\/p>\n<p>vitamin B2 1.1 mg<\/p>\n<p>vitamin B1 1 mg<\/p>\n<p>beta karoten 900 \u00b5g<\/p>\n<p>folna kiselina 200 \u00b5g<\/p>\n<p>jod 80 \u00b5g<\/p>\n<p>biotin 40 \u00b5g<\/p>\n<p>krom 25 \u00b5g<\/p>\n<p>selen 20 \u00b5g<\/p>\n<p>molibden 10 \u00b5g<\/p>\n<p>vitamin B12 1 \u00b5g<\/p>\n<p>&nbsp;<\/p>\n<p>Za\u0161to odabrati Calivita proizvode:<\/p>\n<ul>\n<li>S izvanrednim profesionalnim iskustvom, CaliVita ve\u0107 vi\u0161e od 30 godina nudi svoje proizvode koji zadovoljavaju najvi\u0161e propise o kvaliteti.<\/li>\n<li>Uvijek te\u017eimo upotrebi prirodnih osnovnih materijala koji potje\u010du iz najboljih izvora.<\/li>\n<li>Tijekom na\u0161eg razvoja radimo s boljom apsorpcijom, primjerice organskih oblika.<\/li>\n<li>Nudimo 100% jamstvo kvalitete za na\u0161e proizvode.<\/li>\n<li>Na\u0161i proizvodi podlije\u017eu strogoj i vi\u0161estrukoj proceduri ispitivanja kako bismo kontinuirano osigurali izvrsnu kvalitetu.<\/li>\n<li>Velika ve\u0107ina na\u0161ih dodataka prehrani proizvodi se u farmaceutskim uvjetima u SAD-u.<\/li>\n<li>Proizvodi se proizvode prema na\u010delima cGMP-a (trenutne Dobre proizvo\u0111a\u010dke prakse), a tako\u0111er se provodi stalna kontrola i redoviti zakazani audit od strane FDA (Food and Drug Administration). Blisko sura\u0111ujemo s lokalnim tijelima za izdavanje dozvola kako bismo osigurali da na\u0161i potro\u0161a\u010di uvijek dobivaju proizvode najvi\u0161e kvalitete.<\/li>\n<\/ul>\n<p>UPOZORENJE!<br \/>\n\u010cuvati izvan dohvata male djece. Preporu\u010dena dnevna doza ne smije se prekora\u010diti. Dodaci prehrani ne smiju se koristiti kao zamjena za raznoliku prehranu.<\/p>\n","protected":false},"excerpt":{"rendered":"<p>Koli\u010dina na zalihama: 83 <\/p>\n","protected":false},"featured_media":12406,"comment_status":"closed","ping_status":"open","template":"","meta":[],"product_brand":[],"product_cat":[433],"product_tag":[],"class_list":{"0":"post-10951","1":"product","2":"type-product","3":"status-publish","4":"has-post-thumbnail","6":"product_cat-prirodni-suplementi","8":"first","9":"instock","10":"product-type-external"},"_links":{"self":[{"href":"https:\/\/vitashop.info\/hr\/wp-json\/wp\/v2\/product\/10951","targetHints":{"allow":["GET"]}}],"collection":[{"href":"https:\/\/vitashop.info\/hr\/wp-json\/wp\/v2\/product"}],"about":[{"href":"https:\/\/vitashop.info\/hr\/wp-json\/wp\/v2\/types\/product"}],"replies":[{"embeddable":true,"href":"https:\/\/vitashop.info\/hr\/wp-json\/wp\/v2\/comments?post=10951"}],"wp:featuredmedia":[{"embeddable":true,"href":"https:\/\/vitashop.info\/hr\/wp-json\/wp\/v2\/media\/12406"}],"wp:attachment":[{"href":"https:\/\/vitashop.info\/hr\/wp-json\/wp\/v2\/media?parent=10951"}],"wp:term":[{"taxonomy":"product_brand","embeddable":true,"href":"https:\/\/vitashop.info\/hr\/wp-json\/wp\/v2\/product_brand?post=10951"},{"taxonomy":"product_cat","embeddable":true,"href":"https:\/\/vitashop.info\/hr\/wp-json\/wp\/v2\/product_cat?post=10951"},{"taxonomy":"product_tag","embeddable":true,"href":"https:\/\/vitashop.info\/hr\/wp-json\/wp\/v2\/product_tag?post=10951"}],"curies":[{"name":"wp","href":"https:\/\/api.w.org\/{rel}","templated":true}]}}