{"id":10949,"date":"2026-04-14T01:22:08","date_gmt":"2026-04-14T00:22:08","guid":{"rendered":"https:\/\/vitashop.info\/hr\/product\/menopausal-formula-135-kaps-prirodno-olaksanje-u-menopauzi\/"},"modified":"2026-04-14T01:24:06","modified_gmt":"2026-04-14T00:24:06","slug":"menopausal-formula-135-kaps-prirodno-olaksanje-u-menopauzi","status":"publish","type":"product","link":"https:\/\/vitashop.info\/hr\/proizvod\/menopausal-formula-135-kaps-prirodno-olaksanje-u-menopauzi\/","title":{"rendered":"Menopausal Formula 135 kaps &#8211; Prirodno olak\u0161anje u menopauzi"},"content":{"rendered":"<p>Doziranje: Popiti 1 kapsulu dnevno s vodom poslije obroka.<\/p>\n<p>&nbsp;<\/p>\n<p>Opis:<\/p>\n<p><strong>Menopausal Formula <\/strong>je dodatak prehrani namijenjen \u017eenama u menopauzi. Sadr\u017ei <strong>vitamin B6<\/strong> koji doprinosi regulaciji hormonske aktivnosti, te <strong>vitamine B1 i B12<\/strong> koji doprinose normalnoj psiholo&scaron;koj funkciji i normalnom funkcioniranju \u017eiv\u010danog sustava.<\/p>\n<p>&nbsp;<\/p>\n<p>&nbsp;<\/p>\n<p>Sastojci:<\/p>\n<p>vitamin C 200 mg<\/p>\n<p>kalcij 200 mg<\/p>\n<p>magnezij 100 mg<\/p>\n<p>vitamin E 80 mg \u03b1-TE<\/p>\n<p>prah korijena i podanka smrdljivke (Cimicifuga racemosa) 20 mg<\/p>\n<p>prah nadzemnih dijelova bla\u017eenog \u010dkalja (Cnicus benedictus) 20 mg<\/p>\n<p>prah ploda konopljike (Vitex agnus castus) 20 mg<\/p>\n<p>prah korijena slatkog sladi\u0107a (Glycyrrhiza glabra) 20 mg<\/p>\n<p>prah korijena sibirskog ginsenga (Eleutherococcus senticosus) 20 mg<\/p>\n<p>prah korijena an\u0111elike (Angelica sinensis) 15 mg<\/p>\n<p>niacin 15 mg NE<\/p>\n<p>pantotenska kiselina 10 mg<\/p>\n<p>cink 6 mg<\/p>\n<p>PABA 5 mg<\/p>\n<p>kolin 5 mg<\/p>\n<p>inozitol 5 mg<\/p>\n<p>vitamin B1 5 mg<\/p>\n<p>vitamin B2 5 mg<\/p>\n<p>vitamin B6 5 mg<\/p>\n<p>\u017eeljezo 4.2 mg<\/p>\n<p>kompleks bioflavonoida citrusa 2 mg<\/p>\n<p>prah stabljike poljske preslice (Equisetum arvense.) 1300 \u00b5g<\/p>\n<p>vitamin A (beta karoten, retinil-acetat) 1050 \u00b5g<\/p>\n<p>mangan 1 mg<\/p>\n<p>bor 600 \u00b5g<\/p>\n<p>bakar 0.4 mg<\/p>\n<p>folna kiselina 80 \u00b5g<\/p>\n<p>biotin 60 \u00b5g<\/p>\n<p>krom 40 \u00b5g<\/p>\n<p>molibden 30 \u00b5g<\/p>\n<p>selen 21 \u00b5g<\/p>\n<p>vitamin B12 10 \u00b5g<\/p>\n<p>vitamin D3 4 \u00b5g<\/p>\n<p>&nbsp;<\/p>\n<p>Za\u0161to odabrati Calivita proizvode:<\/p>\n<ul>\n<li>S izvanrednim profesionalnim iskustvom, CaliVita ve\u0107 vi\u0161e od 30 godina nudi svoje proizvode koji zadovoljavaju najvi\u0161e propise o kvaliteti.<\/li>\n<li>Uvijek te\u017eimo upotrebi prirodnih osnovnih materijala koji potje\u010du iz najboljih izvora.<\/li>\n<li>Tijekom na\u0161eg razvoja radimo s boljom apsorpcijom, primjerice organskih oblika.<\/li>\n<li>Nudimo 100% jamstvo kvalitete za na\u0161e proizvode.<\/li>\n<li>Na\u0161i proizvodi podlije\u017eu strogoj i vi\u0161estrukoj proceduri ispitivanja kako bismo kontinuirano osigurali izvrsnu kvalitetu.<\/li>\n<li>Velika ve\u0107ina na\u0161ih dodataka prehrani proizvodi se u farmaceutskim uvjetima u SAD-u.<\/li>\n<li>Proizvodi se proizvode prema na\u010delima cGMP-a (trenutne Dobre proizvo\u0111a\u010dke prakse), a tako\u0111er se provodi stalna kontrola i redoviti zakazani audit od strane FDA (Food and Drug Administration). Blisko sura\u0111ujemo s lokalnim tijelima za izdavanje dozvola kako bismo osigurali da na\u0161i potro\u0161a\u010di uvijek dobivaju proizvode najvi\u0161e kvalitete.<\/li>\n<\/ul>\n<p>UPOZORENJE!<br \/>\n\u010cuvati izvan dohvata male djece. Preporu\u010dena dnevna doza ne smije se prekora\u010diti. Dodaci prehrani ne smiju se koristiti kao zamjena za raznoliku prehranu.<\/p>\n","protected":false},"excerpt":{"rendered":"<p>Koli\u010dina na zalihama: 60 <\/p>\n","protected":false},"featured_media":12405,"comment_status":"closed","ping_status":"open","template":"","meta":[],"product_brand":[],"product_cat":[433],"product_tag":[],"class_list":{"0":"post-10949","1":"product","2":"type-product","3":"status-publish","4":"has-post-thumbnail","6":"product_cat-prirodni-suplementi","8":"first","9":"instock","10":"product-type-external"},"_links":{"self":[{"href":"https:\/\/vitashop.info\/hr\/wp-json\/wp\/v2\/product\/10949","targetHints":{"allow":["GET"]}}],"collection":[{"href":"https:\/\/vitashop.info\/hr\/wp-json\/wp\/v2\/product"}],"about":[{"href":"https:\/\/vitashop.info\/hr\/wp-json\/wp\/v2\/types\/product"}],"replies":[{"embeddable":true,"href":"https:\/\/vitashop.info\/hr\/wp-json\/wp\/v2\/comments?post=10949"}],"wp:featuredmedia":[{"embeddable":true,"href":"https:\/\/vitashop.info\/hr\/wp-json\/wp\/v2\/media\/12405"}],"wp:attachment":[{"href":"https:\/\/vitashop.info\/hr\/wp-json\/wp\/v2\/media?parent=10949"}],"wp:term":[{"taxonomy":"product_brand","embeddable":true,"href":"https:\/\/vitashop.info\/hr\/wp-json\/wp\/v2\/product_brand?post=10949"},{"taxonomy":"product_cat","embeddable":true,"href":"https:\/\/vitashop.info\/hr\/wp-json\/wp\/v2\/product_cat?post=10949"},{"taxonomy":"product_tag","embeddable":true,"href":"https:\/\/vitashop.info\/hr\/wp-json\/wp\/v2\/product_tag?post=10949"}],"curies":[{"name":"wp","href":"https:\/\/api.w.org\/{rel}","templated":true}]}}