{"id":10933,"date":"2026-04-14T01:22:07","date_gmt":"2026-04-14T00:22:07","guid":{"rendered":"https:\/\/vitashop.info\/hr\/product\/lion-kids-d-90-tab-multivitamini-za-djecu-sa-sladilom\/"},"modified":"2026-04-14T01:24:05","modified_gmt":"2026-04-14T00:24:05","slug":"lion-kids-d-90-tab-multivitamini-za-djecu-sa-sladilom","status":"publish","type":"product","link":"https:\/\/vitashop.info\/hr\/proizvod\/lion-kids-d-90-tab-multivitamini-za-djecu-sa-sladilom\/","title":{"rendered":"Lion Kids +D 90 tab &#8211; Multivitamini za djecu, sa sladilom"},"content":{"rendered":"<p>Doziranje: Djeca 4-10 godina sa\u017evakati 1 tabletu dnevno nakon obroka. Djeca iznad 10 godina sa\u017evakati najvi\u0161e 3 tablete dnevno nakon obroka.<\/p>\n<p>&nbsp;<\/p>\n<p>Opis:<\/p>\n<p><strong>ZA KIKI\u0106E<\/strong><\/p>\n<p>&#013;<\/p>\n<p>Multivitaminsko-mineralna formula s vitaminom D za djecu.<\/p>\n<p>&#013;<\/p>\n<p>Lion Kids +D su ukusne tablete za \u017evakanje u obliku \u017eivotinja s vo\u0107nim okusom, posebno prilago\u0111ene djeci.<\/p>\n<p>&#013;<\/p>\n<p>Sadr\u017ei vitamin D koji je potreban za normalan rast i razvoj kostiju kod djece.<\/p>\n<p>&#013;<\/p>\n<p>Za djecu stariju od 4 godine.<\/p>\n<p>&nbsp;<\/p>\n<p>&nbsp;<\/p>\n<p>Sastojci:<\/p>\n<p>vitamin C 35 mg<\/p>\n<p>niacin 7 mg<\/p>\n<p>vitamin E 7 mg \u03b1-TE<\/p>\n<p>pantotenska kiselina 3 mg<\/p>\n<p>\u017eeljezo 3 mg<\/p>\n<p>cink 2 mg<\/p>\n<p>inozitol 1.6 mg<\/p>\n<p>beta karoten 0.9 mg<\/p>\n<p>vitamin B6 0.7 mg<\/p>\n<p>vitamin B2 0.6 mg<\/p>\n<p>vitamin B1 0.5 mg<\/p>\n<p>mangan 0.1 mg<\/p>\n<p>folna kiselina 100 \u00b5g<\/p>\n<p>bakar 70 \u00b5g<\/p>\n<p>biotin 35 \u00b5g<\/p>\n<p>jod 10 \u00b5g<\/p>\n<p>selen 10 \u00b5g<\/p>\n<p>krom 5 \u00b5g<\/p>\n<p>vitamin D3 5 \u00b5g<\/p>\n<p>vitamin B12 1 \u00b5g<\/p>\n<p>&nbsp;<\/p>\n<p>Za\u0161to odabrati Calivita proizvode:<\/p>\n<ul>\n<li>S izvanrednim profesionalnim iskustvom, CaliVita ve\u0107 vi\u0161e od 30 godina nudi svoje proizvode koji zadovoljavaju najvi\u0161e propise o kvaliteti.<\/li>\n<li>Uvijek te\u017eimo upotrebi prirodnih osnovnih materijala koji potje\u010du iz najboljih izvora.<\/li>\n<li>Tijekom na\u0161eg razvoja radimo s boljom apsorpcijom, primjerice organskih oblika.<\/li>\n<li>Nudimo 100% jamstvo kvalitete za na\u0161e proizvode.<\/li>\n<li>Na\u0161i proizvodi podlije\u017eu strogoj i vi\u0161estrukoj proceduri ispitivanja kako bismo kontinuirano osigurali izvrsnu kvalitetu.<\/li>\n<li>Velika ve\u0107ina na\u0161ih dodataka prehrani proizvodi se u farmaceutskim uvjetima u SAD-u.<\/li>\n<li>Proizvodi se proizvode prema na\u010delima cGMP-a (trenutne Dobre proizvo\u0111a\u010dke prakse), a tako\u0111er se provodi stalna kontrola i redoviti zakazani audit od strane FDA (Food and Drug Administration). Blisko sura\u0111ujemo s lokalnim tijelima za izdavanje dozvola kako bismo osigurali da na\u0161i potro\u0161a\u010di uvijek dobivaju proizvode najvi\u0161e kvalitete.<\/li>\n<\/ul>\n<p>UPOZORENJE!<br \/>\n\u010cuvati izvan dohvata male djece. Preporu\u010dena dnevna doza ne smije se prekora\u010diti. Dodaci prehrani ne smiju se koristiti kao zamjena za raznoliku prehranu.<\/p>\n","protected":false},"excerpt":{"rendered":"<p>Koli\u010dina na zalihama: 30 <\/p>\n","protected":false},"featured_media":12394,"comment_status":"closed","ping_status":"open","template":"","meta":[],"product_brand":[],"product_cat":[433],"product_tag":[],"class_list":{"0":"post-10933","1":"product","2":"type-product","3":"status-publish","4":"has-post-thumbnail","6":"product_cat-prirodni-suplementi","8":"first","9":"instock","10":"product-type-external"},"_links":{"self":[{"href":"https:\/\/vitashop.info\/hr\/wp-json\/wp\/v2\/product\/10933","targetHints":{"allow":["GET"]}}],"collection":[{"href":"https:\/\/vitashop.info\/hr\/wp-json\/wp\/v2\/product"}],"about":[{"href":"https:\/\/vitashop.info\/hr\/wp-json\/wp\/v2\/types\/product"}],"replies":[{"embeddable":true,"href":"https:\/\/vitashop.info\/hr\/wp-json\/wp\/v2\/comments?post=10933"}],"wp:featuredmedia":[{"embeddable":true,"href":"https:\/\/vitashop.info\/hr\/wp-json\/wp\/v2\/media\/12394"}],"wp:attachment":[{"href":"https:\/\/vitashop.info\/hr\/wp-json\/wp\/v2\/media?parent=10933"}],"wp:term":[{"taxonomy":"product_brand","embeddable":true,"href":"https:\/\/vitashop.info\/hr\/wp-json\/wp\/v2\/product_brand?post=10933"},{"taxonomy":"product_cat","embeddable":true,"href":"https:\/\/vitashop.info\/hr\/wp-json\/wp\/v2\/product_cat?post=10933"},{"taxonomy":"product_tag","embeddable":true,"href":"https:\/\/vitashop.info\/hr\/wp-json\/wp\/v2\/product_tag?post=10933"}],"curies":[{"name":"wp","href":"https:\/\/api.w.org\/{rel}","templated":true}]}}