{"id":10927,"date":"2026-04-14T01:22:07","date_gmt":"2026-04-14T00:22:07","guid":{"rendered":"https:\/\/vitashop.info\/hr\/product\/joint-protex-forte-90-tab-zglobovi-i-vezivno-tkivo\/"},"modified":"2026-04-14T01:24:05","modified_gmt":"2026-04-14T00:24:05","slug":"joint-protex-forte-90-tab-zglobovi-i-vezivno-tkivo","status":"publish","type":"product","link":"https:\/\/vitashop.info\/hr\/proizvod\/joint-protex-forte-90-tab-zglobovi-i-vezivno-tkivo\/","title":{"rendered":"Joint Protex Forte 90 tab &#8211; Zglobovi i vezivno tkivo"},"content":{"rendered":"<p>Doziranje: Popiti 1 tabletu s vodom dnevno uz obrok.<\/p>\n<p>&nbsp;<\/p>\n<p>Opis:<\/p>\n<p>Mangan u proizvodu Joint ProteX FORTE doprinosi odr\u017eavanju normalnih kostijui ima ulogu u stvaranju vezivnog tkiva.<\/p>\n<p>&#013;<\/p>\n<p>Kompleksna formula s glukozaminom, kondroitinom i MSM-om nadopunjena ekstraktima tamjana i kurkume.<\/p>\n<p>&nbsp;<\/p>\n<p>&nbsp;<\/p>\n<p>Sastojci:<\/p>\n<p>glukozamin 500 mg<\/p>\n<p>kondroitin 270 mg<\/p>\n<p>metilsulfonilmetan (MSM) 150 mg<\/p>\n<p>hijaluronska kiselina 50 mg<\/p>\n<p>ekstrakt smole indijskog tamjanovca (Boswellia serrata, std. 25% bosvelinske kiseline) 50 mg<\/p>\n<p>prah nadzemnih dijelova suru\u010dice (Filipendula ulmaria) 40 mg<\/p>\n<p>ekstrakt korijena kurkume (Curcuma longa, std. 25% kurkumina) 10 mg<\/p>\n<p>cink 5 mg<\/p>\n<p>mangan 1 mg<\/p>\n<p>&nbsp;<\/p>\n<p>Za\u0161to odabrati Calivita proizvode:<\/p>\n<ul>\n<li>S izvanrednim profesionalnim iskustvom, CaliVita ve\u0107 vi\u0161e od 30 godina nudi svoje proizvode koji zadovoljavaju najvi\u0161e propise o kvaliteti.<\/li>\n<li>Uvijek te\u017eimo upotrebi prirodnih osnovnih materijala koji potje\u010du iz najboljih izvora.<\/li>\n<li>Tijekom na\u0161eg razvoja radimo s boljom apsorpcijom, primjerice organskih oblika.<\/li>\n<li>Nudimo 100% jamstvo kvalitete za na\u0161e proizvode.<\/li>\n<li>Na\u0161i proizvodi podlije\u017eu strogoj i vi\u0161estrukoj proceduri ispitivanja kako bismo kontinuirano osigurali izvrsnu kvalitetu.<\/li>\n<li>Velika ve\u0107ina na\u0161ih dodataka prehrani proizvodi se u farmaceutskim uvjetima u SAD-u.<\/li>\n<li>Proizvodi se proizvode prema na\u010delima cGMP-a (trenutne Dobre proizvo\u0111a\u010dke prakse), a tako\u0111er se provodi stalna kontrola i redoviti zakazani audit od strane FDA (Food and Drug Administration). Blisko sura\u0111ujemo s lokalnim tijelima za izdavanje dozvola kako bismo osigurali da na\u0161i potro\u0161a\u010di uvijek dobivaju proizvode najvi\u0161e kvalitete.<\/li>\n<\/ul>\n<p>UPOZORENJE!<br \/>\n\u010cuvati izvan dohvata male djece. Preporu\u010dena dnevna doza ne smije se prekora\u010diti. Dodaci prehrani ne smiju se koristiti kao zamjena za raznoliku prehranu.<\/p>\n","protected":false},"excerpt":{"rendered":"<p>Koli\u010dina na zalihama: 138 <\/p>\n","protected":false},"featured_media":12392,"comment_status":"closed","ping_status":"open","template":"","meta":[],"product_brand":[],"product_cat":[433],"product_tag":[],"class_list":{"0":"post-10927","1":"product","2":"type-product","3":"status-publish","4":"has-post-thumbnail","6":"product_cat-prirodni-suplementi","8":"first","9":"instock","10":"product-type-external"},"_links":{"self":[{"href":"https:\/\/vitashop.info\/hr\/wp-json\/wp\/v2\/product\/10927","targetHints":{"allow":["GET"]}}],"collection":[{"href":"https:\/\/vitashop.info\/hr\/wp-json\/wp\/v2\/product"}],"about":[{"href":"https:\/\/vitashop.info\/hr\/wp-json\/wp\/v2\/types\/product"}],"replies":[{"embeddable":true,"href":"https:\/\/vitashop.info\/hr\/wp-json\/wp\/v2\/comments?post=10927"}],"wp:featuredmedia":[{"embeddable":true,"href":"https:\/\/vitashop.info\/hr\/wp-json\/wp\/v2\/media\/12392"}],"wp:attachment":[{"href":"https:\/\/vitashop.info\/hr\/wp-json\/wp\/v2\/media?parent=10927"}],"wp:term":[{"taxonomy":"product_brand","embeddable":true,"href":"https:\/\/vitashop.info\/hr\/wp-json\/wp\/v2\/product_brand?post=10927"},{"taxonomy":"product_cat","embeddable":true,"href":"https:\/\/vitashop.info\/hr\/wp-json\/wp\/v2\/product_cat?post=10927"},{"taxonomy":"product_tag","embeddable":true,"href":"https:\/\/vitashop.info\/hr\/wp-json\/wp\/v2\/product_tag?post=10927"}],"curies":[{"name":"wp","href":"https:\/\/api.w.org\/{rel}","templated":true}]}}