{"id":10919,"date":"2026-04-14T01:22:07","date_gmt":"2026-04-14T00:22:07","guid":{"rendered":"https:\/\/vitashop.info\/hr\/product\/immun-v-30-vegetarijanskih-kapsula-imunitet\/"},"modified":"2026-04-14T01:24:13","modified_gmt":"2026-04-14T00:24:13","slug":"immun-v-30-vegetarijanskih-kapsula-imunitet","status":"publish","type":"product","link":"https:\/\/vitashop.info\/hr\/proizvod\/immun-v-30-vegetarijanskih-kapsula-imunitet\/","title":{"rendered":"Immun-V 30 vegetarijanskih kapsula &#8211; imunitet"},"content":{"rendered":"<p>Doziranje: Popiti 1 kapsulu dnevno s vodom prije obroka.<\/p>\n<p>&nbsp;<\/p>\n<p>Opis:<\/p>\n<p>Immun-V* je kompleksan dodatak prehrani s jedinstvenom kombinacijom vitamina, minerala i biljnih aktivnih sastojaka <strong>za potporu imunolo&scaron;kom sustavu.&nbsp;<\/strong><\/p>\n<p>&#013;<\/p>\n<p>Sadr\u017ei cink i vitamin D koji doprinose normalnoj funkciji imunolo&scaron;kog sustava.<\/p>\n<p>&#013;<\/p>\n<p>*Ovaj se proizvod u drugim dr\u017eavama prodaje pod imenom Immun-virex<\/p>\n<p>&#013;<\/p>\n<p><a href=\"https:\/\/view.publitas.com\/calivita-hrvatska\/calinews-2021-proljece\/page\/10-11\" target=\"_blank\"> &gt;&gt;&gt; CaliNews: pro\u010ditajte vi&scaron;e o Immun-V-u<\/a><\/p>\n<p>&#013;<\/p>\n<p>&nbsp;<\/p>\n<p>&nbsp;<\/p>\n<p>&nbsp;<\/p>\n<p>Sastojci:<\/p>\n<p>kvercetin 200 mg<\/p>\n<p>prah korijena kudzu (Pueraria lobata) 50 mg<\/p>\n<p>beta glukan 30 mg<\/p>\n<p>cink 10 mg<\/p>\n<p>bioperin, ekstrakt ploda crnog papra (Piper nigrum) 5 mg<\/p>\n<p>vitamin D3 10 \u00b5g<\/p>\n<p>&nbsp;&nbsp;&nbsp;Lactobacillus rhamnosus 100 milijuna (10<sup>8<\/sup>) CFU<\/p>\n<p>&nbsp;<\/p>\n<p>Za\u0161to odabrati Calivita proizvode:<\/p>\n<ul>\n<li>S izvanrednim profesionalnim iskustvom, CaliVita ve\u0107 vi\u0161e od 30 godina nudi svoje proizvode koji zadovoljavaju najvi\u0161e propise o kvaliteti.<\/li>\n<li>Uvijek te\u017eimo upotrebi prirodnih osnovnih materijala koji potje\u010du iz najboljih izvora.<\/li>\n<li>Tijekom na\u0161eg razvoja radimo s boljom apsorpcijom, primjerice organskih oblika.<\/li>\n<li>Nudimo 100% jamstvo kvalitete za na\u0161e proizvode.<\/li>\n<li>Na\u0161i proizvodi podlije\u017eu strogoj i vi\u0161estrukoj proceduri ispitivanja kako bismo kontinuirano osigurali izvrsnu kvalitetu.<\/li>\n<li>Velika ve\u0107ina na\u0161ih dodataka prehrani proizvodi se u farmaceutskim uvjetima u SAD-u.<\/li>\n<li>Proizvodi se proizvode prema na\u010delima cGMP-a (trenutne Dobre proizvo\u0111a\u010dke prakse), a tako\u0111er se provodi stalna kontrola i redoviti zakazani audit od strane FDA (Food and Drug Administration). Blisko sura\u0111ujemo s lokalnim tijelima za izdavanje dozvola kako bismo osigurali da na\u0161i potro\u0161a\u010di uvijek dobivaju proizvode najvi\u0161e kvalitete.<\/li>\n<\/ul>\n<p>UPOZORENJE!<br \/>\n\u010cuvati izvan dohvata male djece. Preporu\u010dena dnevna doza ne smije se prekora\u010diti. Dodaci prehrani ne smiju se koristiti kao zamjena za raznoliku prehranu.<\/p>\n","protected":false},"excerpt":{"rendered":"<p>Koli\u010dina na zalihama: 52 <\/p>\n","protected":false},"featured_media":12503,"comment_status":"closed","ping_status":"open","template":"","meta":[],"product_brand":[],"product_cat":[433],"product_tag":[],"class_list":{"0":"post-10919","1":"product","2":"type-product","3":"status-publish","4":"has-post-thumbnail","6":"product_cat-prirodni-suplementi","8":"first","9":"instock","10":"product-type-external"},"_links":{"self":[{"href":"https:\/\/vitashop.info\/hr\/wp-json\/wp\/v2\/product\/10919","targetHints":{"allow":["GET"]}}],"collection":[{"href":"https:\/\/vitashop.info\/hr\/wp-json\/wp\/v2\/product"}],"about":[{"href":"https:\/\/vitashop.info\/hr\/wp-json\/wp\/v2\/types\/product"}],"replies":[{"embeddable":true,"href":"https:\/\/vitashop.info\/hr\/wp-json\/wp\/v2\/comments?post=10919"}],"wp:featuredmedia":[{"embeddable":true,"href":"https:\/\/vitashop.info\/hr\/wp-json\/wp\/v2\/media\/12503"}],"wp:attachment":[{"href":"https:\/\/vitashop.info\/hr\/wp-json\/wp\/v2\/media?parent=10919"}],"wp:term":[{"taxonomy":"product_brand","embeddable":true,"href":"https:\/\/vitashop.info\/hr\/wp-json\/wp\/v2\/product_brand?post=10919"},{"taxonomy":"product_cat","embeddable":true,"href":"https:\/\/vitashop.info\/hr\/wp-json\/wp\/v2\/product_cat?post=10919"},{"taxonomy":"product_tag","embeddable":true,"href":"https:\/\/vitashop.info\/hr\/wp-json\/wp\/v2\/product_tag?post=10919"}],"curies":[{"name":"wp","href":"https:\/\/api.w.org\/{rel}","templated":true}]}}