{"id":10916,"date":"2026-04-14T01:22:07","date_gmt":"2026-04-14T00:22:07","guid":{"rendered":"https:\/\/vitashop.info\/hr\/product\/gummy-kids-100-gumenih-medvjedica-multivitaminski-gumeni-medvjedici\/"},"modified":"2026-04-14T01:24:15","modified_gmt":"2026-04-14T00:24:15","slug":"gummy-kids-100-gumenih-medvjedica-multivitaminski-gumeni-medvjedici","status":"publish","type":"product","link":"https:\/\/vitashop.info\/hr\/proizvod\/gummy-kids-100-gumenih-medvjedica-multivitaminski-gumeni-medvjedici\/","title":{"rendered":"Gummy Kids 100 gumenih medvjedi\u0107a &#8211; multivitaminski gumeni medvjedi\u0107i"},"content":{"rendered":"<p>Doziranje: Djeca starija od 4 godine i odrasli sa\u017evakati 2 gumena medvjedi\u0107a dnevno nakon obroka.<\/p>\n<p>&nbsp;<\/p>\n<p>Opis:<\/p>\n<p><strong>Gummy Kids<\/strong> su ukusni multivitaminski gumeni bomboni u obliku medvjedi\u0107a posebno razvijeni za djecu. &Scaron;areni gumeni medvjedi\u0107i s okusom jagode i jabuke sadr\u017ee va\u017ene vitamine i minerale potrebne za uravnote\u017een razvoj djece &#8211; vitamine C, B6, B12 i folnu kiselinu za normalnu funkciju imunolo&scaron;kog sustava, vitamin D za normalan rast i razvoj kostiju kod djece, te minerale cink i jod koji doprinose&nbsp;normalnoj kognitivnoj funkciji.<\/p>\n<p>&#013;<\/p>\n<p>Na&scaron; proizvod je napravljen uz dodatak prirodnih aroma i prirodnih boja i ne sadr\u017ei sladila.<\/p>\n<p>&#013;<\/p>\n<p>Namijenjen je djeci od 4. godine, a mogu ga uzimati i odrasli.<\/p>\n<p>&#013;<\/p>\n<p>&nbsp;<\/p>\n<p>&nbsp;<\/p>\n<p>&nbsp;<\/p>\n<p>Sastojci:<\/p>\n<p>vitamin C 80 mg<\/p>\n<p>niacin 16 mg NE<\/p>\n<p>vitamin E 12 mg \u03b1-TE<\/p>\n<p>cink 3 mg<\/p>\n<p>vitamin B6 1.4 mg<\/p>\n<p>vitamin A 400 \u00b5g RE<\/p>\n<p>folna kiselina 200 \u00b5g<\/p>\n<p>Vitamin K1 75 \u00b5g<\/p>\n<p>biotin 50 \u00b5g<\/p>\n<p>jod 45 \u00b5g<\/p>\n<p>vitamin D3 5 \u00b5g<\/p>\n<p>vitamin B12 2.5 \u00b5g<\/p>\n<p>&nbsp;<\/p>\n<p>Za\u0161to odabrati Calivita proizvode:<\/p>\n<ul>\n<li>S izvanrednim profesionalnim iskustvom, CaliVita ve\u0107 vi\u0161e od 30 godina nudi svoje proizvode koji zadovoljavaju najvi\u0161e propise o kvaliteti.<\/li>\n<li>Uvijek te\u017eimo upotrebi prirodnih osnovnih materijala koji potje\u010du iz najboljih izvora.<\/li>\n<li>Tijekom na\u0161eg razvoja radimo s boljom apsorpcijom, primjerice organskih oblika.<\/li>\n<li>Nudimo 100% jamstvo kvalitete za na\u0161e proizvode.<\/li>\n<li>Na\u0161i proizvodi podlije\u017eu strogoj i vi\u0161estrukoj proceduri ispitivanja kako bismo kontinuirano osigurali izvrsnu kvalitetu.<\/li>\n<li>Velika ve\u0107ina na\u0161ih dodataka prehrani proizvodi se u farmaceutskim uvjetima u SAD-u.<\/li>\n<li>Proizvodi se proizvode prema na\u010delima cGMP-a (trenutne Dobre proizvo\u0111a\u010dke prakse), a tako\u0111er se provodi stalna kontrola i redoviti zakazani audit od strane FDA (Food and Drug Administration). Blisko sura\u0111ujemo s lokalnim tijelima za izdavanje dozvola kako bismo osigurali da na\u0161i potro\u0161a\u010di uvijek dobivaju proizvode najvi\u0161e kvalitete.<\/li>\n<\/ul>\n<p>UPOZORENJE!<br \/>\n\u010cuvati izvan dohvata male djece. Preporu\u010dena dnevna doza ne smije se prekora\u010diti. Dodaci prehrani ne smiju se koristiti kao zamjena za raznoliku prehranu.<\/p>\n","protected":false},"excerpt":{"rendered":"<p>Koli\u010dina na zalihama: 25 <\/p>\n","protected":false},"featured_media":11571,"comment_status":"closed","ping_status":"open","template":"","meta":[],"product_brand":[],"product_cat":[433],"product_tag":[],"class_list":{"0":"post-10916","1":"product","2":"type-product","3":"status-publish","4":"has-post-thumbnail","6":"product_cat-prirodni-suplementi","8":"first","9":"instock","10":"product-type-external"},"_links":{"self":[{"href":"https:\/\/vitashop.info\/hr\/wp-json\/wp\/v2\/product\/10916","targetHints":{"allow":["GET"]}}],"collection":[{"href":"https:\/\/vitashop.info\/hr\/wp-json\/wp\/v2\/product"}],"about":[{"href":"https:\/\/vitashop.info\/hr\/wp-json\/wp\/v2\/types\/product"}],"replies":[{"embeddable":true,"href":"https:\/\/vitashop.info\/hr\/wp-json\/wp\/v2\/comments?post=10916"}],"wp:featuredmedia":[{"embeddable":true,"href":"https:\/\/vitashop.info\/hr\/wp-json\/wp\/v2\/media\/11571"}],"wp:attachment":[{"href":"https:\/\/vitashop.info\/hr\/wp-json\/wp\/v2\/media?parent=10916"}],"wp:term":[{"taxonomy":"product_brand","embeddable":true,"href":"https:\/\/vitashop.info\/hr\/wp-json\/wp\/v2\/product_brand?post=10916"},{"taxonomy":"product_cat","embeddable":true,"href":"https:\/\/vitashop.info\/hr\/wp-json\/wp\/v2\/product_cat?post=10916"},{"taxonomy":"product_tag","embeddable":true,"href":"https:\/\/vitashop.info\/hr\/wp-json\/wp\/v2\/product_tag?post=10916"}],"curies":[{"name":"wp","href":"https:\/\/api.w.org\/{rel}","templated":true}]}}