{"id":10912,"date":"2024-05-02T17:25:33","date_gmt":"2024-05-02T16:25:33","guid":{"rendered":"https:\/\/vitashop.info\/hr\/product\/gravital-juice-946-ml-100-organski-sok-iz-graviole-i-aloe-vere-sa-sladilom\/"},"modified":"2026-04-14T01:24:05","modified_gmt":"2026-04-14T00:24:05","slug":"gravital-juice-946-ml-100-organski-sok-iz-graviole-i-aloe-vere-sa-sladilom","status":"publish","type":"product","link":"https:\/\/vitashop.info\/hr\/proizvod\/gravital-juice-946-ml-100-organski-sok-iz-graviole-i-aloe-vere-sa-sladilom\/","title":{"rendered":"Gravital Juice 946 ml &#8211; 100% organski sok iz graviole i Aloe vere, sa sladilom"},"content":{"rendered":"<p>Doziranje: 1&#215;30 ml (=2 ju\u0161ne \u017elice) pomije\u0161ati s vodom i popiti.<\/p>\n<p>&nbsp;<\/p>\n<p>Opis:<\/p>\n<p>GraVital juice je 100%&nbsp;organski sok ploda graviole i Aloe vere, nadopunjen jo&scaron; mangostinom (Garcinia&nbsp;mangostana) i indijskom smokvom. Sna\u017ena antioksidativna formula bogata vlaknima, bioflavonoidima i mineralima.<\/p>\n<p>&#013;<\/p>\n<p>GraVital juice ima <strong>USDA Organic certifikat<\/strong> koji potvr\u0111uje da se radi o organskom proizvodu i jam\u010di da njegovi sastojci potje\u010du iz strogo kontrolirane organske poljoprivrede, a uzgajaju se bez upotrebe aditiva, regulatora rasta, sinteti\u010dkih gnojiva i pesticida.<\/p>\n<p>&nbsp;<\/p>\n<p>&nbsp;<\/p>\n<p>Sastojci:<\/p>\n<p>pire ploda graviole iz organskog uzgoja (Annona muricata) 9585 mg<\/p>\n<p>sok lista Aloe vera iz organskog uzgoja (Aloe barbadensis miller) 8580 mg<\/p>\n<p>pire ploda mangostina iz organskog uzgoja (Garcinia mangostana) 1430 mg<\/p>\n<p>list i plod indijske smokve iz organskog uzgoja (Opuntia ficus indica) 1430 mg<\/p>\n<p>&nbsp;<\/p>\n<p>Za\u0161to odabrati Calivita proizvode:<\/p>\n<ul>\n<li>S izvanrednim profesionalnim iskustvom, CaliVita ve\u0107 vi\u0161e od 30 godina nudi svoje proizvode koji zadovoljavaju najvi\u0161e propise o kvaliteti.<\/li>\n<li>Uvijek te\u017eimo upotrebi prirodnih osnovnih materijala koji potje\u010du iz najboljih izvora.<\/li>\n<li>Tijekom na\u0161eg razvoja radimo s boljom apsorpcijom, primjerice organskih oblika.<\/li>\n<li>Nudimo 100% jamstvo kvalitete za na\u0161e proizvode.<\/li>\n<li>Na\u0161i proizvodi podlije\u017eu strogoj i vi\u0161estrukoj proceduri ispitivanja kako bismo kontinuirano osigurali izvrsnu kvalitetu.<\/li>\n<li>Velika ve\u0107ina na\u0161ih dodataka prehrani proizvodi se u farmaceutskim uvjetima u SAD-u.<\/li>\n<li>Proizvodi se proizvode prema na\u010delima cGMP-a (trenutne Dobre proizvo\u0111a\u010dke prakse), a tako\u0111er se provodi stalna kontrola i redoviti zakazani audit od strane FDA (Food and Drug Administration). Blisko sura\u0111ujemo s lokalnim tijelima za izdavanje dozvola kako bismo osigurali da na\u0161i potro\u0161a\u010di uvijek dobivaju proizvode najvi\u0161e kvalitete.<\/li>\n<\/ul>\n<p>UPOZORENJE!<br \/>\n\u010cuvati izvan dohvata male djece. Preporu\u010dena dnevna doza ne smije se prekora\u010diti. Dodaci prehrani ne smiju se koristiti kao zamjena za raznoliku prehranu.<\/p>\n","protected":false},"excerpt":{"rendered":"<p>Koli\u010dina na zalihama: 86 <\/p>\n","protected":false},"featured_media":12385,"comment_status":"closed","ping_status":"open","template":"","meta":[],"product_brand":[],"product_cat":[433],"product_tag":[],"class_list":{"0":"post-10912","1":"product","2":"type-product","3":"status-publish","4":"has-post-thumbnail","6":"product_cat-prirodni-suplementi","8":"first","9":"instock","10":"product-type-external"},"_links":{"self":[{"href":"https:\/\/vitashop.info\/hr\/wp-json\/wp\/v2\/product\/10912","targetHints":{"allow":["GET"]}}],"collection":[{"href":"https:\/\/vitashop.info\/hr\/wp-json\/wp\/v2\/product"}],"about":[{"href":"https:\/\/vitashop.info\/hr\/wp-json\/wp\/v2\/types\/product"}],"replies":[{"embeddable":true,"href":"https:\/\/vitashop.info\/hr\/wp-json\/wp\/v2\/comments?post=10912"}],"wp:featuredmedia":[{"embeddable":true,"href":"https:\/\/vitashop.info\/hr\/wp-json\/wp\/v2\/media\/12385"}],"wp:attachment":[{"href":"https:\/\/vitashop.info\/hr\/wp-json\/wp\/v2\/media?parent=10912"}],"wp:term":[{"taxonomy":"product_brand","embeddable":true,"href":"https:\/\/vitashop.info\/hr\/wp-json\/wp\/v2\/product_brand?post=10912"},{"taxonomy":"product_cat","embeddable":true,"href":"https:\/\/vitashop.info\/hr\/wp-json\/wp\/v2\/product_cat?post=10912"},{"taxonomy":"product_tag","embeddable":true,"href":"https:\/\/vitashop.info\/hr\/wp-json\/wp\/v2\/product_tag?post=10912"}],"curies":[{"name":"wp","href":"https:\/\/api.w.org\/{rel}","templated":true}]}}