{"id":10856,"date":"2026-04-14T01:22:05","date_gmt":"2026-04-14T00:22:05","guid":{"rendered":"https:\/\/vitashop.info\/hr\/product\/c-500-100-tab-vitamin-c\/"},"modified":"2026-04-14T01:24:03","modified_gmt":"2026-04-14T00:24:03","slug":"c-500-100-tab-vitamin-c","status":"publish","type":"product","link":"https:\/\/vitashop.info\/hr\/proizvod\/c-500-100-tab-vitamin-c\/","title":{"rendered":"C 500 100 tab &#8211; Vitamin C"},"content":{"rendered":"<p>Doziranje: Popiti 1 tabletu dnevno s vodom nakon obroka.<\/p>\n<p>&nbsp;<\/p>\n<p>Opis:<\/p>\n<p>C 500 u svakoj tableti sadr\u017ei 500 mg vitamina C koji doprinosi normalnoj funkciji imunolo&scaron;kog sustava, smanjenju umora i iscrpljenosti, za&scaron;titi stanica od oksidativnog stresa. kao i normalnom stvaranju kolagena za normalnu funkciju hrskavice, kostiju, krvnih \u017eila, ko\u017ee, desni i zubi.<\/p>\n<p>&nbsp;<\/p>\n<p>Koga preporu\u010dujemo:<\/p>\n<p class=\"Standard\">Vitamin C (askorbinska kiselina) spada u grupu vitamina topivih u vodi. Svjetski poznati znanstvenik i dvostruki nobelovac, biokemi\u010dar&nbsp;Linus Pauling, osobno je promovirao svakodnevno dodatno uzimanje vitamina C kao va\u017ean dio prevencije. Najva\u017enija uloga vitamina C je u odr\u017eanju optimalne funkcije stanica imunolo&scaron;kog sustava, pa dodatnim unosom vitamina C ja\u010damo vlastiti imunitet.<\/p>\n<p>&#013;<\/p>\n<p class=\"Standard\"><span lang=\"EN-US\">CaliVitini proizvodi sadr\u017ee vitamin C iz prirodnog izvora postupnog otpu&scaron;tanja u organizmu.<\/span><\/p>\n<p>&nbsp;<\/p>\n<p>Sastojci:<\/p>\n<p>vitamin C 500 mg<\/p>\n<p>&nbsp;<\/p>\n<p>Za\u0161to odabrati Calivita proizvode:<\/p>\n<ul>\n<li>S izvanrednim profesionalnim iskustvom, CaliVita ve\u0107 vi\u0161e od 30 godina nudi svoje proizvode koji zadovoljavaju najvi\u0161e propise o kvaliteti.<\/li>\n<li>Uvijek te\u017eimo upotrebi prirodnih osnovnih materijala koji potje\u010du iz najboljih izvora.<\/li>\n<li>Tijekom na\u0161eg razvoja radimo s boljom apsorpcijom, primjerice organskih oblika.<\/li>\n<li>Nudimo 100% jamstvo kvalitete za na\u0161e proizvode.<\/li>\n<li>Na\u0161i proizvodi podlije\u017eu strogoj i vi\u0161estrukoj proceduri ispitivanja kako bismo kontinuirano osigurali izvrsnu kvalitetu.<\/li>\n<li>Velika ve\u0107ina na\u0161ih dodataka prehrani proizvodi se u farmaceutskim uvjetima u SAD-u.<\/li>\n<li>Proizvodi se proizvode prema na\u010delima cGMP-a (trenutne Dobre proizvo\u0111a\u010dke prakse), a tako\u0111er se provodi stalna kontrola i redoviti zakazani audit od strane FDA (Food and Drug Administration). Blisko sura\u0111ujemo s lokalnim tijelima za izdavanje dozvola kako bismo osigurali da na\u0161i potro\u0161a\u010di uvijek dobivaju proizvode najvi\u0161e kvalitete.<\/li>\n<\/ul>\n<p>UPOZORENJE!<br \/>\n\u010cuvati izvan dohvata male djece. Preporu\u010dena dnevna doza ne smije se prekora\u010diti. Dodaci prehrani ne smiju se koristiti kao zamjena za raznoliku prehranu.<\/p>\n","protected":false},"excerpt":{"rendered":"<p>Koli\u010dina na zalihama: 101 <\/p>\n","protected":false},"featured_media":12360,"comment_status":"closed","ping_status":"open","template":"","meta":[],"product_brand":[],"product_cat":[433],"product_tag":[],"class_list":{"0":"post-10856","1":"product","2":"type-product","3":"status-publish","4":"has-post-thumbnail","6":"product_cat-prirodni-suplementi","8":"first","9":"instock","10":"product-type-external"},"_links":{"self":[{"href":"https:\/\/vitashop.info\/hr\/wp-json\/wp\/v2\/product\/10856","targetHints":{"allow":["GET"]}}],"collection":[{"href":"https:\/\/vitashop.info\/hr\/wp-json\/wp\/v2\/product"}],"about":[{"href":"https:\/\/vitashop.info\/hr\/wp-json\/wp\/v2\/types\/product"}],"replies":[{"embeddable":true,"href":"https:\/\/vitashop.info\/hr\/wp-json\/wp\/v2\/comments?post=10856"}],"wp:featuredmedia":[{"embeddable":true,"href":"https:\/\/vitashop.info\/hr\/wp-json\/wp\/v2\/media\/12360"}],"wp:attachment":[{"href":"https:\/\/vitashop.info\/hr\/wp-json\/wp\/v2\/media?parent=10856"}],"wp:term":[{"taxonomy":"product_brand","embeddable":true,"href":"https:\/\/vitashop.info\/hr\/wp-json\/wp\/v2\/product_brand?post=10856"},{"taxonomy":"product_cat","embeddable":true,"href":"https:\/\/vitashop.info\/hr\/wp-json\/wp\/v2\/product_cat?post=10856"},{"taxonomy":"product_tag","embeddable":true,"href":"https:\/\/vitashop.info\/hr\/wp-json\/wp\/v2\/product_tag?post=10856"}],"curies":[{"name":"wp","href":"https:\/\/api.w.org\/{rel}","templated":true}]}}