{"id":9942,"date":"2026-04-20T22:45:11","date_gmt":"2026-04-20T22:45:11","guid":{"rendered":"https:\/\/vitashop.info\/es\/producto\/organic-noni-946-ml-noni-juice-organic-noni-juice-with-organic-fruits\/"},"modified":"2026-04-20T22:47:07","modified_gmt":"2026-04-20T22:47:07","slug":"organic-noni-946-ml-noni-juice-organic-noni-juice-with-organic-fruits","status":"publish","type":"product","link":"https:\/\/vitashop.info\/es\/producto\/organic-noni-946-ml-noni-juice-organic-noni-juice-with-organic-fruits\/","title":{"rendered":"Organic Noni 946 ml &#8211; noni juice, organic noni juice with organic fruits"},"content":{"rendered":"<p>Dosis: 2 cucharadas al d\u00eda<\/p>\n<p>&nbsp;<\/p>\n<p>Descripci\u00f3n:<\/p>\n<p style=\"text-align: justify\">La Morinda citrifolia (su nombre polinesio: noni) es una fruta ex&oacute;tica y &uacute;nica, que contiene muchos nutrientes esenciales. El Polinesian Noni y el Organic Noni&nbsp; son productos de apoyo de salud complejos, ricos en vitaminas, minerales, y amino&aacute;cidos. Apoyan el funcionamiento saludable de las c&eacute;lulas y la divisi&oacute;n celular, tambi&eacute;n reducen los procesos inflamatorios en el cuerpo. Contribuyen a la funci&oacute;n desintoxicante del h&iacute;gado, as&iacute; como tienen un efecto antibacteriano, antiviral y antif&uacute;ngico. Las frutas de Organic Noni originadas de granjas ecol&oacute;gicas certificadas son saboreadas por frambuesa de cultivo org&aacute;nico. Mientras que el Polinesian Noni viene de la naturaleza virgen, el Organic Noni de granjas&nbsp; org&aacute;nicas certificadas.<\/p>\n<p>&#013;<br \/>\n<strong>Organic Noni active ingredients:<\/strong><br \/>Organic noni juice (Morinda citrifolia fruit)&nbsp;&nbsp;&nbsp;&nbsp;&nbsp;&nbsp;&nbsp;&nbsp;&nbsp;&nbsp;&nbsp;&nbsp;&nbsp;&nbsp;&nbsp;&nbsp;&nbsp;&nbsp;&nbsp;&nbsp;&nbsp;&nbsp;&nbsp;&nbsp;&nbsp;&nbsp;&nbsp;&nbsp;&nbsp;&nbsp;&nbsp;&nbsp;&nbsp;&nbsp;&nbsp;&nbsp;&nbsp;&nbsp;&nbsp;&nbsp;&nbsp;&nbsp;&nbsp;&nbsp;&nbsp;&nbsp;&nbsp;&nbsp;&nbsp;&nbsp;<br \/>Organic white grape juice concentrate (Vitis vinifera fruit)&nbsp;&nbsp;&nbsp;&nbsp;&nbsp;&nbsp;&nbsp;&nbsp;&nbsp;&nbsp;&nbsp;&nbsp;&nbsp;&nbsp;&nbsp;&nbsp;&nbsp;&nbsp;&nbsp;&nbsp;&nbsp;&nbsp;&nbsp;&nbsp;&nbsp;&nbsp;<br \/>Organic black cherry juice concentrate (Prunus avium fruit)&nbsp;&nbsp;&nbsp;&nbsp;&nbsp;&nbsp;&nbsp;&nbsp;&nbsp;&nbsp;&nbsp;&nbsp;&nbsp;&nbsp;&nbsp;&nbsp;&nbsp;&nbsp;&nbsp;&nbsp;&nbsp;<br \/>Organic pomegranate juice concentrate (Punica granatum fruit)<br \/>&#013;<\/p>\n<p>Other ingredients: natural raspberry flavor, pectin, citric acid, vitamin C (ascorbic acid)<\/p>\n<p>&nbsp;<\/p>\n<p>A qui\u00e9n recomendamos:<\/p>\n<ul>&#013;<\/p>\n<li style=\"text-align: justify\">Para mejorar la resistencia del cuerpo,<\/li>\n<p>&#013;<\/p>\n<li style=\"text-align: justify\">para promover un funcionamiento equilibrado del cuerpo,<\/li>\n<p>&#013;<\/p>\n<li style=\"text-align: justify\">para aumentar y mantener los niveles generales de energ&iacute;a,<\/li>\n<p>&#013;<\/p>\n<li style=\"text-align: justify\">para complementar los procesos de desintoxicaci&oacute;n.<\/li>\n<p>&#013;\n<\/ul>\n<p>&nbsp;<\/p>\n<p><strong>\u00bfPor qu\u00e9 vale la pena elegir los productos Calivita?<\/strong><\/p>\n<ul>\n<li>La CaliVita ha ofrecido productos que conformen con los est\u00e1ndares de calidad m\u00e1s altos desde hace m\u00e1s de 30 a\u00f1os, con unatrayectoria profesionalexcepcional.<\/li>\n<li>Siempre nos esforzamos por utilizar ingredientesnaturalesde las mejores fuentes.<\/li>\n<li>Durante el desarrollo trabajamos con las formas de lamejor absorci\u00f3n, porejemplo, las formas org\u00e1nicas.<\/li>\n<li>Ofrecemos garant\u00eda decalidad de 100% en nuestros productos.<\/li>\n<li>Nuestros productos se someten a una prueba m\u00faltiple para asegurar la continuidad de la alta calidad.<\/li>\n<li>Los productos Calivita tienen certificaci\u00f3n cGMP.<\/li>\n<\/ul>\n","protected":false},"excerpt":{"rendered":"<p>Cantidad en inventario: 5 <\/p>\n","protected":false},"featured_media":9570,"comment_status":"closed","ping_status":"open","template":"","meta":[],"product_brand":[],"product_cat":[407],"product_tag":[],"class_list":{"0":"post-9942","1":"product","2":"type-product","3":"status-publish","4":"has-post-thumbnail","6":"product_cat-suplementos-naturales","8":"first","9":"instock","10":"product-type-external"},"_links":{"self":[{"href":"https:\/\/vitashop.info\/es\/wp-json\/wp\/v2\/product\/9942","targetHints":{"allow":["GET"]}}],"collection":[{"href":"https:\/\/vitashop.info\/es\/wp-json\/wp\/v2\/product"}],"about":[{"href":"https:\/\/vitashop.info\/es\/wp-json\/wp\/v2\/types\/product"}],"replies":[{"embeddable":true,"href":"https:\/\/vitashop.info\/es\/wp-json\/wp\/v2\/comments?post=9942"}],"wp:featuredmedia":[{"embeddable":true,"href":"https:\/\/vitashop.info\/es\/wp-json\/wp\/v2\/media\/9570"}],"wp:attachment":[{"href":"https:\/\/vitashop.info\/es\/wp-json\/wp\/v2\/media?parent=9942"}],"wp:term":[{"taxonomy":"product_brand","embeddable":true,"href":"https:\/\/vitashop.info\/es\/wp-json\/wp\/v2\/product_brand?post=9942"},{"taxonomy":"product_cat","embeddable":true,"href":"https:\/\/vitashop.info\/es\/wp-json\/wp\/v2\/product_cat?post=9942"},{"taxonomy":"product_tag","embeddable":true,"href":"https:\/\/vitashop.info\/es\/wp-json\/wp\/v2\/product_tag?post=9942"}],"curies":[{"name":"wp","href":"https:\/\/api.w.org\/{rel}","templated":true}]}}