{"id":9895,"date":"2026-04-20T22:45:06","date_gmt":"2026-04-20T22:45:06","guid":{"rendered":"https:\/\/vitashop.info\/es\/producto\/green-care-240-tabletas-producto-alcalino\/"},"modified":"2026-04-20T22:47:05","modified_gmt":"2026-04-20T22:47:05","slug":"green-care-240-tabletas-producto-alcalino","status":"publish","type":"product","link":"https:\/\/vitashop.info\/es\/producto\/green-care-240-tabletas-producto-alcalino\/","title":{"rendered":"Green Care 240 tabletas &#8211; Producto alcalino"},"content":{"rendered":"<p>Dosis: 4-8 tabletas al d\u00eda<\/p>\n<p>&nbsp;<\/p>\n<p>Descripci\u00f3n:<\/p>\n<p style=\"text-align: justify\">La alfalfa, que sirve a base del producto Green Care, es un desintoxicante y alcalinizante excelente debido a su alto contenido de clorofila. Es una bomba nutricional real: contiene m&aacute;s vitaminas (C, D, E, K, B), beta-caroteno, minerales (calcio, hierro, potasio, f&oacute;sforo) y amino&aacute;cidos esenciales, todos los cuales promueven la funci&oacute;n del cuerpo saludable.<\/p>\n<p>&nbsp;<\/p>\n<p>A qui\u00e9n recomendamos:<\/p>\n<ul>&#013;<\/p>\n<li>A pacientes con colesterol alto,<\/li>\n<p>&#013;<\/p>\n<li>para el fortalecimiento del sistema inmunol&oacute;gico,<\/li>\n<p>&#013;<\/p>\n<li>para desintoxicar y alcalinizar<\/li>\n<p>&#013;<\/p>\n<li>para complementar las terapias de la artritis y de los dolores reum&aacute;ticos,<\/li>\n<p>&#013;<\/p>\n<li>a las personas mayores, para aumentar el rendimiento f&iacute;sico y la vitalidad, para promover un mejor sue&ntilde;o,<\/li>\n<p>&#013;<\/p>\n<li>en el caso de estre&ntilde;imiento regular.<\/li>\n<p>&#013;\n<\/ul>\n<p>&nbsp;<\/p>\n<p>Composici\u00f3n:<\/p>\n<p>Alfalfa 500 mg<\/p>\n<p>Magnesio 25 mg<\/p>\n<p><strong>\u00bfPor qu\u00e9 vale la pena elegir los productos Calivita?<\/strong><\/p>\n<ul>\n<li>La CaliVita ha ofrecido productos que conformen con los est\u00e1ndares de calidad m\u00e1s altos desde hace m\u00e1s de 30 a\u00f1os, con unatrayectoria profesionalexcepcional.<\/li>\n<li>Siempre nos esforzamos por utilizar ingredientesnaturalesde las mejores fuentes.<\/li>\n<li>Durante el desarrollo trabajamos con las formas de lamejor absorci\u00f3n, porejemplo, las formas org\u00e1nicas.<\/li>\n<li>Ofrecemos garant\u00eda decalidad de 100% en nuestros productos.<\/li>\n<li>Nuestros productos se someten a una prueba m\u00faltiple para asegurar la continuidad de la alta calidad.<\/li>\n<li>Los productos Calivita tienen certificaci\u00f3n cGMP.<\/li>\n<\/ul>\n","protected":false},"excerpt":{"rendered":"<p>Cantidad en inventario: 4 <\/p>\n","protected":false},"featured_media":9549,"comment_status":"closed","ping_status":"open","template":"","meta":[],"product_brand":[],"product_cat":[407],"product_tag":[],"class_list":{"0":"post-9895","1":"product","2":"type-product","3":"status-publish","4":"has-post-thumbnail","6":"product_cat-suplementos-naturales","8":"first","9":"instock","10":"product-type-external"},"_links":{"self":[{"href":"https:\/\/vitashop.info\/es\/wp-json\/wp\/v2\/product\/9895","targetHints":{"allow":["GET"]}}],"collection":[{"href":"https:\/\/vitashop.info\/es\/wp-json\/wp\/v2\/product"}],"about":[{"href":"https:\/\/vitashop.info\/es\/wp-json\/wp\/v2\/types\/product"}],"replies":[{"embeddable":true,"href":"https:\/\/vitashop.info\/es\/wp-json\/wp\/v2\/comments?post=9895"}],"wp:featuredmedia":[{"embeddable":true,"href":"https:\/\/vitashop.info\/es\/wp-json\/wp\/v2\/media\/9549"}],"wp:attachment":[{"href":"https:\/\/vitashop.info\/es\/wp-json\/wp\/v2\/media?parent=9895"}],"wp:term":[{"taxonomy":"product_brand","embeddable":true,"href":"https:\/\/vitashop.info\/es\/wp-json\/wp\/v2\/product_brand?post=9895"},{"taxonomy":"product_cat","embeddable":true,"href":"https:\/\/vitashop.info\/es\/wp-json\/wp\/v2\/product_cat?post=9895"},{"taxonomy":"product_tag","embeddable":true,"href":"https:\/\/vitashop.info\/es\/wp-json\/wp\/v2\/product_tag?post=9895"}],"curies":[{"name":"wp","href":"https:\/\/api.w.org\/{rel}","templated":true}]}}