{"id":9860,"date":"2026-04-13T22:45:05","date_gmt":"2026-04-13T22:45:05","guid":{"rendered":"https:\/\/vitashop.info\/es\/producto\/ginkgo-xc-100-tabletas-preprato-ginkgo-biloba\/"},"modified":"2026-04-13T22:47:05","modified_gmt":"2026-04-13T22:47:05","slug":"ginkgo-xc-100-tabletas-preprato-ginkgo-biloba","status":"publish","type":"product","link":"https:\/\/vitashop.info\/es\/producto\/ginkgo-xc-100-tabletas-preprato-ginkgo-biloba\/","title":{"rendered":"Ginkgo XC 100 tabletas &#8211; Preprato Ginkgo Biloba"},"content":{"rendered":"<p>Dosis: 1 tableta al d\u00eda<\/p>\n<p>&nbsp;<\/p>\n<p>Descripci\u00f3n:<\/p>\n<p style=\"text-align: justify\">El Ginkgo XC contiene el extracto de las ojas de Ginkgo biloba en una gran cantidad, es efectivo para apoyar la circulaci&oacute;n de la sangre, para suministrar ox&iacute;geno y nutrientes a las c&eacute;lulas, apoya la salud del cerebro, tambi&eacute;n es fuerte antioxidante, y protege las c&eacute;lulas contra los radicales libres.<\/p>\n<p>&nbsp;<\/p>\n<p>A qui\u00e9n recomendamos:<\/p>\n<ul>&#013;<\/p>\n<li>En la vejez, para apoyar el mantenimiento del nivel de la actividad mental adecuada,<\/li>\n<p>&#013;<\/p>\n<li>en caso de un aumento de la carga de trabajo,<\/li>\n<p>&#013;<\/p>\n<li>a los que experimentan a menudo la frialdad de las extremidades, y una dificultad de su calentamiento,<\/li>\n<p>&#013;<\/p>\n<li>a los que quieren una protecci&oacute;n antioxidante poderosa.<\/li>\n<p>&#013;\n<\/ul>\n<p>&#013;<\/p>\n<p><strong>Contenido de Ginkgo XC\/tableta:<\/strong><br \/> Exracto de hoja de Ginkgo biloba (std. 24 % flavonglikosides, 6 % terpens)&nbsp; &nbsp;&nbsp;&nbsp; &nbsp;90&nbsp;&nbsp; &nbsp;mg<\/p>\n<p>&nbsp;<\/p>\n<p><strong>\u00bfPor qu\u00e9 vale la pena elegir los productos Calivita?<\/strong><\/p>\n<ul>\n<li>La CaliVita ha ofrecido productos que conformen con los est\u00e1ndares de calidad m\u00e1s altos desde hace m\u00e1s de 30 a\u00f1os, con unatrayectoria profesionalexcepcional.<\/li>\n<li>Siempre nos esforzamos por utilizar ingredientesnaturalesde las mejores fuentes.<\/li>\n<li>Durante el desarrollo trabajamos con las formas de lamejor absorci\u00f3n, porejemplo, las formas org\u00e1nicas.<\/li>\n<li>Ofrecemos garant\u00eda decalidad de 100% en nuestros productos.<\/li>\n<li>Nuestros productos se someten a una prueba m\u00faltiple para asegurar la continuidad de la alta calidad.<\/li>\n<li>Los productos Calivita tienen certificaci\u00f3n cGMP.<\/li>\n<\/ul>\n","protected":false},"excerpt":{"rendered":"<p>Cantidad en inventario: 7 <\/p>\n","protected":false},"featured_media":9772,"comment_status":"closed","ping_status":"open","template":"","meta":[],"product_brand":[],"product_cat":[407],"product_tag":[],"class_list":{"0":"post-9860","1":"product","2":"type-product","3":"status-publish","4":"has-post-thumbnail","6":"product_cat-suplementos-naturales","8":"first","9":"instock","10":"product-type-external"},"_links":{"self":[{"href":"https:\/\/vitashop.info\/es\/wp-json\/wp\/v2\/product\/9860","targetHints":{"allow":["GET"]}}],"collection":[{"href":"https:\/\/vitashop.info\/es\/wp-json\/wp\/v2\/product"}],"about":[{"href":"https:\/\/vitashop.info\/es\/wp-json\/wp\/v2\/types\/product"}],"replies":[{"embeddable":true,"href":"https:\/\/vitashop.info\/es\/wp-json\/wp\/v2\/comments?post=9860"}],"wp:featuredmedia":[{"embeddable":true,"href":"https:\/\/vitashop.info\/es\/wp-json\/wp\/v2\/media\/9772"}],"wp:attachment":[{"href":"https:\/\/vitashop.info\/es\/wp-json\/wp\/v2\/media?parent=9860"}],"wp:term":[{"taxonomy":"product_brand","embeddable":true,"href":"https:\/\/vitashop.info\/es\/wp-json\/wp\/v2\/product_brand?post=9860"},{"taxonomy":"product_cat","embeddable":true,"href":"https:\/\/vitashop.info\/es\/wp-json\/wp\/v2\/product_cat?post=9860"},{"taxonomy":"product_tag","embeddable":true,"href":"https:\/\/vitashop.info\/es\/wp-json\/wp\/v2\/product_tag?post=9860"}],"curies":[{"name":"wp","href":"https:\/\/api.w.org\/{rel}","templated":true}]}}