{"id":9840,"date":"2026-04-13T22:45:04","date_gmt":"2026-04-13T22:45:04","guid":{"rendered":"https:\/\/vitashop.info\/es\/producto\/beauty-formula-60-tabletas-vitamina-de-belleza\/"},"modified":"2026-04-13T22:47:03","modified_gmt":"2026-04-13T22:47:03","slug":"beauty-formula-60-tabletas-vitamina-de-belleza","status":"publish","type":"product","link":"https:\/\/vitashop.info\/es\/producto\/beauty-formula-60-tabletas-vitamina-de-belleza\/","title":{"rendered":"Beauty Formula 60 tabletas &#8211; Vitamina de belleza"},"content":{"rendered":"<p>Dosis: Una tableta al d\u00eda<\/p>\n<p>&nbsp;<\/p>\n<p>Descripci\u00f3n:<\/p>\n<p style=\"text-align: justify\">El Beauty Formula proporciona los nutrientes necesarios por un complejo de plantas medicinales &uacute;nicamente rico en vitaminas, minerales, amino&aacute;cidos, y col&aacute;geno, para mantener la belleza de la piel, del pelo, y de las u&ntilde;as, y para tratar un problema de una &aacute;rea determinada.<\/p>\n<p>&nbsp;<\/p>\n<p>A qui\u00e9n recomendamos:<\/p>\n<ul>&#013;<\/p>\n<li>A las personas con p&eacute;rdida de pelo,<\/li>\n<p>&#013;<\/p>\n<li>para&nbsp; extremos secos y fr&aacute;giles,<\/li>\n<p>&#013;<\/p>\n<li>a personas con problemas de la piel del rostro (acn&eacute;),<\/li>\n<p>&#013;<\/p>\n<li>para u&ntilde;as d&eacute;biles y rotas,<\/li>\n<p>&#013;<\/p>\n<li>a todos los que desean mejorar su apariencia,&nbsp; y desean preservar la salud de la piel y de las u&ntilde;as.<\/li>\n<p>&#013;\n<\/ul>\n<p>&nbsp;<\/p>\n<p>Composici\u00f3n:<\/p>\n<p>Vitamina A 2500 I.U.<\/p>\n<p>Vitamina C 20 mg<\/p>\n<p>Vitamina B1 2.2 mg<\/p>\n<p>Vitamina B6 2.8 mg<\/p>\n<p>Zinc 10 mg<\/p>\n<p>Cobre 2 mg<\/p>\n<p>Yodo 50 mcg<\/p>\n<p>Type I+III Col\u00e1geno 250 mg<\/p>\n<p>\u00c1cido Hialur\u00f3nico 30 mg<\/p>\n<p>L-metionina 50 mg<\/p>\n<p>L-cisteina 50 mg<\/p>\n<p>Horsetail Extract (10:1) 150 mg<\/p>\n<p><strong>\u00bfPor qu\u00e9 vale la pena elegir los productos Calivita?<\/strong><\/p>\n<ul>\n<li>La CaliVita ha ofrecido productos que conformen con los est\u00e1ndares de calidad m\u00e1s altos desde hace m\u00e1s de 30 a\u00f1os, con unatrayectoria profesionalexcepcional.<\/li>\n<li>Siempre nos esforzamos por utilizar ingredientesnaturalesde las mejores fuentes.<\/li>\n<li>Durante el desarrollo trabajamos con las formas de lamejor absorci\u00f3n, porejemplo, las formas org\u00e1nicas.<\/li>\n<li>Ofrecemos garant\u00eda decalidad de 100% en nuestros productos.<\/li>\n<li>Nuestros productos se someten a una prueba m\u00faltiple para asegurar la continuidad de la alta calidad.<\/li>\n<li>Los productos Calivita tienen certificaci\u00f3n cGMP.<\/li>\n<\/ul>\n","protected":false},"excerpt":{"rendered":"<p>Cantidad en inventario: 4 <\/p>\n","protected":false},"featured_media":9517,"comment_status":"closed","ping_status":"open","template":"","meta":[],"product_brand":[],"product_cat":[407],"product_tag":[],"class_list":{"0":"post-9840","1":"product","2":"type-product","3":"status-publish","4":"has-post-thumbnail","6":"product_cat-suplementos-naturales","8":"first","9":"instock","10":"product-type-external"},"_links":{"self":[{"href":"https:\/\/vitashop.info\/es\/wp-json\/wp\/v2\/product\/9840","targetHints":{"allow":["GET"]}}],"collection":[{"href":"https:\/\/vitashop.info\/es\/wp-json\/wp\/v2\/product"}],"about":[{"href":"https:\/\/vitashop.info\/es\/wp-json\/wp\/v2\/types\/product"}],"replies":[{"embeddable":true,"href":"https:\/\/vitashop.info\/es\/wp-json\/wp\/v2\/comments?post=9840"}],"wp:featuredmedia":[{"embeddable":true,"href":"https:\/\/vitashop.info\/es\/wp-json\/wp\/v2\/media\/9517"}],"wp:attachment":[{"href":"https:\/\/vitashop.info\/es\/wp-json\/wp\/v2\/media?parent=9840"}],"wp:term":[{"taxonomy":"product_brand","embeddable":true,"href":"https:\/\/vitashop.info\/es\/wp-json\/wp\/v2\/product_brand?post=9840"},{"taxonomy":"product_cat","embeddable":true,"href":"https:\/\/vitashop.info\/es\/wp-json\/wp\/v2\/product_cat?post=9840"},{"taxonomy":"product_tag","embeddable":true,"href":"https:\/\/vitashop.info\/es\/wp-json\/wp\/v2\/product_tag?post=9840"}],"curies":[{"name":"wp","href":"https:\/\/api.w.org\/{rel}","templated":true}]}}