{"id":9379,"date":"2026-04-13T22:45:05","date_gmt":"2026-04-13T22:45:05","guid":{"rendered":"https:\/\/vitashop.info\/es\/producto\/detox-patch-12-parches-parche-desintoxicante\/"},"modified":"2026-04-13T22:47:10","modified_gmt":"2026-04-13T22:47:10","slug":"detox-patch-12-parches-parche-desintoxicante","status":"publish","type":"product","link":"https:\/\/vitashop.info\/es\/producto\/detox-patch-12-parches-parche-desintoxicante\/","title":{"rendered":"Detox Patch 12 parches &#8211; Parche desintoxicante"},"content":{"rendered":"<p>Dosis: \u00a1Fije la capa adhesiva a la planta,  y \u00faselo por un m\u00ednimo de ocho horas al d\u00eda! El uso es el m\u00e1s conveniente en la noche.<\/p>\n<p>&nbsp;<\/p>\n<p>Descripci\u00f3n:<\/p>\n<p style=\"text-align: justify\">Nuestro organismo enfrenta&nbsp; un sinn&uacute;mero de toxinas cada d&iacute;a: las toxinas se acumulan durante el encuentro con contaminaci&oacute;n ambiental,&nbsp; productos qu&iacute;micos, medicamentos, y sustancias adictivas. El Detox Patch puede ayudar a eliminar &eacute;stos a trav&eacute;s de m&eacute;todos naturales, por sus ingredientes activos cuidadosamente seleccionados, con la ayuda&nbsp; del calor infrarroja emitida por la turmalina, y la reflexolog&iacute;a oriental.<\/p>\n<p>&nbsp;<\/p>\n<p>A qui\u00e9n recomendamos:<\/p>\n<ul>&#013;<\/p>\n<li>A todo el mundo para la eliminaci&oacute;n de las toxinas acumuladas,<\/li>\n<p>&#013;<\/p>\n<li>a los que creen que un curso de desintoxicaci&oacute;n tradicional ser&iacute;a demasiado gravoso. El Detox Patch es un m&eacute;todo de desintoxicaci&oacute;n m&aacute;s suave y delicada,<\/li>\n<p>&#013;<\/p>\n<li>como un suplemento diet&eacute;tico en un curso de tratamiento de desintoxicaci&oacute;n.<\/li>\n<p>&#013;\n<\/ul>\n<p>&#013;<\/p>\n<p><strong> Contenidos de Detox Patch:<\/strong><\/p>\n<p>&#013;<\/p>\n<ul>&#013;<\/p>\n<li>El vinagre de bamb&uacute;<\/li>\n<p>&#013;<\/p>\n<li>Chipre Vinagre<\/li>\n<p>&#013;<\/p>\n<li>Turmalina<\/li>\n<p>&#013;<\/p>\n<li>Setas Agaricus<\/li>\n<p>&#013;<\/p>\n<li>Ra&iacute;z de Achyranthis<\/li>\n<p>&#013;<\/p>\n<li>Ra&iacute;z de Rubrae Paeoniae<\/li>\n<p>&#013;<\/p>\n<li>Ginseng siberiano<\/li>\n<p>&#013;<\/p>\n<li>Artemisia iwayomogi<\/li>\n<p>&#013;<\/p>\n<li>Caragana sinica<\/li>\n<p>&#013;<\/p>\n<li>Platicodon grandiflorum<\/li>\n<p>&#013;\n<\/ul>\n<p>&nbsp;<\/p>\n<p><strong>\u00bfPor qu\u00e9 vale la pena elegir los productos Calivita?<\/strong><\/p>\n<ul>\n<li>La CaliVita ha ofrecido productos que conformen con los est\u00e1ndares de calidad m\u00e1s altos desde hace m\u00e1s de 30 a\u00f1os, con unatrayectoria profesionalexcepcional.<\/li>\n<li>Siempre nos esforzamos por utilizar ingredientesnaturalesde las mejores fuentes.<\/li>\n<li>Durante el desarrollo trabajamos con las formas de lamejor absorci\u00f3n, porejemplo, las formas org\u00e1nicas.<\/li>\n<li>Ofrecemos garant\u00eda decalidad de 100% en nuestros productos.<\/li>\n<li>Nuestros productos se someten a una prueba m\u00faltiple para asegurar la continuidad de la alta calidad.<\/li>\n<li>Los productos Calivita tienen certificaci\u00f3n cGMP.<\/li>\n<\/ul>\n","protected":false},"excerpt":{"rendered":"<p>Cantidad en inventario: 2 <\/p>\n","protected":false},"featured_media":8966,"comment_status":"closed","ping_status":"open","template":"","meta":[],"product_brand":[],"product_cat":[407],"product_tag":[],"class_list":{"0":"post-9379","1":"product","2":"type-product","3":"status-publish","4":"has-post-thumbnail","6":"product_cat-suplementos-naturales","8":"first","9":"instock","10":"product-type-external"},"_links":{"self":[{"href":"https:\/\/vitashop.info\/es\/wp-json\/wp\/v2\/product\/9379","targetHints":{"allow":["GET"]}}],"collection":[{"href":"https:\/\/vitashop.info\/es\/wp-json\/wp\/v2\/product"}],"about":[{"href":"https:\/\/vitashop.info\/es\/wp-json\/wp\/v2\/types\/product"}],"replies":[{"embeddable":true,"href":"https:\/\/vitashop.info\/es\/wp-json\/wp\/v2\/comments?post=9379"}],"wp:featuredmedia":[{"embeddable":true,"href":"https:\/\/vitashop.info\/es\/wp-json\/wp\/v2\/media\/8966"}],"wp:attachment":[{"href":"https:\/\/vitashop.info\/es\/wp-json\/wp\/v2\/media?parent=9379"}],"wp:term":[{"taxonomy":"product_brand","embeddable":true,"href":"https:\/\/vitashop.info\/es\/wp-json\/wp\/v2\/product_brand?post=9379"},{"taxonomy":"product_cat","embeddable":true,"href":"https:\/\/vitashop.info\/es\/wp-json\/wp\/v2\/product_cat?post=9379"},{"taxonomy":"product_tag","embeddable":true,"href":"https:\/\/vitashop.info\/es\/wp-json\/wp\/v2\/product_tag?post=9379"}],"curies":[{"name":"wp","href":"https:\/\/api.w.org\/{rel}","templated":true}]}}