{"id":9291,"date":"2026-04-20T22:45:09","date_gmt":"2026-04-20T22:45:09","guid":{"rendered":"https:\/\/vitashop.info\/es\/producto\/mega-qprotect-90-tabletas-antioxidante-en-megadosis\/"},"modified":"2026-04-20T22:47:07","modified_gmt":"2026-04-20T22:47:07","slug":"mega-qprotect-90-tabletas-antioxidante-en-megadosis","status":"publish","type":"product","link":"https:\/\/vitashop.info\/es\/producto\/mega-qprotect-90-tabletas-antioxidante-en-megadosis\/","title":{"rendered":"Mega qProtect 90 tabletas &#8211; Antioxidante en megadosis"},"content":{"rendered":"<p>Dosis: 2-4 tabletas al d\u00eda, despu\u00e9s de comida<\/p>\n<p>&nbsp;<\/p>\n<p>Descripci\u00f3n:<\/p>\n<p style=\"text-align: justify\"><span style=\"font-family: Arial\">En la vejez, y en un per&iacute;odo de gran actividad, muchas vecez damos cuenta de concentraci&oacute;n deteriorada, visi&oacute;n borrosa, y cambios en la circulaci&oacute;n de la sangre. El Mega qProtect es un producto complejo de antioxidantes en megadosis, que provee una protecci&oacute;n m&aacute;s intensa y mejor orientada para nuestros c&eacute;lulas por sus vitaminas, oligoelementos, amino&aacute;cidos, y extractos de plantas.<\/span><br style=\"font-family: Arial\" \/> <span style=\"font-family: Arial\">El ginkgo, el t&eacute; verde y el CoQ10 energiza, promueve el flujo sangu&iacute;neo, y mantiene el funcionamiento normal del cerebro y del coraz&oacute;n. La salud de nuestros ojos es protegida por el ar&aacute;ndano y el beta-caroteno, entre otros, mientras que los amino&aacute;cidos fuertemente disminuyen&nbsp; el envejecimiento de las c&eacute;lulas.<\/span><\/p>\n<p>&nbsp;<\/p>\n<p>A qui\u00e9n recomendamos:<\/p>\n<ul>&#013;<\/p>\n<li style=\"text-align: justify\">Durante estr&eacute;s mental aumentada, para mejorar la concentraci&oacute;n en los per&iacute;odos de examenes, o bajo presi&oacute;n en el lugar de trabajo,<\/li>\n<p>&#013;<\/p>\n<li style=\"text-align: justify\">a las personas mayores para mantener la funci&oacute;n normal del cerebro y el nivel de la memoria,<\/li>\n<p>&#013;<\/p>\n<li style=\"text-align: justify\">a las personas con problemas card&iacute;acos y circulatorios,<\/li>\n<p>&#013;<\/p>\n<li style=\"text-align: justify\">a las personas cuyos ojos est&aacute;n expuestos a un mayor estr&eacute;s,<\/li>\n<p>&#013;<\/p>\n<li style=\"text-align: justify\">a las personas que se sienten a menudo fr&iacute;o en las extremidades,<\/li>\n<p>&#013;<\/p>\n<li style=\"text-align: justify\">a las personas con tinnitus,<\/li>\n<p>&#013;<\/p>\n<li style=\"text-align: justify\">a los fumadores activos o pasivos,<\/li>\n<p>&#013;<\/p>\n<li style=\"text-align: justify\">a las personas que consumen alcohol regularmente,<\/li>\n<p>&#013;<\/p>\n<li style=\"text-align: justify\">a las&nbsp; personas que buscan una mayor protecci&oacute;n antioxidante y un amplificador del sistema inmunol&oacute;gico.<\/li>\n<p>&#013;\n<\/ul>\n<p>&nbsp;<\/p>\n<p>Composici\u00f3n:<\/p>\n<p>Beta-caroteno 16667 I.U.<\/p>\n<p>Retinol 4995 I.U.<\/p>\n<p>Lycopene complex 5 mg<\/p>\n<p>Vitamina C 200 mg<\/p>\n<p>Vitamina E 100 mg<\/p>\n<p>Selenio 50 mcg<\/p>\n<p>Manganeso 2 mg<\/p>\n<p>Coenzima Q10 10 mg<\/p>\n<p>L-cisteina 100 mg<\/p>\n<p>L-Glutamina 20 mg<\/p>\n<p>Alpha-lipoic acid 100 mcg<\/p>\n<p>Extracto de Ginkgo biloba (std. 24% flavonglicosides) 20 mg<\/p>\n<p>Ar\u00e1ndano (std. 25 % antocians) 5 mg<\/p>\n<p><strong>\u00bfPor qu\u00e9 vale la pena elegir los productos Calivita?<\/strong><\/p>\n<ul>\n<li>La CaliVita ha ofrecido productos que conformen con los est\u00e1ndares de calidad m\u00e1s altos desde hace m\u00e1s de 30 a\u00f1os, con unatrayectoria profesionalexcepcional.<\/li>\n<li>Siempre nos esforzamos por utilizar ingredientesnaturalesde las mejores fuentes.<\/li>\n<li>Durante el desarrollo trabajamos con las formas de lamejor absorci\u00f3n, porejemplo, las formas org\u00e1nicas.<\/li>\n<li>Ofrecemos garant\u00eda decalidad de 100% en nuestros productos.<\/li>\n<li>Nuestros productos se someten a una prueba m\u00faltiple para asegurar la continuidad de la alta calidad.<\/li>\n<li>Los productos Calivita tienen certificaci\u00f3n cGMP.<\/li>\n<\/ul>\n","protected":false},"excerpt":{"rendered":"<p>Cantidad en inventario: 2 <\/p>\n","protected":false},"featured_media":9563,"comment_status":"closed","ping_status":"open","template":"","meta":[],"product_brand":[],"product_cat":[407],"product_tag":[],"class_list":{"0":"post-9291","1":"product","2":"type-product","3":"status-publish","4":"has-post-thumbnail","6":"product_cat-suplementos-naturales","8":"first","9":"instock","10":"product-type-external"},"_links":{"self":[{"href":"https:\/\/vitashop.info\/es\/wp-json\/wp\/v2\/product\/9291","targetHints":{"allow":["GET"]}}],"collection":[{"href":"https:\/\/vitashop.info\/es\/wp-json\/wp\/v2\/product"}],"about":[{"href":"https:\/\/vitashop.info\/es\/wp-json\/wp\/v2\/types\/product"}],"replies":[{"embeddable":true,"href":"https:\/\/vitashop.info\/es\/wp-json\/wp\/v2\/comments?post=9291"}],"wp:featuredmedia":[{"embeddable":true,"href":"https:\/\/vitashop.info\/es\/wp-json\/wp\/v2\/media\/9563"}],"wp:attachment":[{"href":"https:\/\/vitashop.info\/es\/wp-json\/wp\/v2\/media?parent=9291"}],"wp:term":[{"taxonomy":"product_brand","embeddable":true,"href":"https:\/\/vitashop.info\/es\/wp-json\/wp\/v2\/product_brand?post=9291"},{"taxonomy":"product_cat","embeddable":true,"href":"https:\/\/vitashop.info\/es\/wp-json\/wp\/v2\/product_cat?post=9291"},{"taxonomy":"product_tag","embeddable":true,"href":"https:\/\/vitashop.info\/es\/wp-json\/wp\/v2\/product_tag?post=9291"}],"curies":[{"name":"wp","href":"https:\/\/api.w.org\/{rel}","templated":true}]}}