{"id":9272,"date":"2026-04-20T22:45:09","date_gmt":"2026-04-20T22:45:09","guid":{"rendered":"https:\/\/vitashop.info\/es\/producto\/mineral-complex-100-tabletas-complejo-mineral\/"},"modified":"2026-04-20T22:47:07","modified_gmt":"2026-04-20T22:47:07","slug":"mineral-complex-100-tabletas-complejo-mineral","status":"publish","type":"product","link":"https:\/\/vitashop.info\/es\/producto\/mineral-complex-100-tabletas-complejo-mineral\/","title":{"rendered":"Mineral complex 100 tabletas &#8211; Complejo mineral"},"content":{"rendered":"<p>Dosis: 2-4 tabletas al d\u00eda<\/p>\n<p>&nbsp;<\/p>\n<p>Descripci\u00f3n:<\/p>\n<p style=\"text-align: justify\"><span style=\"font-family: Arial\">No existe tal proceso en nuestro cuerpo, que no implique alg&uacute;n mineral. El PowerMins contiene 10 de los minerales m&aacute;s esenciales, que todas de nuestras c&eacute;lulas necesitan para su funcionamiento diario.<\/span><\/p>\n<p>&nbsp;<\/p>\n<p>A qui\u00e9n recomendamos:<\/p>\n<ul>&#013;<\/p>\n<li>A los deportistas, a los que hacen trabajo f&iacute;sico, por el aumento de la sudoraci&oacute;n,<\/li>\n<p>&#013;<\/p>\n<li>a las personas que necesitan el reemplazo de al menos dos minerales,<\/li>\n<p>&#013;<\/p>\n<li>a los consumidores de vitaminas, para una mejor aplicaci&oacute;n de los efectos beneficiosos de las vitaminas,<\/li>\n<p>&#013;<\/p>\n<li>a los que quieren tener su cuerpo en forma despu&eacute;s de una enfermedad.<\/li>\n<p>&#013;\n<\/ul>\n<p>&nbsp;<\/p>\n<p>Composici\u00f3n:<\/p>\n<p>Calcio 250 mg<\/p>\n<p>Magnesio 150 mg<\/p>\n<p>Manganeso 4 mg<\/p>\n<p>Hierro 4 mg<\/p>\n<p>Cobre 0.5 mg<\/p>\n<p>Yodo 50 mcg<\/p>\n<p>Selenio 20 mcg<\/p>\n<p>Cromo 50 mcg<\/p>\n<p>Molibdeno 125 mcg<\/p>\n<p><strong>\u00bfPor qu\u00e9 vale la pena elegir los productos Calivita?<\/strong><\/p>\n<ul>\n<li>La CaliVita ha ofrecido productos que conformen con los est\u00e1ndares de calidad m\u00e1s altos desde hace m\u00e1s de 30 a\u00f1os, con unatrayectoria profesionalexcepcional.<\/li>\n<li>Siempre nos esforzamos por utilizar ingredientesnaturalesde las mejores fuentes.<\/li>\n<li>Durante el desarrollo trabajamos con las formas de lamejor absorci\u00f3n, porejemplo, las formas org\u00e1nicas.<\/li>\n<li>Ofrecemos garant\u00eda decalidad de 100% en nuestros productos.<\/li>\n<li>Nuestros productos se someten a una prueba m\u00faltiple para asegurar la continuidad de la alta calidad.<\/li>\n<li>Los productos Calivita tienen certificaci\u00f3n cGMP.<\/li>\n<\/ul>\n","protected":false},"excerpt":{"rendered":"<p>Cantidad en inventario: 6 <\/p>\n","protected":false},"featured_media":9587,"comment_status":"closed","ping_status":"open","template":"","meta":[],"product_brand":[],"product_cat":[407],"product_tag":[],"class_list":{"0":"post-9272","1":"product","2":"type-product","3":"status-publish","4":"has-post-thumbnail","6":"product_cat-suplementos-naturales","8":"first","9":"instock","10":"product-type-external"},"_links":{"self":[{"href":"https:\/\/vitashop.info\/es\/wp-json\/wp\/v2\/product\/9272","targetHints":{"allow":["GET"]}}],"collection":[{"href":"https:\/\/vitashop.info\/es\/wp-json\/wp\/v2\/product"}],"about":[{"href":"https:\/\/vitashop.info\/es\/wp-json\/wp\/v2\/types\/product"}],"replies":[{"embeddable":true,"href":"https:\/\/vitashop.info\/es\/wp-json\/wp\/v2\/comments?post=9272"}],"wp:featuredmedia":[{"embeddable":true,"href":"https:\/\/vitashop.info\/es\/wp-json\/wp\/v2\/media\/9587"}],"wp:attachment":[{"href":"https:\/\/vitashop.info\/es\/wp-json\/wp\/v2\/media?parent=9272"}],"wp:term":[{"taxonomy":"product_brand","embeddable":true,"href":"https:\/\/vitashop.info\/es\/wp-json\/wp\/v2\/product_brand?post=9272"},{"taxonomy":"product_cat","embeddable":true,"href":"https:\/\/vitashop.info\/es\/wp-json\/wp\/v2\/product_cat?post=9272"},{"taxonomy":"product_tag","embeddable":true,"href":"https:\/\/vitashop.info\/es\/wp-json\/wp\/v2\/product_tag?post=9272"}],"curies":[{"name":"wp","href":"https:\/\/api.w.org\/{rel}","templated":true}]}}