{"id":9267,"date":"2026-04-13T22:45:04","date_gmt":"2026-04-13T22:45:04","guid":{"rendered":"https:\/\/vitashop.info\/es\/producto\/cell-xc-180-capsulas-cell-protection\/"},"modified":"2026-04-13T22:47:04","modified_gmt":"2026-04-13T22:47:04","slug":"cell-xc-180-capsulas-cell-protection","status":"publish","type":"product","link":"https:\/\/vitashop.info\/es\/producto\/cell-xc-180-capsulas-cell-protection\/","title":{"rendered":"Cell XC 180 capsulas &#8211; cell protection"},"content":{"rendered":"<p>Dosis: 3-5 x 2 capsulas al d\u00eda<\/p>\n<p>&nbsp;<\/p>\n<p>Descripci\u00f3n:<\/p>\n<p>El Culevit es una mezcla natural de vitaminas y amino&aacute;cidos en la que amino&aacute;cidos, vitaminas y otras sustancias de la construcci&oacute;n celular se encuentran en cantidades significativas, y estas sustancias tienen un papel clave en la regeneraci&oacute;n y el fortalecimiento del cuerpo durante enfermedades graves, un debilitamiento significativo, un p&eacute;rdida de peso, y en un mal estado general. El Culevit puede ayudar a prevenir y tratar el crecimiento anormal de las c&eacute;lulas, puede apoyar el mecanismo de defensa del cuerpo contra los tumores.<\/p>\n<p>&nbsp;<\/p>\n<p>A qui\u00e9n recomendamos:<\/p>\n<ul>&#013;<\/p>\n<li>Para promover la regeneraci&oacute;n del organismo,<\/li>\n<p>&#013;<\/p>\n<li>despu&eacute;s de cirug&iacute;as, lesiones,&nbsp; enfermedades graves, en el per&iacute;odo de convalecencia,<\/li>\n<p>&#013;<\/p>\n<li>en el caso de c&aacute;ncer &#8211; consultando con un m&eacute;dico &#8211; como tratamiento complementario.<\/li>\n<p>&#013;\n<\/ul>\n<p>&nbsp;<\/p>\n<p>Composici\u00f3n:<\/p>\n<p>Vitamina C 30 mg<\/p>\n<p>Vitamina B6 1 mg<\/p>\n<p>Vitamina B2 0.8 mg<\/p>\n<p>Biotina 0.03 mg<\/p>\n<p>Arginina 78.39 mg<\/p>\n<p>Fenilalanina 33.04 mg<\/p>\n<p>Histidina 31.03 mg<\/p>\n<p>Metionina 29.84 mg<\/p>\n<p>Triptof\u00e1n 15.32 mg<\/p>\n<p>Tirosina 1.27 mg<\/p>\n<p>\u00c1cido m\u00e1lico 23.47 mg<\/p>\n<p>Adenina 2.26 mg<\/p>\n<p><strong>\u00bfPor qu\u00e9 vale la pena elegir los productos Calivita?<\/strong><\/p>\n<ul>\n<li>La CaliVita ha ofrecido productos que conformen con los est\u00e1ndares de calidad m\u00e1s altos desde hace m\u00e1s de 30 a\u00f1os, con unatrayectoria profesionalexcepcional.<\/li>\n<li>Siempre nos esforzamos por utilizar ingredientesnaturalesde las mejores fuentes.<\/li>\n<li>Durante el desarrollo trabajamos con las formas de lamejor absorci\u00f3n, porejemplo, las formas org\u00e1nicas.<\/li>\n<li>Ofrecemos garant\u00eda decalidad de 100% en nuestros productos.<\/li>\n<li>Nuestros productos se someten a una prueba m\u00faltiple para asegurar la continuidad de la alta calidad.<\/li>\n<li>Los productos Calivita tienen certificaci\u00f3n cGMP.<\/li>\n<\/ul>\n","protected":false},"excerpt":{"rendered":"<p>Cantidad en inventario: 4 <\/p>\n","protected":false},"featured_media":9534,"comment_status":"closed","ping_status":"open","template":"","meta":[],"product_brand":[],"product_cat":[407],"product_tag":[],"class_list":{"0":"post-9267","1":"product","2":"type-product","3":"status-publish","4":"has-post-thumbnail","6":"product_cat-suplementos-naturales","8":"first","9":"instock","10":"product-type-external"},"_links":{"self":[{"href":"https:\/\/vitashop.info\/es\/wp-json\/wp\/v2\/product\/9267","targetHints":{"allow":["GET"]}}],"collection":[{"href":"https:\/\/vitashop.info\/es\/wp-json\/wp\/v2\/product"}],"about":[{"href":"https:\/\/vitashop.info\/es\/wp-json\/wp\/v2\/types\/product"}],"replies":[{"embeddable":true,"href":"https:\/\/vitashop.info\/es\/wp-json\/wp\/v2\/comments?post=9267"}],"wp:featuredmedia":[{"embeddable":true,"href":"https:\/\/vitashop.info\/es\/wp-json\/wp\/v2\/media\/9534"}],"wp:attachment":[{"href":"https:\/\/vitashop.info\/es\/wp-json\/wp\/v2\/media?parent=9267"}],"wp:term":[{"taxonomy":"product_brand","embeddable":true,"href":"https:\/\/vitashop.info\/es\/wp-json\/wp\/v2\/product_brand?post=9267"},{"taxonomy":"product_cat","embeddable":true,"href":"https:\/\/vitashop.info\/es\/wp-json\/wp\/v2\/product_cat?post=9267"},{"taxonomy":"product_tag","embeddable":true,"href":"https:\/\/vitashop.info\/es\/wp-json\/wp\/v2\/product_tag?post=9267"}],"curies":[{"name":"wp","href":"https:\/\/api.w.org\/{rel}","templated":true}]}}