{"id":9239,"date":"2026-04-20T22:45:09","date_gmt":"2026-04-20T22:45:09","guid":{"rendered":"https:\/\/vitashop.info\/es\/producto\/nopalin-200-tabletas-fibra-de-nopal-en-tabletas\/"},"modified":"2026-04-20T22:47:07","modified_gmt":"2026-04-20T22:47:07","slug":"nopalin-200-tabletas-fibra-de-nopal-en-tabletas","status":"publish","type":"product","link":"https:\/\/vitashop.info\/es\/producto\/nopalin-200-tabletas-fibra-de-nopal-en-tabletas\/","title":{"rendered":"Nopalin 200 tabletas &#8211; Fibra de Nopal en tabletas"},"content":{"rendered":"<p>Dosis: 3&#215;2 tabletas al d\u00eda durante comida<\/p>\n<p>&nbsp;<\/p>\n<p>Descripci\u00f3n:<\/p>\n<p>El Nopalin es producido de nopal,&nbsp; y siendo una&nbsp; fuerte rica de fibras, apoya la desintoxicaci&oacute;n, y tiene un efecto beneficioso sobre la actividad intestinal, mientras que suministra vitaminas (B1, B2, niacina) y minerales&nbsp; a nuestro cuerpo. El nopal puede inhibir la absorci&oacute;n de grasas y, al mismo tiempo, aumenta su decomposici&oacute;n y excreci&oacute;n.&nbsp; Su efecto diur&eacute;tico ayuda el funcionamiento de la vejiga y los ri&ntilde;ones.<\/p>\n<p>&nbsp;<\/p>\n<p>A qui\u00e9n recomendamos:<\/p>\n<ul>&#013;<\/p>\n<li>En una dieta adelgazante, por el efecto beneficioso de la sencasi&oacute;n de saciedad debido al consumo del producto,<\/li>\n<p>&#013;<\/p>\n<li>para aliviar el problema del estre&ntilde;imiento,<\/li>\n<p>&#013;<\/p>\n<li>para reducir los niveles elevados de colesterol y triglic&eacute;ridos,<\/li>\n<p>&#013;<\/p>\n<li>a los diab&eacute;ticos para aumentar el consumo de fibra,<\/li>\n<p>&#013;<\/p>\n<li>a las personas con problemas de celulitis.<\/li>\n<p>&#013;\n<\/ul>\n<p>&nbsp;<\/p>\n<p>Composici\u00f3n:<\/p>\n<p>Molienda de tallos desecados de Nopal 300 mg<\/p>\n<p><strong>\u00bfPor qu\u00e9 vale la pena elegir los productos Calivita?<\/strong><\/p>\n<ul>\n<li>La CaliVita ha ofrecido productos que conformen con los est\u00e1ndares de calidad m\u00e1s altos desde hace m\u00e1s de 30 a\u00f1os, con unatrayectoria profesionalexcepcional.<\/li>\n<li>Siempre nos esforzamos por utilizar ingredientesnaturalesde las mejores fuentes.<\/li>\n<li>Durante el desarrollo trabajamos con las formas de lamejor absorci\u00f3n, porejemplo, las formas org\u00e1nicas.<\/li>\n<li>Ofrecemos garant\u00eda decalidad de 100% en nuestros productos.<\/li>\n<li>Nuestros productos se someten a una prueba m\u00faltiple para asegurar la continuidad de la alta calidad.<\/li>\n<li>Los productos Calivita tienen certificaci\u00f3n cGMP.<\/li>\n<\/ul>\n","protected":false},"excerpt":{"rendered":"<p>Cantidad en inventario: 7 <\/p>\n","protected":false},"featured_media":9567,"comment_status":"closed","ping_status":"open","template":"","meta":[],"product_brand":[],"product_cat":[407],"product_tag":[],"class_list":{"0":"post-9239","1":"product","2":"type-product","3":"status-publish","4":"has-post-thumbnail","6":"product_cat-suplementos-naturales","8":"first","9":"instock","10":"product-type-external"},"_links":{"self":[{"href":"https:\/\/vitashop.info\/es\/wp-json\/wp\/v2\/product\/9239","targetHints":{"allow":["GET"]}}],"collection":[{"href":"https:\/\/vitashop.info\/es\/wp-json\/wp\/v2\/product"}],"about":[{"href":"https:\/\/vitashop.info\/es\/wp-json\/wp\/v2\/types\/product"}],"replies":[{"embeddable":true,"href":"https:\/\/vitashop.info\/es\/wp-json\/wp\/v2\/comments?post=9239"}],"wp:featuredmedia":[{"embeddable":true,"href":"https:\/\/vitashop.info\/es\/wp-json\/wp\/v2\/media\/9567"}],"wp:attachment":[{"href":"https:\/\/vitashop.info\/es\/wp-json\/wp\/v2\/media?parent=9239"}],"wp:term":[{"taxonomy":"product_brand","embeddable":true,"href":"https:\/\/vitashop.info\/es\/wp-json\/wp\/v2\/product_brand?post=9239"},{"taxonomy":"product_cat","embeddable":true,"href":"https:\/\/vitashop.info\/es\/wp-json\/wp\/v2\/product_cat?post=9239"},{"taxonomy":"product_tag","embeddable":true,"href":"https:\/\/vitashop.info\/es\/wp-json\/wp\/v2\/product_tag?post=9239"}],"curies":[{"name":"wp","href":"https:\/\/api.w.org\/{rel}","templated":true}]}}