{"id":9216,"date":"2026-04-13T22:45:11","date_gmt":"2026-04-13T22:45:11","guid":{"rendered":"https:\/\/vitashop.info\/es\/producto\/vein-protex-60-tabletas-proteccion-de-las-venas\/"},"modified":"2026-04-13T22:47:10","modified_gmt":"2026-04-13T22:47:10","slug":"vein-protex-60-tabletas-proteccion-de-las-venas","status":"publish","type":"product","link":"https:\/\/vitashop.info\/es\/producto\/vein-protex-60-tabletas-proteccion-de-las-venas\/","title":{"rendered":"Vein ProteX 60 tabletas &#8211; Protecci\u00f3n de las venas"},"content":{"rendered":"<p>Dosis: una tableta al d\u00eda<\/p>\n<p>&nbsp;<\/p>\n<p>Descripci\u00f3n:<\/p>\n<p>En proteger nuestros vasos sangu&iacute;neos, los antioxidantes desempe&ntilde;an un papel especialmente importante, ya que los efectos da&ntilde;osos de los radicales libres est&aacute;n en el fondo de la aterosclerosis y otras enfermedades vasculares. El Vein ProteX es un producto a base de antioxidantes, cuyos ingredientes activos fortalecen y protegen los vasos sangu&iacute;neos. Los compuestos extra&iacute;dos de las semillas de uva junto al complejo de hesperidina&nbsp; luchan contra los radicales libres. La vitamina C y MSM apoyan la salud de los tejidos que forman los vasos sangu&iacute;neos. En la medicina tradicional, el jengibre y la c&uacute;rcuma son conocidos especialmente por su efecto estimulador de la circulaci&oacute;n.<\/p>\n<p>&nbsp;<\/p>\n<p>A qui\u00e9n recomendamos:<\/p>\n<ul>&#013;<\/p>\n<li>A las personas&nbsp; cuyo trabajo consiste en estar a pie o sentado&nbsp; durante largo tiempo,<\/li>\n<p>&#013;<\/p>\n<li>para prevenir las enfermedades venosas, para mantener las estructuras venosas,<\/li>\n<p>&#013;<\/p>\n<li>a los que luchan contra el sobrepeso.<\/li>\n<p>&#013;\n<\/ul>\n<p>&nbsp;<\/p>\n<p>Composici\u00f3n:<\/p>\n<p>Vitamina C 250 mg<\/p>\n<p>Methyl-sulphonyl-methane (MSM) 150 mg<\/p>\n<p>Complejo de proantocianidin oligom\u00e9rico (de semilla de uvas) 100 mg<\/p>\n<p>Extracto de jengibre  (st. 40 % gingerol) 66.6 mg<\/p>\n<p>Extracto de Curcuma (std. 25% curcumins) 50 mg<\/p>\n<p>Complejo de hesperidina 15 mg<\/p>\n<p><strong>\u00bfPor qu\u00e9 vale la pena elegir los productos Calivita?<\/strong><\/p>\n<ul>\n<li>La CaliVita ha ofrecido productos que conformen con los est\u00e1ndares de calidad m\u00e1s altos desde hace m\u00e1s de 30 a\u00f1os, con unatrayectoria profesionalexcepcional.<\/li>\n<li>Siempre nos esforzamos por utilizar ingredientesnaturalesde las mejores fuentes.<\/li>\n<li>Durante el desarrollo trabajamos con las formas de lamejor absorci\u00f3n, porejemplo, las formas org\u00e1nicas.<\/li>\n<li>Ofrecemos garant\u00eda decalidad de 100% en nuestros productos.<\/li>\n<li>Nuestros productos se someten a una prueba m\u00faltiple para asegurar la continuidad de la alta calidad.<\/li>\n<li>Los productos Calivita tienen certificaci\u00f3n cGMP.<\/li>\n<\/ul>\n","protected":false},"excerpt":{"rendered":"<p>Cantidad en inventario: 4 <\/p>\n","protected":false},"featured_media":9687,"comment_status":"closed","ping_status":"open","template":"","meta":[],"product_brand":[],"product_cat":[407],"product_tag":[],"class_list":{"0":"post-9216","1":"product","2":"type-product","3":"status-publish","4":"has-post-thumbnail","6":"product_cat-suplementos-naturales","8":"first","9":"instock","10":"product-type-external"},"_links":{"self":[{"href":"https:\/\/vitashop.info\/es\/wp-json\/wp\/v2\/product\/9216","targetHints":{"allow":["GET"]}}],"collection":[{"href":"https:\/\/vitashop.info\/es\/wp-json\/wp\/v2\/product"}],"about":[{"href":"https:\/\/vitashop.info\/es\/wp-json\/wp\/v2\/types\/product"}],"replies":[{"embeddable":true,"href":"https:\/\/vitashop.info\/es\/wp-json\/wp\/v2\/comments?post=9216"}],"wp:featuredmedia":[{"embeddable":true,"href":"https:\/\/vitashop.info\/es\/wp-json\/wp\/v2\/media\/9687"}],"wp:attachment":[{"href":"https:\/\/vitashop.info\/es\/wp-json\/wp\/v2\/media?parent=9216"}],"wp:term":[{"taxonomy":"product_brand","embeddable":true,"href":"https:\/\/vitashop.info\/es\/wp-json\/wp\/v2\/product_brand?post=9216"},{"taxonomy":"product_cat","embeddable":true,"href":"https:\/\/vitashop.info\/es\/wp-json\/wp\/v2\/product_cat?post=9216"},{"taxonomy":"product_tag","embeddable":true,"href":"https:\/\/vitashop.info\/es\/wp-json\/wp\/v2\/product_tag?post=9216"}],"curies":[{"name":"wp","href":"https:\/\/api.w.org\/{rel}","templated":true}]}}