{"id":9214,"date":"2026-04-20T22:45:09","date_gmt":"2026-04-20T22:45:09","guid":{"rendered":"https:\/\/vitashop.info\/es\/producto\/oregano-oil-30-ml-aceite-de-oregano\/"},"modified":"2026-04-20T22:47:07","modified_gmt":"2026-04-20T22:47:07","slug":"oregano-oil-30-ml-aceite-de-oregano","status":"publish","type":"product","link":"https:\/\/vitashop.info\/es\/producto\/oregano-oil-30-ml-aceite-de-oregano\/","title":{"rendered":"Oregano Oil 30 ml &#8211; Aceite de Oregano"},"content":{"rendered":"<p>Dosis: internamente: 4 gotas (aproximadamente 0,17 ml), tres veces al d\u00eda, mezclados con una peque\u00f1a cantidad de agua.<\/p>\n<p>&nbsp;<\/p>\n<p>Descripci\u00f3n:<\/p>\n<p style=\"text-align: justify\">Los bioflavaonoides conocidos por su efecto antioxidante excelente, y varios aceites esenciales &uacute;tiles son entre los ingredientes activos del aceite de or&eacute;gano. Uno de ellos, el carvacrol, gracias a una fuerte actividad antimicrobiana, puede destruir las bacterias, los hongos, o inhibir su crecimiento.<\/p>\n<p>&nbsp;<\/p>\n<p>A qui\u00e9n recomendamos:<\/p>\n<ul>&#013;<\/p>\n<li>Para el resfr&iacute;o, para la inhalaci&oacute;n en casos de problemas leves de las v&iacute;as respiratorias superiores,<\/li>\n<p>&#013;<\/p>\n<li>para enjuagar en el caso de infecciones bucales,<\/li>\n<p>&#013;<\/p>\n<li>en caso de problemas digestivos internamente,<\/li>\n<p>&#013;<\/p>\n<li>para neutralizar los radicales libres da&ntilde;osos, subproductos de los procesos del metabolismo celular,<\/li>\n<p>&#013;<\/p>\n<li>para el tratamiento de acn&eacute;, picaduras de insectos, heridas, y para la prevenci&oacute;n de infecciones f&uacute;ngicas, externamente.<\/li>\n<p>&#013;\n<\/ul>\n<p>&#013;<\/p>\n<p><strong>Contenido de Oregano Oil\/12 gotas:<\/strong><br \/> Aceite de la hoja del or&eacute;gano&nbsp; &nbsp;&nbsp;&nbsp; &nbsp;39&nbsp;&nbsp; &nbsp;mg <br \/> (1.4 mg carvacrol)<\/p>\n<p>&nbsp;<\/p>\n<p>Composici\u00f3n:<\/p>\n<p>L\u00e9a la descripci\u00f3n del producto  billion<\/p>\n<p><strong>\u00bfPor qu\u00e9 vale la pena elegir los productos Calivita?<\/strong><\/p>\n<ul>\n<li>La CaliVita ha ofrecido productos que conformen con los est\u00e1ndares de calidad m\u00e1s altos desde hace m\u00e1s de 30 a\u00f1os, con unatrayectoria profesionalexcepcional.<\/li>\n<li>Siempre nos esforzamos por utilizar ingredientesnaturalesde las mejores fuentes.<\/li>\n<li>Durante el desarrollo trabajamos con las formas de lamejor absorci\u00f3n, porejemplo, las formas org\u00e1nicas.<\/li>\n<li>Ofrecemos garant\u00eda decalidad de 100% en nuestros productos.<\/li>\n<li>Nuestros productos se someten a una prueba m\u00faltiple para asegurar la continuidad de la alta calidad.<\/li>\n<li>Los productos Calivita tienen certificaci\u00f3n cGMP.<\/li>\n<\/ul>\n","protected":false},"excerpt":{"rendered":"<p>Cantidad en inventario: 5 <\/p>\n","protected":false},"featured_media":9569,"comment_status":"closed","ping_status":"open","template":"","meta":[],"product_brand":[],"product_cat":[407],"product_tag":[],"class_list":{"0":"post-9214","1":"product","2":"type-product","3":"status-publish","4":"has-post-thumbnail","6":"product_cat-suplementos-naturales","8":"first","9":"instock","10":"product-type-external"},"_links":{"self":[{"href":"https:\/\/vitashop.info\/es\/wp-json\/wp\/v2\/product\/9214","targetHints":{"allow":["GET"]}}],"collection":[{"href":"https:\/\/vitashop.info\/es\/wp-json\/wp\/v2\/product"}],"about":[{"href":"https:\/\/vitashop.info\/es\/wp-json\/wp\/v2\/types\/product"}],"replies":[{"embeddable":true,"href":"https:\/\/vitashop.info\/es\/wp-json\/wp\/v2\/comments?post=9214"}],"wp:featuredmedia":[{"embeddable":true,"href":"https:\/\/vitashop.info\/es\/wp-json\/wp\/v2\/media\/9569"}],"wp:attachment":[{"href":"https:\/\/vitashop.info\/es\/wp-json\/wp\/v2\/media?parent=9214"}],"wp:term":[{"taxonomy":"product_brand","embeddable":true,"href":"https:\/\/vitashop.info\/es\/wp-json\/wp\/v2\/product_brand?post=9214"},{"taxonomy":"product_cat","embeddable":true,"href":"https:\/\/vitashop.info\/es\/wp-json\/wp\/v2\/product_cat?post=9214"},{"taxonomy":"product_tag","embeddable":true,"href":"https:\/\/vitashop.info\/es\/wp-json\/wp\/v2\/product_tag?post=9214"}],"curies":[{"name":"wp","href":"https:\/\/api.w.org\/{rel}","templated":true}]}}