{"id":9167,"date":"2026-04-13T22:45:04","date_gmt":"2026-04-13T22:45:04","guid":{"rendered":"https:\/\/vitashop.info\/es\/producto\/arginine-plus-100-tabletas-aumento-del-rendimiento\/"},"modified":"2026-04-13T22:47:03","modified_gmt":"2026-04-13T22:47:03","slug":"arginine-plus-100-tabletas-aumento-del-rendimiento","status":"publish","type":"product","link":"https:\/\/vitashop.info\/es\/producto\/arginine-plus-100-tabletas-aumento-del-rendimiento\/","title":{"rendered":"Arginine Plus 100 tabletas &#8211; Aumento del rendimiento"},"content":{"rendered":"<p>Dosis: 1 tableta al d\u00eda<\/p>\n<p>&nbsp;<\/p>\n<p>Descripci\u00f3n:<\/p>\n<p style=\"text-align: justify\">La arginina es un amino&aacute;cido que desempe&ntilde;a un papel en el funcionamiento, el crecimiento y la regeneraci&oacute;n de los m&uacute;sculos, adem&aacute;s, puede facilitar el mantenimiento de una circulaci&oacute;n sangu&iacute;nea sana, as&iacute;, el funcionamiento saludable del sistema vascular, tambi&eacute;n. Es un estimulante de la hormona de crecimiento y de la insulina, y es el precursor del &oacute;xido n&iacute;trico, un vasodilatador esencial.<\/p>\n<p>&nbsp;<\/p>\n<p>A qui\u00e9n recomendamos:<\/p>\n<ul>&#013;<\/p>\n<li>A deportistas, culturistas, ya que puede facilitar el suministro de ox&iacute;geno y nutrientes, aumenta y regenera&nbsp; la masa muscular,<\/li>\n<p>&#013;<\/p>\n<li>para llevar a cabo el trabajo f&iacute;sico duro,<\/li>\n<p>&#013;<\/p>\n<li>ayuda&nbsp; la s&iacute;ntesis de prote&iacute;nas, la secreci&oacute;n de las hormonas de crecimiento y la insulina,<\/li>\n<p>&#013;<\/p>\n<li>debido su efecto vasodilatador, para proteger el sistema cardiovascular,<\/li>\n<p>&#013;<\/p>\n<li>para promover los procesos de desintoxicaci&oacute;n,<\/li>\n<p>&#013;<\/p>\n<li>puede ayudar a aumentar el rendimiento sexual.<\/li>\n<p>&#013;\n<\/ul>\n<p>&nbsp;<\/p>\n<p>Composici\u00f3n:<\/p>\n<p>L-Arginina 500 mg<\/p>\n<p>Acido Alfa-Ketoglutarico 50 mg<\/p>\n<p>Manganeso 600 mcg<\/p>\n<p><strong>\u00bfPor qu\u00e9 vale la pena elegir los productos Calivita?<\/strong><\/p>\n<ul>\n<li>La CaliVita ha ofrecido productos que conformen con los est\u00e1ndares de calidad m\u00e1s altos desde hace m\u00e1s de 30 a\u00f1os, con unatrayectoria profesionalexcepcional.<\/li>\n<li>Siempre nos esforzamos por utilizar ingredientesnaturalesde las mejores fuentes.<\/li>\n<li>Durante el desarrollo trabajamos con las formas de lamejor absorci\u00f3n, porejemplo, las formas org\u00e1nicas.<\/li>\n<li>Ofrecemos garant\u00eda decalidad de 100% en nuestros productos.<\/li>\n<li>Nuestros productos se someten a una prueba m\u00faltiple para asegurar la continuidad de la alta calidad.<\/li>\n<li>Los productos Calivita tienen certificaci\u00f3n cGMP.<\/li>\n<\/ul>\n","protected":false},"excerpt":{"rendered":"<p>Cantidad en inventario: 6 <\/p>\n","protected":false},"featured_media":9515,"comment_status":"closed","ping_status":"open","template":"","meta":[],"product_brand":[],"product_cat":[407],"product_tag":[],"class_list":{"0":"post-9167","1":"product","2":"type-product","3":"status-publish","4":"has-post-thumbnail","6":"product_cat-suplementos-naturales","8":"first","9":"instock","10":"product-type-external"},"_links":{"self":[{"href":"https:\/\/vitashop.info\/es\/wp-json\/wp\/v2\/product\/9167","targetHints":{"allow":["GET"]}}],"collection":[{"href":"https:\/\/vitashop.info\/es\/wp-json\/wp\/v2\/product"}],"about":[{"href":"https:\/\/vitashop.info\/es\/wp-json\/wp\/v2\/types\/product"}],"replies":[{"embeddable":true,"href":"https:\/\/vitashop.info\/es\/wp-json\/wp\/v2\/comments?post=9167"}],"wp:featuredmedia":[{"embeddable":true,"href":"https:\/\/vitashop.info\/es\/wp-json\/wp\/v2\/media\/9515"}],"wp:attachment":[{"href":"https:\/\/vitashop.info\/es\/wp-json\/wp\/v2\/media?parent=9167"}],"wp:term":[{"taxonomy":"product_brand","embeddable":true,"href":"https:\/\/vitashop.info\/es\/wp-json\/wp\/v2\/product_brand?post=9167"},{"taxonomy":"product_cat","embeddable":true,"href":"https:\/\/vitashop.info\/es\/wp-json\/wp\/v2\/product_cat?post=9167"},{"taxonomy":"product_tag","embeddable":true,"href":"https:\/\/vitashop.info\/es\/wp-json\/wp\/v2\/product_tag?post=9167"}],"curies":[{"name":"wp","href":"https:\/\/api.w.org\/{rel}","templated":true}]}}