{"id":9164,"date":"2026-04-13T22:45:11","date_gmt":"2026-04-13T22:45:11","guid":{"rendered":"https:\/\/vitashop.info\/es\/producto\/vital-ab-90-tabletas-multivitaminico-para-el-grupo-sanguineo-ab\/"},"modified":"2026-04-13T22:47:08","modified_gmt":"2026-04-13T22:47:08","slug":"vital-ab-90-tabletas-multivitaminico-para-el-grupo-sanguineo-ab","status":"publish","type":"product","link":"https:\/\/vitashop.info\/es\/producto\/vital-ab-90-tabletas-multivitaminico-para-el-grupo-sanguineo-ab\/","title":{"rendered":"Vital AB 90 tabletas &#8211; Multivitam\u00ednico para el grupo sangu\u00edneo AB"},"content":{"rendered":"<p>Dosis: 3&#215;1 tableta al d\u00eda despu\u00e9s de comida<\/p>\n<p>&nbsp;<\/p>\n<p>Descripci\u00f3n:<\/p>\n<p style=\"text-align: justify\">El &uacute;ltimo de los grupos sangu&iacute;neos se desarroll&oacute; de la mezcla de los grupos A y B. La dieta de estas personas puede ser formulada como una&nbsp; mezcla, aunque el consumo de vegetales tiene un efecto m&aacute;s favorable. El multivitam&iacute;nico Vital AB personalizada para este grupo contiene altas dosis de calcio y selenio. Las vitaminas y los minerales son complementados con hierbas, como el extracto de uva roja, las hojas de apio y el ajo.<\/p>\n<p>&nbsp;<\/p>\n<p>A qui\u00e9n recomendamos:<\/p>\n<ul>&#013;<\/p>\n<li>Para mantener los procesos fisiol&oacute;gicos cada d&iacute;a, para mantener la vitalidad,<\/li>\n<p>&#013;<\/p>\n<li>para apoyar el sistema inmunol&oacute;gico,<\/li>\n<p>&#013;<\/p>\n<li>para incrementar la resistencia en un per&iacute;odo de gripe o resfr&iacute;o,<\/li>\n<p>&#013;<\/p>\n<li>a las personas del grupo sangu&iacute;neo AB para complementar la dieta sangu&iacute;nea,<\/li>\n<p>&#013;<\/p>\n<li>para facilitar la recuperaci&oacute;n despu&eacute;s de una enfermedad.<\/li>\n<p>&#013;\n<\/ul>\n<p>&nbsp;<\/p>\n<p>Composici\u00f3n:<\/p>\n<p>Beta-caroteno 2000 I.U.<\/p>\n<p>Vitamina E 10 I.U.<\/p>\n<p>Vitamina C 60 mg<\/p>\n<p>Vitamina B1 1.4 mg<\/p>\n<p>Vitamina B2 1.6 mg<\/p>\n<p>Niacinamida 18 mg<\/p>\n<p>\u00c1cido pantot\u00e9nico 5 mg<\/p>\n<p>Vitamina B6 2 mg<\/p>\n<p>\u00c1cido f\u00f3lico 100 mcg<\/p>\n<p>Vitamina B12 1 mcg<\/p>\n<p>Choline 20 mg<\/p>\n<p>Inositol 20 mg<\/p>\n<p>Para-aminobenzoico 5 mg<\/p>\n<p>Betaina 40 mcg<\/p>\n<p>Rutina 4 mg<\/p>\n<p>Complejo bioflavonoide de c\u00edtricos 4 mg<\/p>\n<p>Hesperedine complejo 5 mg<\/p>\n<p>Quercetina 5 mg<\/p>\n<p>Yodo 50 mcg<\/p>\n<p>Calcio 226.6 mg<\/p>\n<p>Magnesio 80 mg<\/p>\n<p>Hierro 5 mg<\/p>\n<p>Cobre 0.5 mg<\/p>\n<p>Cromo 30 mcg<\/p>\n<p>Selenio 40 mcg<\/p>\n<p>Manganeso 1 mg<\/p>\n<p>Molibdeno 80 mcg<\/p>\n<p>Boro 50 mcg<\/p>\n<p>Silicio 1 mg<\/p>\n<p>L-glutati\u00f3n 5 mg<\/p>\n<p>L-cisteina 10 mg<\/p>\n<p>Bromelaina 25 mg<\/p>\n<p>Extracto de piel de uva roja (4: 1) 10 mg<\/p>\n<p>Extracto de t\u00e9 verde  (std. 50% polyphenols; 6:1)\u00a0 10 mg<\/p>\n<p>Hoja de apio 50 mg<\/p>\n<p>Br\u00f3culi 20 mg<\/p>\n<p>Ajo 50 mg<\/p>\n<p>Ar\u00e1ndano 20 mg<\/p>\n<p>Extracto de ra\u00edz de jengibre  (std. 5% gingerol ) 5 mg<\/p>\n<p><strong>\u00bfPor qu\u00e9 vale la pena elegir los productos Calivita?<\/strong><\/p>\n<ul>\n<li>La CaliVita ha ofrecido productos que conformen con los est\u00e1ndares de calidad m\u00e1s altos desde hace m\u00e1s de 30 a\u00f1os, con unatrayectoria profesionalexcepcional.<\/li>\n<li>Siempre nos esforzamos por utilizar ingredientesnaturalesde las mejores fuentes.<\/li>\n<li>Durante el desarrollo trabajamos con las formas de lamejor absorci\u00f3n, porejemplo, las formas org\u00e1nicas.<\/li>\n<li>Ofrecemos garant\u00eda decalidad de 100% en nuestros productos.<\/li>\n<li>Nuestros productos se someten a una prueba m\u00faltiple para asegurar la continuidad de la alta calidad.<\/li>\n<li>Los productos Calivita tienen certificaci\u00f3n cGMP.<\/li>\n<\/ul>\n","protected":false},"excerpt":{"rendered":"<p>Cantidad en inventario: 3 <\/p>\n","protected":false},"featured_media":9626,"comment_status":"closed","ping_status":"open","template":"","meta":[],"product_brand":[],"product_cat":[407],"product_tag":[],"class_list":{"0":"post-9164","1":"product","2":"type-product","3":"status-publish","4":"has-post-thumbnail","6":"product_cat-suplementos-naturales","8":"first","9":"instock","10":"product-type-external"},"_links":{"self":[{"href":"https:\/\/vitashop.info\/es\/wp-json\/wp\/v2\/product\/9164","targetHints":{"allow":["GET"]}}],"collection":[{"href":"https:\/\/vitashop.info\/es\/wp-json\/wp\/v2\/product"}],"about":[{"href":"https:\/\/vitashop.info\/es\/wp-json\/wp\/v2\/types\/product"}],"replies":[{"embeddable":true,"href":"https:\/\/vitashop.info\/es\/wp-json\/wp\/v2\/comments?post=9164"}],"wp:featuredmedia":[{"embeddable":true,"href":"https:\/\/vitashop.info\/es\/wp-json\/wp\/v2\/media\/9626"}],"wp:attachment":[{"href":"https:\/\/vitashop.info\/es\/wp-json\/wp\/v2\/media?parent=9164"}],"wp:term":[{"taxonomy":"product_brand","embeddable":true,"href":"https:\/\/vitashop.info\/es\/wp-json\/wp\/v2\/product_brand?post=9164"},{"taxonomy":"product_cat","embeddable":true,"href":"https:\/\/vitashop.info\/es\/wp-json\/wp\/v2\/product_cat?post=9164"},{"taxonomy":"product_tag","embeddable":true,"href":"https:\/\/vitashop.info\/es\/wp-json\/wp\/v2\/product_tag?post=9164"}],"curies":[{"name":"wp","href":"https:\/\/api.w.org\/{rel}","templated":true}]}}