{"id":8416,"date":"2026-04-13T22:45:11","date_gmt":"2026-04-13T22:45:11","guid":{"rendered":"https:\/\/vitashop.info\/es\/producto\/virago-90-tabletas-un-complejo-para-el-fortalecimiento-del-sistema-inmunologico\/"},"modified":"2026-04-13T22:47:08","modified_gmt":"2026-04-13T22:47:08","slug":"virago-90-tabletas-un-complejo-para-el-fortalecimiento-del-sistema-inmunologico","status":"publish","type":"product","link":"https:\/\/vitashop.info\/es\/producto\/virago-90-tabletas-un-complejo-para-el-fortalecimiento-del-sistema-inmunologico\/","title":{"rendered":"VirAgo 90 tabletas &#8211; Un complejo para el fortalecimiento del sistema inmunol\u00f3gico"},"content":{"rendered":"<p>Dosis: 3&#215;1 tableta al d\u00eda<\/p>\n<p>&nbsp;<\/p>\n<p>Descripci\u00f3n:<\/p>\n<p style=\"text-align: justify\">El VirAgo es un producto complejo, cada uno de sus componente apoya el funcionamiento saludable del sistema inmunol&oacute;gico. La oleurope&iacute;na hallada en el extracto de la hoja de olivo es un compuesto anti-microbiano, anti-inflamatorio y antioxidante, que es perfectamente complementada por la lisina, la que es un amino&aacute;cido inhibidor de la replicaci&oacute;n viral. La equin&aacute;cea es una planta medicinal muy conocida, y la gente ya ha luchado contra los agentes pat&oacute;genos con su ayuda desde hace mucho tiempo. La u&ntilde;a de gato, junto con el zinc, estimula el sistema inmunol&oacute;gico.<\/p>\n<p>&nbsp;<\/p>\n<p>A qui\u00e9n recomendamos:<\/p>\n<ul>&#013;<\/p>\n<li>A los que est&aacute;n repetidamente expuestos a&nbsp; situaciones cuando su sistema inmunol&oacute;gico necesita ayuda,<\/li>\n<p>&#013;<\/p>\n<li>a los que buscan una protecci&oacute;n inmunol&oacute;gica m&aacute;s compleja,<\/li>\n<p>&#013;<\/p>\n<li>para preparar el sistema inmunol&oacute;gico,&nbsp; una cura durante los meses de invierno.<\/li>\n<p>&#013;\n<\/ul>\n<p>&nbsp;<\/p>\n<p>Composici\u00f3n:<\/p>\n<p>Extracto verde oliva de la hoja (std. 15% oleuropein) 80 mg<\/p>\n<p>Lisina 80 mg<\/p>\n<p>Extracto de u\u00f1a de gato (est. oxindolalcaloides 4%) 60 mg<\/p>\n<p>Corteza de Pau&#8217;d Arco (4:1) (est. 3% de alcaloides) 30 mg<\/p>\n<p>Extracto de la ra\u00edz del echinacea  (std. 3.5% echinacosides) 25 mg<\/p>\n<p>Cinc 10 mg<\/p>\n<p><strong>\u00bfPor qu\u00e9 vale la pena elegir los productos Calivita?<\/strong><\/p>\n<ul>\n<li>La CaliVita ha ofrecido productos que conformen con los est\u00e1ndares de calidad m\u00e1s altos desde hace m\u00e1s de 30 a\u00f1os, con unatrayectoria profesionalexcepcional.<\/li>\n<li>Siempre nos esforzamos por utilizar ingredientesnaturalesde las mejores fuentes.<\/li>\n<li>Durante el desarrollo trabajamos con las formas de lamejor absorci\u00f3n, porejemplo, las formas org\u00e1nicas.<\/li>\n<li>Ofrecemos garant\u00eda decalidad de 100% en nuestros productos.<\/li>\n<li>Nuestros productos se someten a una prueba m\u00faltiple para asegurar la continuidad de la alta calidad.<\/li>\n<li>Los productos Calivita tienen certificaci\u00f3n cGMP.<\/li>\n<\/ul>\n","protected":false},"excerpt":{"rendered":"<p>Cantidad en inventario: 6 <\/p>\n","protected":false},"featured_media":9623,"comment_status":"closed","ping_status":"open","template":"","meta":[],"product_brand":[],"product_cat":[407],"product_tag":[],"class_list":{"0":"post-8416","1":"product","2":"type-product","3":"status-publish","4":"has-post-thumbnail","6":"product_cat-suplementos-naturales","8":"first","9":"instock","10":"product-type-external"},"_links":{"self":[{"href":"https:\/\/vitashop.info\/es\/wp-json\/wp\/v2\/product\/8416","targetHints":{"allow":["GET"]}}],"collection":[{"href":"https:\/\/vitashop.info\/es\/wp-json\/wp\/v2\/product"}],"about":[{"href":"https:\/\/vitashop.info\/es\/wp-json\/wp\/v2\/types\/product"}],"replies":[{"embeddable":true,"href":"https:\/\/vitashop.info\/es\/wp-json\/wp\/v2\/comments?post=8416"}],"wp:featuredmedia":[{"embeddable":true,"href":"https:\/\/vitashop.info\/es\/wp-json\/wp\/v2\/media\/9623"}],"wp:attachment":[{"href":"https:\/\/vitashop.info\/es\/wp-json\/wp\/v2\/media?parent=8416"}],"wp:term":[{"taxonomy":"product_brand","embeddable":true,"href":"https:\/\/vitashop.info\/es\/wp-json\/wp\/v2\/product_brand?post=8416"},{"taxonomy":"product_cat","embeddable":true,"href":"https:\/\/vitashop.info\/es\/wp-json\/wp\/v2\/product_cat?post=8416"},{"taxonomy":"product_tag","embeddable":true,"href":"https:\/\/vitashop.info\/es\/wp-json\/wp\/v2\/product_tag?post=8416"}],"curies":[{"name":"wp","href":"https:\/\/api.w.org\/{rel}","templated":true}]}}