{"id":8406,"date":"2026-04-13T22:45:11","date_gmt":"2026-04-13T22:45:11","guid":{"rendered":"https:\/\/vitashop.info\/es\/producto\/soya-lecithin-1236-mg-100-capsulas-de-gel-soya-lecitina\/"},"modified":"2026-04-13T22:47:08","modified_gmt":"2026-04-13T22:47:08","slug":"soya-lecithin-1236-mg-100-capsulas-de-gel-soya-lecitina","status":"publish","type":"product","link":"https:\/\/vitashop.info\/es\/producto\/soya-lecithin-1236-mg-100-capsulas-de-gel-soya-lecitina\/","title":{"rendered":"Soya Lecithin 1236 mg 100 c\u00e1psulas de gel &#8211; Soya lecitina"},"content":{"rendered":"<p>Dosis: 1-2 c\u00e1psulas de gel al d\u00eda<\/p>\n<p>&nbsp;<\/p>\n<p>Descripci\u00f3n:<\/p>\n<p>La lecitina de soya puede ayudar a mantener los niveles saludables de l&iacute;pidos en la sangre, la circulaci&oacute;n sangu&iacute;nea, tiene un efecto protector sobre el h&iacute;gado y promueve su funcionamiento. Se piensa que la lecitina tiene una importancia extraordinaria en el apoyo&nbsp; de la agilidad mental, la concentraci&oacute;n y los procesos de aprendizaje, en la lucha contra&nbsp; el deterioro cognitivo, pero es conocido como un agente lipol&iacute;tico, tambi&eacute;n. &iexcl;Elige la lecitina por su efecto triple!<\/p>\n<p>&#013;<\/p>\n<p>_______<\/p>\n<p>&#013;<\/p>\n<p>CaliVita&rsquo;sSoya Lecithin 1236 mg contains pure and natural soya lecithin from soy beans. Each softgel provides 420 mg of phosphatidylcholine.<\/p>\n<p>&#013;<\/p>\n<p>In other CaliVita operations known as: Triple Potency Lecithin<\/p>\n<p>&#013;<\/p>\n<p>KAG-nr. 4340-1220-5236<br \/>Produced for: CaliVita International B.V. Beursplein 37, 3001 DC Rotterdam, The Netherlands<\/p>\n<p>&nbsp;<\/p>\n<p>A qui\u00e9n recomendamos:<\/p>\n<ul>&#013;<\/p>\n<li>Para ayudar a reducir el nivel de colesterol,<\/li>\n<p>&#013;<\/p>\n<li>a las personas con problemas en las articulaciones,<\/li>\n<p>&#013;<\/p>\n<li>a personas mayores para preservar la agudeza mental,<\/li>\n<p>&#013;<\/p>\n<li>a los deportistas,&nbsp; y a los que hacen trabajo f&iacute;sico duro para ayudar&nbsp; las articulaciones y la circulaci&oacute;n.<\/li>\n<p>&#013;\n<\/ul>\n<p>&nbsp;<\/p>\n<p>Composici\u00f3n:<\/p>\n<p>Complejo de fosfatado de soya (Fosfatidil colina m\u00ednimum 420 mg) 1200 mg<\/p>\n<p><strong>\u00bfPor qu\u00e9 vale la pena elegir los productos Calivita?<\/strong><\/p>\n<ul>\n<li>La CaliVita ha ofrecido productos que conformen con los est\u00e1ndares de calidad m\u00e1s altos desde hace m\u00e1s de 30 a\u00f1os, con unatrayectoria profesionalexcepcional.<\/li>\n<li>Siempre nos esforzamos por utilizar ingredientesnaturalesde las mejores fuentes.<\/li>\n<li>Durante el desarrollo trabajamos con las formas de lamejor absorci\u00f3n, porejemplo, las formas org\u00e1nicas.<\/li>\n<li>Ofrecemos garant\u00eda decalidad de 100% en nuestros productos.<\/li>\n<li>Nuestros productos se someten a una prueba m\u00faltiple para asegurar la continuidad de la alta calidad.<\/li>\n<li>Los productos Calivita tienen certificaci\u00f3n cGMP.<\/li>\n<\/ul>\n","protected":false},"excerpt":{"rendered":"<p>Cantidad en inventario: 3 <\/p>\n","protected":false},"featured_media":9618,"comment_status":"closed","ping_status":"open","template":"","meta":[],"product_brand":[],"product_cat":[407],"product_tag":[],"class_list":{"0":"post-8406","1":"product","2":"type-product","3":"status-publish","4":"has-post-thumbnail","6":"product_cat-suplementos-naturales","8":"first","9":"instock","10":"product-type-external"},"_links":{"self":[{"href":"https:\/\/vitashop.info\/es\/wp-json\/wp\/v2\/product\/8406","targetHints":{"allow":["GET"]}}],"collection":[{"href":"https:\/\/vitashop.info\/es\/wp-json\/wp\/v2\/product"}],"about":[{"href":"https:\/\/vitashop.info\/es\/wp-json\/wp\/v2\/types\/product"}],"replies":[{"embeddable":true,"href":"https:\/\/vitashop.info\/es\/wp-json\/wp\/v2\/comments?post=8406"}],"wp:featuredmedia":[{"embeddable":true,"href":"https:\/\/vitashop.info\/es\/wp-json\/wp\/v2\/media\/9618"}],"wp:attachment":[{"href":"https:\/\/vitashop.info\/es\/wp-json\/wp\/v2\/media?parent=8406"}],"wp:term":[{"taxonomy":"product_brand","embeddable":true,"href":"https:\/\/vitashop.info\/es\/wp-json\/wp\/v2\/product_brand?post=8406"},{"taxonomy":"product_cat","embeddable":true,"href":"https:\/\/vitashop.info\/es\/wp-json\/wp\/v2\/product_cat?post=8406"},{"taxonomy":"product_tag","embeddable":true,"href":"https:\/\/vitashop.info\/es\/wp-json\/wp\/v2\/product_tag?post=8406"}],"curies":[{"name":"wp","href":"https:\/\/api.w.org\/{rel}","templated":true}]}}