{"id":8404,"date":"2026-04-13T22:45:11","date_gmt":"2026-04-13T22:45:11","guid":{"rendered":"https:\/\/vitashop.info\/es\/producto\/slim-formula-90-tabletas-formula-de-perdida-de-peso\/"},"modified":"2026-04-13T22:47:07","modified_gmt":"2026-04-13T22:47:07","slug":"slim-formula-90-tabletas-formula-de-perdida-de-peso","status":"publish","type":"product","link":"https:\/\/vitashop.info\/es\/producto\/slim-formula-90-tabletas-formula-de-perdida-de-peso\/","title":{"rendered":"Slim Formula 90 tabletas &#8211; F\u00f3rmula de p\u00e9rdida de peso"},"content":{"rendered":"<p>Dosis: 3&#215;1 tableta al d\u00eda<\/p>\n<p>&nbsp;<\/p>\n<p>Descripci\u00f3n:<\/p>\n<p style=\"text-align: justify\"><span style=\"font-family: Arial\">El Slim Formula es un producto complejo, que promueve la p&eacute;rdida de peso, y puede ayudar a incrementar el metabolismo y controlar la ingesta de energ&iacute;a. El t&eacute; verde y el jengibre&nbsp; estimulan suavemente el metabolismo y el pensamiento por su contenido antioxidante, reducen la fatiga, la que es a menudo acompa&ntilde;ante de la dieta. La L-carnitina puede ayudar a quemar grasa durante actividad f&iacute;sica, el cromo reduce los antojos de dulces, a la vez las fibras del nopal dan una sensaci&oacute;n de saciedad.<\/span><\/p>\n<p>&nbsp;<\/p>\n<p>A qui\u00e9n recomendamos:<\/p>\n<ul>&#013;<\/p>\n<li>Para complementar la dieta de p&eacute;rdida de peso,<\/li>\n<p>&#013;<\/p>\n<li>para cambiar el de estilo de vida, para facilitar el cambio.<\/li>\n<p>&#013;\n<\/ul>\n<p>&nbsp;<\/p>\n<p>Composici\u00f3n:<\/p>\n<p>T\u00e9 verde (std. 95% polyphenols) 50 mg<\/p>\n<p>Fibras del Nopal 100 mg<\/p>\n<p>L-Carnitine 40 mg<\/p>\n<p>Hinojo 40 mg<\/p>\n<p>Curcuma 25 mg<\/p>\n<p>Zingiber 50 mg<\/p>\n<p>Cromo 50 mcg<\/p>\n<p>Lecitina 25 mg<\/p>\n<p>Garcinia Cambogia (std. 50% HCA) 100 mg<\/p>\n<p><strong>\u00bfPor qu\u00e9 vale la pena elegir los productos Calivita?<\/strong><\/p>\n<ul>\n<li>La CaliVita ha ofrecido productos que conformen con los est\u00e1ndares de calidad m\u00e1s altos desde hace m\u00e1s de 30 a\u00f1os, con unatrayectoria profesionalexcepcional.<\/li>\n<li>Siempre nos esforzamos por utilizar ingredientesnaturalesde las mejores fuentes.<\/li>\n<li>Durante el desarrollo trabajamos con las formas de lamejor absorci\u00f3n, porejemplo, las formas org\u00e1nicas.<\/li>\n<li>Ofrecemos garant\u00eda decalidad de 100% en nuestros productos.<\/li>\n<li>Nuestros productos se someten a una prueba m\u00faltiple para asegurar la continuidad de la alta calidad.<\/li>\n<li>Los productos Calivita tienen certificaci\u00f3n cGMP.<\/li>\n<\/ul>\n","protected":false},"excerpt":{"rendered":"<p>Cantidad en inventario: 5 <\/p>\n","protected":false},"featured_media":9608,"comment_status":"closed","ping_status":"open","template":"","meta":[],"product_brand":[],"product_cat":[407],"product_tag":[],"class_list":{"0":"post-8404","1":"product","2":"type-product","3":"status-publish","4":"has-post-thumbnail","6":"product_cat-suplementos-naturales","8":"first","9":"instock","10":"product-type-external"},"_links":{"self":[{"href":"https:\/\/vitashop.info\/es\/wp-json\/wp\/v2\/product\/8404","targetHints":{"allow":["GET"]}}],"collection":[{"href":"https:\/\/vitashop.info\/es\/wp-json\/wp\/v2\/product"}],"about":[{"href":"https:\/\/vitashop.info\/es\/wp-json\/wp\/v2\/types\/product"}],"replies":[{"embeddable":true,"href":"https:\/\/vitashop.info\/es\/wp-json\/wp\/v2\/comments?post=8404"}],"wp:featuredmedia":[{"embeddable":true,"href":"https:\/\/vitashop.info\/es\/wp-json\/wp\/v2\/media\/9608"}],"wp:attachment":[{"href":"https:\/\/vitashop.info\/es\/wp-json\/wp\/v2\/media?parent=8404"}],"wp:term":[{"taxonomy":"product_brand","embeddable":true,"href":"https:\/\/vitashop.info\/es\/wp-json\/wp\/v2\/product_brand?post=8404"},{"taxonomy":"product_cat","embeddable":true,"href":"https:\/\/vitashop.info\/es\/wp-json\/wp\/v2\/product_cat?post=8404"},{"taxonomy":"product_tag","embeddable":true,"href":"https:\/\/vitashop.info\/es\/wp-json\/wp\/v2\/product_tag?post=8404"}],"curies":[{"name":"wp","href":"https:\/\/api.w.org\/{rel}","templated":true}]}}