{"id":8402,"date":"2026-04-13T22:45:11","date_gmt":"2026-04-13T22:45:11","guid":{"rendered":"https:\/\/vitashop.info\/es\/producto\/senior-formula-90-tabletas-multivitaminico-para-los-mayores-de-50-anos\/"},"modified":"2026-04-13T22:47:07","modified_gmt":"2026-04-13T22:47:07","slug":"senior-formula-90-tabletas-multivitaminico-para-los-mayores-de-50-anos","status":"publish","type":"product","link":"https:\/\/vitashop.info\/es\/producto\/senior-formula-90-tabletas-multivitaminico-para-los-mayores-de-50-anos\/","title":{"rendered":"Senior Formula 90 tabletas &#8211; Multivitam\u00ednico para los mayores de 50 a\u00f1os"},"content":{"rendered":"<p>Dosis: 3&#215;1 tableta al d\u00eda<\/p>\n<p>&nbsp;<\/p>\n<p>Descripci\u00f3n:<\/p>\n<p>El Senior Formula es un multivitam&iacute;nico especialmente compilada para los mayores de 50 a&ntilde;os. Es complementado con minerales, oligoelementos, antioxidantes, bioflavonoides, y&nbsp;&nbsp; extracciones de plantas como el ginkgo biloba, las semillas de uva y el corteza de pino. Proporcionamos una ayuda espec&iacute;fica por nuestro producto en apoyar el sistema inmunol&oacute;gico, y adem&aacute;s, en el mantenimiento de un rendimiento estable, y la preservaci&oacute;n de la frescura mental y f&iacute;sica.<\/p>\n<p>&nbsp;<\/p>\n<p>A qui\u00e9n recomendamos:<\/p>\n<ul>&#013;<\/p>\n<li style=\"text-align: justify\">Principalmente a los mayores de 50 a&ntilde;os de edad, para el funcionamiento saludable del cuerpo y de los procesos fisiol&oacute;gicos,<\/li>\n<p>&#013;<\/p>\n<li style=\"text-align: justify\">para aumentar la resistencia durante un tiempo m&aacute;s fr&iacute;o,<\/li>\n<p>&#013;<\/p>\n<li style=\"text-align: justify\">durante una mayor tensi&oacute;n mental y f&iacute;sica,<\/li>\n<p>&#013;<\/p>\n<li style=\"text-align: justify\">en caso de una mala dieta (bajo consumo de verduras y frutas, el r&eacute;gimen adelgazante, el vegetarianismo),<\/li>\n<p>&#013;<\/p>\n<li style=\"text-align: justify\">a los fumadores activos o pasivos, a los residentes de las ciudades contaminadas,<\/li>\n<p>&#013;<\/p>\n<li style=\"text-align: justify\">a las personas que consumen alcohol regularmente,<\/li>\n<p>&#013;<\/p>\n<li style=\"text-align: justify\">a los que est&aacute;n recuperando despu&eacute;s de una enfermedad, para mejorar la condici&oacute;n f&iacute;sica.<\/li>\n<p>&#013;\n<\/ul>\n<p>&nbsp;<\/p>\n<p>Composici\u00f3n:<\/p>\n<p>Ginkgo biloba hoja 10 mg<\/p>\n<p>Super\u00f3xido dismutasa 15 mcg<\/p>\n<p>Beta-caroteno 2950 I.U.<\/p>\n<p>Vitamina E 10 I.U.<\/p>\n<p>Vitamina C 60 mg<\/p>\n<p>Vitamina B1 1.2 mg<\/p>\n<p>Vitamina B2 1.5 mg<\/p>\n<p>Niacina 10 mg<\/p>\n<p>\u00c1cido pantot\u00e9nico 3 mg<\/p>\n<p>Vitamina B6 1.5 mg<\/p>\n<p>\u00c1cido f\u00f3lico 70 mcg<\/p>\n<p>Vitamina B12 1 mcg<\/p>\n<p>Choline 5 mg<\/p>\n<p>Inositol 5 mg<\/p>\n<p>Para-aminobenzoico 4 mg<\/p>\n<p>Biotina 50 mcg<\/p>\n<p>Fruta citr\u00edca bioflavonoide complejo 5 mg<\/p>\n<p>Hesperedine complejo 1 mg<\/p>\n<p>Hierro 3 mg<\/p>\n<p>Cobre 300 mcg<\/p>\n<p>Zinc 5 mg<\/p>\n<p>Manganeso 800 mcg<\/p>\n<p>Selenio 20 mcg<\/p>\n<p>Cromo 50 mcg<\/p>\n<p>Molibdeno 25 mcg<\/p>\n<p>Yodo 20 mcg<\/p>\n<p>L-glutati\u00f3n 1 mg<\/p>\n<p>Uva semilla extracto 1 mg<\/p>\n<p>Luteina 500 mcg<\/p>\n<p>Pino corteza extracto 1 mg<\/p>\n<p><strong>\u00bfPor qu\u00e9 vale la pena elegir los productos Calivita?<\/strong><\/p>\n<ul>\n<li>La CaliVita ha ofrecido productos que conformen con los est\u00e1ndares de calidad m\u00e1s altos desde hace m\u00e1s de 30 a\u00f1os, con unatrayectoria profesionalexcepcional.<\/li>\n<li>Siempre nos esforzamos por utilizar ingredientesnaturalesde las mejores fuentes.<\/li>\n<li>Durante el desarrollo trabajamos con las formas de lamejor absorci\u00f3n, porejemplo, las formas org\u00e1nicas.<\/li>\n<li>Ofrecemos garant\u00eda decalidad de 100% en nuestros productos.<\/li>\n<li>Nuestros productos se someten a una prueba m\u00faltiple para asegurar la continuidad de la alta calidad.<\/li>\n<li>Los productos Calivita tienen certificaci\u00f3n cGMP.<\/li>\n<\/ul>\n","protected":false},"excerpt":{"rendered":"<p>Cantidad en inventario: 7 <\/p>\n","protected":false},"featured_media":9606,"comment_status":"closed","ping_status":"open","template":"","meta":[],"product_brand":[],"product_cat":[407],"product_tag":[],"class_list":{"0":"post-8402","1":"product","2":"type-product","3":"status-publish","4":"has-post-thumbnail","6":"product_cat-suplementos-naturales","8":"first","9":"instock","10":"product-type-external"},"_links":{"self":[{"href":"https:\/\/vitashop.info\/es\/wp-json\/wp\/v2\/product\/8402","targetHints":{"allow":["GET"]}}],"collection":[{"href":"https:\/\/vitashop.info\/es\/wp-json\/wp\/v2\/product"}],"about":[{"href":"https:\/\/vitashop.info\/es\/wp-json\/wp\/v2\/types\/product"}],"replies":[{"embeddable":true,"href":"https:\/\/vitashop.info\/es\/wp-json\/wp\/v2\/comments?post=8402"}],"wp:featuredmedia":[{"embeddable":true,"href":"https:\/\/vitashop.info\/es\/wp-json\/wp\/v2\/media\/9606"}],"wp:attachment":[{"href":"https:\/\/vitashop.info\/es\/wp-json\/wp\/v2\/media?parent=8402"}],"wp:term":[{"taxonomy":"product_brand","embeddable":true,"href":"https:\/\/vitashop.info\/es\/wp-json\/wp\/v2\/product_brand?post=8402"},{"taxonomy":"product_cat","embeddable":true,"href":"https:\/\/vitashop.info\/es\/wp-json\/wp\/v2\/product_cat?post=8402"},{"taxonomy":"product_tag","embeddable":true,"href":"https:\/\/vitashop.info\/es\/wp-json\/wp\/v2\/product_tag?post=8402"}],"curies":[{"name":"wp","href":"https:\/\/api.w.org\/{rel}","templated":true}]}}