{"id":8401,"date":"2026-04-13T22:45:11","date_gmt":"2026-04-13T22:45:11","guid":{"rendered":"https:\/\/vitashop.info\/es\/producto\/selenium-60-tabletas-suplemento-de-selenio\/"},"modified":"2026-04-13T22:47:07","modified_gmt":"2026-04-13T22:47:07","slug":"selenium-60-tabletas-suplemento-de-selenio","status":"publish","type":"product","link":"https:\/\/vitashop.info\/es\/producto\/selenium-60-tabletas-suplemento-de-selenio\/","title":{"rendered":"Selenium 60 tabletas &#8211; Suplemento de selenio"},"content":{"rendered":"<p>Dosis: Una tableta al d\u00eda<\/p>\n<p>&nbsp;<\/p>\n<p>Descripci\u00f3n:<\/p>\n<p style=\"text-align: justify\"><span style=\"font-family: Arial\">El selenio tiene un efecto antioxidante poderoso, lo que ayuda a proteger las c&eacute;lulas y tejidos contra los efectos da&ntilde;osos causados \u200b\u200bpor los radicales libres, contribuye al funcionamiento normal del sistema inmunol&oacute;gico y de la gl&aacute;ndula tiroides. Tambi&eacute;n juega un papel en el mantenimiento de la salud del pelo y de las u&ntilde;as.<\/span><\/p>\n<p>&nbsp;<\/p>\n<p>A qui\u00e9n recomendamos:<\/p>\n<ul>&#013;<\/p>\n<li>A cualquiera persona que desea una poderosa protecci&oacute;n antioxidante,<\/li>\n<p>&#013;<\/p>\n<li>a los fumadores,<\/li>\n<p>&#013;<\/p>\n<li>a los que sufren de insuficiencia de tiroides,<\/li>\n<p>&#013;<\/p>\n<li>para mejorar la fertilidad en los hombres,<\/li>\n<p>&#013;<\/p>\n<li>para suplementar el tratamiento de colesterol alto,<\/li>\n<p>&#013;<\/p>\n<li>a los seguidores de una dieta vegana estricta, o dieta baja en prote&iacute;nas, ya que los alimentos de origen animal, que son fuentes de selenio de buena calidad, hacen falta de su nutrici&oacute;n,<\/li>\n<p>&#013;<\/p>\n<li>para complementar la terapia de los procesos inflamatorios en el cuerpo, particularmente para la artritis.<\/li>\n<p>&#013;\n<\/ul>\n<p>&nbsp;<\/p>\n<p>Composici\u00f3n:<\/p>\n<p>Selenio 50 mcg<\/p>\n<p><strong>\u00bfPor qu\u00e9 vale la pena elegir los productos Calivita?<\/strong><\/p>\n<ul>\n<li>La CaliVita ha ofrecido productos que conformen con los est\u00e1ndares de calidad m\u00e1s altos desde hace m\u00e1s de 30 a\u00f1os, con unatrayectoria profesionalexcepcional.<\/li>\n<li>Siempre nos esforzamos por utilizar ingredientesnaturalesde las mejores fuentes.<\/li>\n<li>Durante el desarrollo trabajamos con las formas de lamejor absorci\u00f3n, porejemplo, las formas org\u00e1nicas.<\/li>\n<li>Ofrecemos garant\u00eda decalidad de 100% en nuestros productos.<\/li>\n<li>Nuestros productos se someten a una prueba m\u00faltiple para asegurar la continuidad de la alta calidad.<\/li>\n<li>Los productos Calivita tienen certificaci\u00f3n cGMP.<\/li>\n<\/ul>\n","protected":false},"excerpt":{"rendered":"<p>Cantidad en inventario: 4 <\/p>\n","protected":false},"featured_media":9588,"comment_status":"closed","ping_status":"open","template":"","meta":[],"product_brand":[],"product_cat":[407],"product_tag":[],"class_list":{"0":"post-8401","1":"product","2":"type-product","3":"status-publish","4":"has-post-thumbnail","6":"product_cat-suplementos-naturales","8":"first","9":"instock","10":"product-type-external"},"_links":{"self":[{"href":"https:\/\/vitashop.info\/es\/wp-json\/wp\/v2\/product\/8401","targetHints":{"allow":["GET"]}}],"collection":[{"href":"https:\/\/vitashop.info\/es\/wp-json\/wp\/v2\/product"}],"about":[{"href":"https:\/\/vitashop.info\/es\/wp-json\/wp\/v2\/types\/product"}],"replies":[{"embeddable":true,"href":"https:\/\/vitashop.info\/es\/wp-json\/wp\/v2\/comments?post=8401"}],"wp:featuredmedia":[{"embeddable":true,"href":"https:\/\/vitashop.info\/es\/wp-json\/wp\/v2\/media\/9588"}],"wp:attachment":[{"href":"https:\/\/vitashop.info\/es\/wp-json\/wp\/v2\/media?parent=8401"}],"wp:term":[{"taxonomy":"product_brand","embeddable":true,"href":"https:\/\/vitashop.info\/es\/wp-json\/wp\/v2\/product_brand?post=8401"},{"taxonomy":"product_cat","embeddable":true,"href":"https:\/\/vitashop.info\/es\/wp-json\/wp\/v2\/product_cat?post=8401"},{"taxonomy":"product_tag","embeddable":true,"href":"https:\/\/vitashop.info\/es\/wp-json\/wp\/v2\/product_tag?post=8401"}],"curies":[{"name":"wp","href":"https:\/\/api.w.org\/{rel}","templated":true}]}}