{"id":8361,"date":"2026-04-20T22:45:09","date_gmt":"2026-04-20T22:45:09","guid":{"rendered":"https:\/\/vitashop.info\/es\/producto\/omega-3-concentrate-100-capsulas-de-gel-suave-concentrado-de-omega-3\/"},"modified":"2026-04-20T22:47:07","modified_gmt":"2026-04-20T22:47:07","slug":"omega-3-concentrate-100-capsulas-de-gel-suave-concentrado-de-omega-3","status":"publish","type":"product","link":"https:\/\/vitashop.info\/es\/producto\/omega-3-concentrate-100-capsulas-de-gel-suave-concentrado-de-omega-3\/","title":{"rendered":"Omega 3 concentrate 100 c\u00e1psulas de g\u00e9l suave &#8211; Concentrado de Omega-3"},"content":{"rendered":"<p>Dosis: 1-3 c\u00e1psulas de g\u00e9l suabe al d\u00eda<\/p>\n<p>&nbsp;<\/p>\n<p>Descripci\u00f3n:<\/p>\n<p>Un producto que contiene grasos omega-3 (EPA, DHA) obtenidos del aceite de pescado por&nbsp; destilaci&oacute;n molecular. Sus ingredientes activos contribuyen al mantenimiento de los niveles de l&iacute;pidos normales en la sangre y la presi&oacute;n arterial normal, protegen el sistema cardiovascular, reducen la inflamaci&oacute;n, apoyan el funcionamiento normal del sistema nervioso y el cerebro, apoyan la visi&oacute;n.<\/p>\n<p>&nbsp;<\/p>\n<p>A qui\u00e9n recomendamos:<\/p>\n<ul>&#013;<\/p>\n<li>A las personas que sufren de problemas cardiovasculares o tienen problemas con la presi&oacute;n sangu&iacute;nea, y a los que&nbsp; creen que mantener la salud y el funcionamiento normal de &eacute;stos es importante,<\/li>\n<p>&#013;<\/p>\n<li>a las mujeres embarazadas y a los ni&ntilde;os, para el desarrollo normal del sistema nervioso del ni&ntilde;o,<\/li>\n<p>&#013;<\/p>\n<li>a los que quieren apoyar&nbsp; su cuerpo en combatir las enfermedades inflamatorias (como la artritis)<\/li>\n<p>&#013;<\/p>\n<li>a los que siguen una dieta baja en grasas, o dieta adelgazante,<\/li>\n<p>&#013;<\/p>\n<li>a todos los que quieren preservar&nbsp; la salud del sistema nervioso y de la visi&oacute;n.<\/li>\n<p>&#013;\n<\/ul>\n<p>&nbsp;<\/p>\n<p>Composici\u00f3n:<\/p>\n<p>Aceite de pescado de alta concentraci\u00f3n 600 mg<\/p>\n<p>EPA (\u00e1cido eicosapentaenoico) 180 mg<\/p>\n<p>DHA (\u00e1cido docosahexaenoico) 120 mg<\/p>\n<p><strong>\u00bfPor qu\u00e9 vale la pena elegir los productos Calivita?<\/strong><\/p>\n<ul>\n<li>La CaliVita ha ofrecido productos que conformen con los est\u00e1ndares de calidad m\u00e1s altos desde hace m\u00e1s de 30 a\u00f1os, con unatrayectoria profesionalexcepcional.<\/li>\n<li>Siempre nos esforzamos por utilizar ingredientesnaturalesde las mejores fuentes.<\/li>\n<li>Durante el desarrollo trabajamos con las formas de lamejor absorci\u00f3n, porejemplo, las formas org\u00e1nicas.<\/li>\n<li>Ofrecemos garant\u00eda decalidad de 100% en nuestros productos.<\/li>\n<li>Nuestros productos se someten a una prueba m\u00faltiple para asegurar la continuidad de la alta calidad.<\/li>\n<li>Los productos Calivita tienen certificaci\u00f3n cGMP.<\/li>\n<\/ul>\n","protected":false},"excerpt":{"rendered":"<p>Cantidad en inventario: 7 <\/p>\n","protected":false},"featured_media":9568,"comment_status":"closed","ping_status":"open","template":"","meta":[],"product_brand":[],"product_cat":[407],"product_tag":[],"class_list":{"0":"post-8361","1":"product","2":"type-product","3":"status-publish","4":"has-post-thumbnail","6":"product_cat-suplementos-naturales","8":"first","9":"instock","10":"product-type-external"},"_links":{"self":[{"href":"https:\/\/vitashop.info\/es\/wp-json\/wp\/v2\/product\/8361","targetHints":{"allow":["GET"]}}],"collection":[{"href":"https:\/\/vitashop.info\/es\/wp-json\/wp\/v2\/product"}],"about":[{"href":"https:\/\/vitashop.info\/es\/wp-json\/wp\/v2\/types\/product"}],"replies":[{"embeddable":true,"href":"https:\/\/vitashop.info\/es\/wp-json\/wp\/v2\/comments?post=8361"}],"wp:featuredmedia":[{"embeddable":true,"href":"https:\/\/vitashop.info\/es\/wp-json\/wp\/v2\/media\/9568"}],"wp:attachment":[{"href":"https:\/\/vitashop.info\/es\/wp-json\/wp\/v2\/media?parent=8361"}],"wp:term":[{"taxonomy":"product_brand","embeddable":true,"href":"https:\/\/vitashop.info\/es\/wp-json\/wp\/v2\/product_brand?post=8361"},{"taxonomy":"product_cat","embeddable":true,"href":"https:\/\/vitashop.info\/es\/wp-json\/wp\/v2\/product_cat?post=8361"},{"taxonomy":"product_tag","embeddable":true,"href":"https:\/\/vitashop.info\/es\/wp-json\/wp\/v2\/product_tag?post=8361"}],"curies":[{"name":"wp","href":"https:\/\/api.w.org\/{rel}","templated":true}]}}